{"id":80,"date":"2016-07-29T07:57:36","date_gmt":"2016-07-29T07:57:36","guid":{"rendered":"http:\/\/evk-hornbach.de\/?page_id=80"},"modified":"2025-12-13T20:03:12","modified_gmt":"2025-12-13T19:03:12","slug":"kontakt","status":"publish","type":"page","link":"https:\/\/evk-hornbach.de\/?page_id=80","title":{"rendered":"Kontakt"},"content":{"rendered":"\n\n\n<hr class=\"wp-block-separator has-alpha-channel-opacity is-style-dots\"\/>\n\n\n\n<h3 class=\"wp-block-heading\" id=\"unsere-anschrift-fa69e4fe-b895-4886-a765-68376ddd5c65\"><strong>Unsere Anschrift:<\/strong><\/h3>\n\n\n\n<section class=\"wp-block-uagb-columns uagb-columns__wrap uagb-columns__background-none uagb-columns__stack-mobile uagb-columns__valign- uagb-columns__gap-10 align uagb-block-3c2db79b uagb-columns__columns-2 uagb-columns__max_width-theme\"><div class=\"uagb-columns__overlay\"><\/div><div class=\"uagb-columns__inner-wrap uagb-columns__columns-2\">\n<div class=\"wp-block-uagb-column uagb-column__wrap uagb-column__background-undefined uagb-block-f66054ab\"><div class=\"uagb-column__overlay\"><\/div>\n<p><strong>Prot. Pfarramt Hornbach<br>Im Klosterbezirk 9<br>66500 Hornbach<\/strong><\/p>\n\n\n\n<i id=\"fac_69d2643b17381\" class=\"fa fa-phone\"><\/i>\n<strong>\u00a006338 \/ 993 040<\/strong>\u00a0<i id=\"fac_69d2643b1c097\" class=\"fa fa-fax\"><\/i>\n<strong> 06338 \/ 993 041\u00a0<\/strong><\/p>\n<i id=\"fac_69d2643b1c84f\" class=\"fa fa-envelope-o\"><\/i>\n <a href=\"mailto:pfarramt@evk-hornbach.de\">Email ans Pfarramt<\/a><\/p>\n<p><strong>B\u00fcrozeiten<\/strong>:<br \/>Dienstag und Freitag von 9-12 Uhr.<\/p>\n<\/div>\n\n\n\n<div class=\"wp-block-uagb-column uagb-column__wrap uagb-column__background-undefined uagb-block-a099b4cf\"><div class=\"uagb-column__overlay\"><\/div>\n<figure class=\"wp-block-image size-full\"><img loading=\"lazy\" decoding=\"async\" width=\"160\" height=\"214\" src=\"https:\/\/evk-hornbach.de\/wp-content\/uploads\/2016\/07\/seel-dienst.jpg\" alt=\"\" class=\"wp-image-956\"\/><figcaption class=\"wp-element-caption\">Pfr. Daniel Seel<\/figcaption><\/figure>\n\n\n\n<figure class=\"wp-block-image size-full\"><img loading=\"lazy\" decoding=\"async\" width=\"153\" height=\"161\" src=\"https:\/\/evk-hornbach.de\/wp-content\/uploads\/2016\/07\/eplatz.jpg\" alt=\"\" class=\"wp-image-957\"\/><figcaption class=\"wp-element-caption\">Elisabeth Platz,\nGemeindeb\u00fcro<\/figcaption><\/figure>\n<\/div>\n<\/div><\/section>\n\n\n\n<p>Bei Anmerkungen, Fragen und Ideen zur Internetseite wenden Sie sich an<br><i id=\"fac_69d2643b1d02c\" class=\"fa fa-envelope-o\"><\/i>\n <a href=\"mailto:rehtnueg@zoho.com\">Christian\u00a0G\u00fcnther<\/a>\u00a0<a href=\"mailto:rehtnueg@googlemail.com\"><br><\/a>\u00a0oder<br><i id=\"fac_69d2643b1d741\" class=\"fa fa-envelope-o\"><\/i>\n <a href=\"mailto:patrick.gauter@evk-hornbach.de\">Patrick Gauter<\/a>.<\/p>\n","protected":false},"excerpt":{"rendered":"<p>Unsere Anschrift: Prot. Pfarramt HornbachIm Klosterbezirk 966500 Hornbach \u00a006338 \/ 993 040\u00a0 06338 \/ 993 041\u00a0 Email ans Pfarramt B\u00fcrozeiten:Dienstag und Freitag von 9-12 Uhr. Bei Anmerkungen, Fragen und Ideen zur Internetseite wenden Sie sich an Christian\u00a0G\u00fcnther\u00a0\u00a0oder Patrick Gauter.<\/p>\n","protected":false},"author":2,"featured_media":0,"parent":0,"menu_order":0,"comment_status":"closed","ping_status":"closed","template":"","meta":{"_uag_custom_page_level_css":"","advgb_blocks_editor_width":"","advgb_blocks_columns_visual_guide":"","episode_type":"","audio_file":"","podmotor_file_id":"","podmotor_episode_id":"","cover_image":"","cover_image_id":"","duration":"","filesize":"","filesize_raw":"","date_recorded":"","explicit":"","block":"","cybocfi_hide_featured_image":"","footnotes":""},"class_list":["post-80","page","type-page","status-publish","hentry","entry"],"uagb_featured_image_src":{"full":false,"thumbnail":false,"medium":false,"medium_large":false,"large":false,"ug_big":false,"1536x1536":false,"2048x2048":false,"post-thumbnail":false},"uagb_author_info":{"display_name":"Christian G\u00fcnther","author_link":"https:\/\/evk-hornbach.de\/?author=2"},"uagb_comment_info":0,"uagb_excerpt":"Unsere Anschrift: Prot. Pfarramt HornbachIm Klosterbezirk 966500 Hornbach \u00a006338 \/ 993 040\u00a0 06338 \/ 993 041\u00a0 Email ans Pfarramt B\u00fcrozeiten:Dienstag und Freitag von 9-12 Uhr. Bei Anmerkungen, Fragen und Ideen zur Internetseite wenden Sie sich an Christian\u00a0G\u00fcnther\u00a0\u00a0oder Patrick Gauter.","coauthors":[],"author_meta":{"author_link":"https:\/\/evk-hornbach.de\/?author=2","display_name":"Christian G\u00fcnther"},"relative_dates":{"created":"Posted 10\u00a0Jahren ago","modified":"Updated 4\u00a0Monaten ago"},"absolute_dates":{"created":"Posted on 29. Juli 2016","modified":"Updated on 13. Dezember 2025"},"absolute_dates_time":{"created":"Posted on 29. Juli 2016 7:57","modified":"Updated on 13. Dezember 2025 20:03"},"featured_img_caption":"","featured_img":false,"series_order":"","jetpack-related-posts":[{"id":737,"url":"https:\/\/evk-hornbach.de\/?page_id=737","url_meta":{"origin":80,"position":0},"title":"Predigt zum 3. Advent 2016 (Birgit Schery)","author":"Christian G\u00fcnther","date":"11. Dezember 2016","format":false,"excerpt":"Predigttext Lukas 3, 1 - 14 Die Bu\u00dfpredigt des Johannes \u201eIm f\u00fcnfzehnten Jahr der Herrschaft des Kaisers Tiberius, als Pontius Pilatus Statthalter in Jud\u00e4a war und Herodes Landesf\u00fcrst von Galil\u00e4a und sein Bruder Philippus Landesf\u00fcrst von Itur\u00e4a und der Landschaft Trachonitis und Lysanias Landesf\u00fcrst von Abilene, als Hannas und Kaiphas\u2026","rel":"","context":"\u00c4hnlicher Beitrag","block_context":{"text":"\u00c4hnlicher Beitrag","link":""},"img":{"alt_text":"","src":"https:\/\/i0.wp.com\/evk-hornbach.de\/wp-content\/uploads\/2016\/12\/monument-valley-1593318_640-1.jpg?resize=350%2C200&ssl=1","width":350,"height":200,"srcset":"https:\/\/i0.wp.com\/evk-hornbach.de\/wp-content\/uploads\/2016\/12\/monument-valley-1593318_640-1.jpg?resize=350%2C200&ssl=1 1x, https:\/\/i0.wp.com\/evk-hornbach.de\/wp-content\/uploads\/2016\/12\/monument-valley-1593318_640-1.jpg?resize=525%2C300&ssl=1 1.5x"},"classes":[]},{"id":50437,"url":"https:\/\/evk-hornbach.de\/","url_meta":{"origin":80,"position":1},"title":"\u00dcberblick","author":"Christian G\u00fcnther","date":"5. November 2024","format":false,"excerpt":"Gru\u00dfwort Herzlich willkommen auf unserer Homepage! Wir, die Prot. Kirchengemeinde Hornbachtal zusammen mit der Prot. Kirchengemeinde Rimschweiler, m\u00f6chten Sie einladen, an unserem reichen Gemeindeleben teilzuhaben. Und wir haben einiges zu bieten: von der Taufe \u00fcber Krabbelgruppe, KiTa und Grundschule, eine bl\u00fchende Jugendarbeit: erlebnisorientierte Konfirmand*innen-Arbeit, lebendige Jugendgruppen und die beliebte Jugendfreizeit\u2026","rel":"","context":"\u00c4hnlicher Beitrag","block_context":{"text":"\u00c4hnlicher Beitrag","link":""},"img":{"alt_text":"","src":"https:\/\/i0.wp.com\/evk-hornbach.de\/wp-content\/uploads\/2025\/01\/losungsandachten2025.png?resize=350%2C200&ssl=1","width":350,"height":200,"srcset":"https:\/\/i0.wp.com\/evk-hornbach.de\/wp-content\/uploads\/2025\/01\/losungsandachten2025.png?resize=350%2C200&ssl=1 1x, https:\/\/i0.wp.com\/evk-hornbach.de\/wp-content\/uploads\/2025\/01\/losungsandachten2025.png?resize=525%2C300&ssl=1 1.5x, https:\/\/i0.wp.com\/evk-hornbach.de\/wp-content\/uploads\/2025\/01\/losungsandachten2025.png?resize=700%2C400&ssl=1 2x"},"classes":[]},{"id":39502,"url":"https:\/\/evk-hornbach.de\/?page_id=39502","url_meta":{"origin":80,"position":2},"title":"Evangelische Kirche 2020 &#8211; Daten","author":"Christian G\u00fcnther","date":"31. Juli 2020","format":false,"excerpt":"Wer sich genauer informieren will, wie es (jenseits von Ger\u00fcchten, Fake-News und Schlagzeilen) mit der Evangelischen Kirche in Deutschland steht, findet unten einen reichhaltigen Fundus. Von der Entwicklung der Kirchenmitgliedschaften \u00fcber die einzelnen Gliedkirchen der EKD und ihre Mitarbeitenden bis hin zur Kirchensteuer finden sich hier Fakten, bis der Arzt\u2026","rel":"","context":"\u00c4hnlicher Beitrag","block_context":{"text":"\u00c4hnlicher Beitrag","link":""},"img":{"alt_text":"","src":"","width":0,"height":0},"classes":[]},{"id":85,"url":"https:\/\/evk-hornbach.de\/?page_id=85","url_meta":{"origin":80,"position":3},"title":"Impressum","author":"Christian G\u00fcnther","date":"29. Juli 2016","format":false,"excerpt":"Angaben gem\u00e4\u00df \u00a7 5 TMG und Abschnitt 2 DSGVO Daniel Seel Im Klosterbezirk 66500 Hornbach Kontakt: Telefon:\u00a006338 993040 E-Mail: pfarramt@evk-hornbach.de Verantwortlich f\u00fcr den Inhalt nach \u00a7 55 Abs. 2 RStV: Christian G\u00fcnther Eckstr. 19 66500 Mauschbach Datenschutzerkl\u00e4rung Haftungsausschluss DATENSCHUTZERKL\u00c4RUNG Wir freuen uns sehr \u00fcber Ihr Interesse an unserer Kirchengemeinde. Datenschutz\u2026","rel":"","context":"\u00c4hnlicher Beitrag","block_context":{"text":"\u00c4hnlicher Beitrag","link":""},"img":{"alt_text":"","src":"","width":0,"height":0},"classes":[]},{"id":267,"url":"https:\/\/evk-hornbach.de\/?page_id=267","url_meta":{"origin":80,"position":4},"title":"F\u00f6rderverein Feuer und Flamme","author":"Christian G\u00fcnther","date":"4. August 2016","format":false,"excerpt":"Wir sind Christen, denen die Jugendarbeit und Gemeindearbeit wichtig ist. Aus diesem Grunde haben wir \u201eFeuer und Flamme\u201c gegr\u00fcndet, einen Verein, der seinen Schwerpunkt in der Unterst\u00fctzung kirchlicher Jugendarbeit in den Kirchengemeinden Hornbach und Brenschelbach hat. Im Zusammenleben in Gruppen und Freizeiten wird soziales Verhalten einge\u00fcbt und wir vermitteln Werte.\u2026","rel":"","context":"\u00c4hnlicher Beitrag","block_context":{"text":"\u00c4hnlicher Beitrag","link":""},"img":{"alt_text":"","src":"https:\/\/i0.wp.com\/evk-hornbach.de\/wp-content\/uploads\/2016\/08\/Feuer-und-flamme-titel1.jpg?resize=350%2C200&ssl=1","width":350,"height":200,"srcset":"https:\/\/i0.wp.com\/evk-hornbach.de\/wp-content\/uploads\/2016\/08\/Feuer-und-flamme-titel1.jpg?resize=350%2C200&ssl=1 1x, https:\/\/i0.wp.com\/evk-hornbach.de\/wp-content\/uploads\/2016\/08\/Feuer-und-flamme-titel1.jpg?resize=525%2C300&ssl=1 1.5x, https:\/\/i0.wp.com\/evk-hornbach.de\/wp-content\/uploads\/2016\/08\/Feuer-und-flamme-titel1.jpg?resize=700%2C400&ssl=1 2x"},"classes":[]},{"id":164,"url":"https:\/\/evk-hornbach.de\/?page_id=164","url_meta":{"origin":80,"position":5},"title":"Wie man den ganzen Terminkalender f\u00fcr das eigene Smartphone zug\u00e4nglich macht","author":"Christian G\u00fcnther","date":"29. Juli 2016","format":false,"excerpt":"Viele Smartphone-Besitzer h\u00e4tten gerne alles an einem Platz - zB die Termine der Kirchengemeinde in der Kalender-App des eigenen Smartphones oder Tablets. Hierzu muss man am Kalender ganz unten rechts auf die Schaltfl\u00e4che \"Abonnieren\" klicken. Es \u00f6ffnet sich eine Liste mit unterschiedlichen Importierm\u00f6glichkeiten: Wer seine Termine in einen (Windows-)Outlook-Kalender importieren\u2026","rel":"","context":"\u00c4hnlicher Beitrag","block_context":{"text":"\u00c4hnlicher Beitrag","link":""},"img":{"alt_text":"","src":"https:\/\/i0.wp.com\/evk-hornbach.de\/wp-content\/uploads\/2016\/07\/Ktutorial051.jpg?resize=350%2C200&ssl=1","width":350,"height":200,"srcset":"https:\/\/i0.wp.com\/evk-hornbach.de\/wp-content\/uploads\/2016\/07\/Ktutorial051.jpg?resize=350%2C200&ssl=1 1x, https:\/\/i0.wp.com\/evk-hornbach.de\/wp-content\/uploads\/2016\/07\/Ktutorial051.jpg?resize=525%2C300&ssl=1 1.5x, https:\/\/i0.wp.com\/evk-hornbach.de\/wp-content\/uploads\/2016\/07\/Ktutorial051.jpg?resize=700%2C400&ssl=1 2x"},"classes":[]}],"jetpack_sharing_enabled":true,"publishpress_future_action":{"enabled":false,"date":"2026-04-12 15:31:39","action":"change-status","newStatus":"draft","terms":[],"taxonomy":"","extraData":[]},"publishpress_future_workflow_manual_trigger":{"enabledWorkflows":[]},"_links":{"self":[{"href":"https:\/\/evk-hornbach.de\/index.php?rest_route=\/wp\/v2\/pages\/80","targetHints":{"allow":["GET"]}}],"collection":[{"href":"https:\/\/evk-hornbach.de\/index.php?rest_route=\/wp\/v2\/pages"}],"about":[{"href":"https:\/\/evk-hornbach.de\/index.php?rest_route=\/wp\/v2\/types\/page"}],"author":[{"embeddable":true,"href":"https:\/\/evk-hornbach.de\/index.php?rest_route=\/wp\/v2\/users\/2"}],"replies":[{"embeddable":true,"href":"https:\/\/evk-hornbach.de\/index.php?rest_route=%2Fwp%2Fv2%2Fcomments&post=80"}],"version-history":[{"count":75,"href":"https:\/\/evk-hornbach.de\/index.php?rest_route=\/wp\/v2\/pages\/80\/revisions"}],"predecessor-version":[{"id":54056,"href":"https:\/\/evk-hornbach.de\/index.php?rest_route=\/wp\/v2\/pages\/80\/revisions\/54056"}],"wp:attachment":[{"href":"https:\/\/evk-hornbach.de\/index.php?rest_route=%2Fwp%2Fv2%2Fmedia&parent=80"}],"curies":[{"name":"wp","href":"https:\/\/api.w.org\/{rel}","templated":true}]}}