{"id":737,"date":"2016-12-11T15:44:02","date_gmt":"2016-12-11T14:44:02","guid":{"rendered":"http:\/\/evk-hornbach.de\/?page_id=737"},"modified":"2016-12-11T19:56:51","modified_gmt":"2016-12-11T18:56:51","slug":"predigt-zum-3-advent-2016-birgit-schery","status":"publish","type":"page","link":"https:\/\/evk-hornbach.de\/?page_id=737","title":{"rendered":"Predigt zum 3. Advent 2016 (Birgit Schery)"},"content":{"rendered":"<p>Predigttext Lukas 3, 1 &#8211; 14<br \/>\nDie Bu\u00dfpredigt des Johannes<\/p>\n<p><em>\u201eIm f\u00fcnfzehnten Jahr der Herrschaft des Kaisers Tiberius, als Pontius Pilatus Statthalter in Jud\u00e4a war und Herodes Landesf\u00fcrst von Galil\u00e4a und sein Bruder Philippus Landesf\u00fcrst von Itur\u00e4a und der Landschaft Trachonitis und Lysanias Landesf\u00fcrst von Abilene, als Hannas und Kaiphas Hohepriester waren, da geschah das Wort Gottes zu Johannes, dem Sohn des Zacharias, in der W\u00fcste. Und er kam in die ganze Gegend um den Jordan und predigte die Taufe der Bu\u00dfe zur Vergebung der S\u00fcnden, wie geschrieben steht im Buch der Reden des Propheten Jesaja (Jesaja 40,3-5): \u00bbEs ist eine Stimme eines Predigers in der W\u00fcste: Bereitet den Weg des Herrn und macht seine Steige eben! Alle T\u00e4ler sollen erh\u00f6ht werden, und alle Berge und H\u00fcgel sollen erniedrigt werden; und was krumm ist, soll gerade werden, und was uneben ist, soll ebener Weg werden. Und alle Menschen werden den Heiland Gottes sehen.\u00ab<\/em><br \/>\n<em>Da sprach Johannes zu der Menge, die hinausging, um sich von ihm taufen zu lassen: Ihr Schlangenbrut, wer hat denn euch gewiss gemacht, dass ihr dem k\u00fcnftigen Zorn entrinnen werdet? Seht zu, bringt rechtschaffene Fr\u00fcchte der Bu\u00dfe; und nehmt euch nicht vor zu sagen: Wir haben Abraham zum Vater. Denn ich sage euch: Gott kann dem Abraham aus diesen Steinen Kinder erwecken. Es ist schon die Axt den B\u00e4umen an die Wurzel gelegt; jeder Baum, der nicht gute Frucht bringt, wird abgehauen und ins Feuer geworfen.<\/em><br \/>\n<em>Und die Menge fragte ihn und sprach: Was sollen wir denn tun? <\/em><br \/>\n<em>Er antwortete und sprach zu ihnen: Wer zwei Hemden hat, der gebe dem, der keines hat; und wer zu essen hat, tue ebenso. <\/em><br \/>\n<em>Es kamen auch die Z\u00f6llner, um sich taufen zu lassen, und sprachen zu ihm: Meister, was sollen denn wir tun? <\/em><br \/>\n<em>Er sprach zu ihnen: Fordert nicht mehr, als euch vorgeschrieben ist! <\/em><br \/>\n<em>Da fragten ihn auch die Soldaten und sprachen: Was sollen denn wir tun? Und er sprach zu ihnen: Tut niemandem Gewalt oder Unrecht und lasst euch gen\u00fcgen an eurem Sold!\u201c<\/em><\/p>\n<p>Die andere Seite des Advents- oder was hat die W\u00fcste mit dem Advent gemeinsam<\/p>\n<p>Liebe Gemeinde<\/p>\n<p>Der dritte Advent ist traditionell Johannes dem T\u00e4ufer gewidmet. Er ist mit Jesus verwandt. Sie waren gleich alt. Elisabeth und Maria \u2013 ihre M\u00fctter. Sie waren gleichzeitig schwanger. Lukas erz\u00e4hlt im ersten Kapitel \u00fcber die Begegnung der Beiden w\u00e4hrend ihrer Schwangerschaft.<br \/>\n\u00dcber seine Kindheit und Jugend wird uns nichts berichtet. Der Bericht \u00fcber sein Wirken beginnt mit seinen Predigten in der W\u00fcste.<br \/>\nWir h\u00f6ren den Predigttext.<br \/>\nJohannes &#8211; ein merkw\u00fcrdiger Zeitgenosse! Ein Aussteiger, der von sich reden macht.<br \/>\nEr predigt in der W\u00fcste! Der katholische Theologe Eugen Drewermann spricht in seinem Buch \u201eder offene Himmel\u201c von ihr als einer \u201eZone des Schweigens\u201c. Er sagt: \u201eTats\u00e4chlich ist sie das Terrain der Wahrheit. Unerbittlich, ist sie ein Lebensraum fast der Lebensfeindlichkeit. In ihr \u00fcberlebt nur, wer ihr seelisch gewachsen ist: in ihrer grenzenlosen Einsamkeit, in dem krassen Wechselspiel ihrer Gegens\u00e4tze, der k\u00e4lteklirrenden N\u00e4chte und der hitzeflirrenden Tage, der extremen Kontraste, der starrenden Zonen des Todes, des Treibsands, der Verg\u00e4nglichkeit und dann der wenigen Oasenstellen explodierenden Lebens. An jeder Stelle zwingt die W\u00fcste zur Entscheidung. Nichts \u00dcberfl\u00fcssiges duldet sie, keinerlei Luxus erlaubt sie, alles Nebens\u00e4chliche macht sie zum Ballast und mergelt sie aus unter dem st\u00e4ndigen Druck des reibenden Windes&#8230; Nur noch die wesentlichen Fragen sind in diesen Zonen des Schweigens erlaubt, und eine einzige Erfahrung begleitet die Menschen der W\u00fcste die Tage und N\u00e4chte \u00fcber: dass die Menschen winzig sind und verg\u00e4nglich, die Welt grenzenlos und weit, aber dar\u00fcber himmelhoch die ewige Kuppel der Majest\u00e4t Gottes&#8230;\u201c<br \/>\nAusgerechnet dorthin treibt es die Menschen. Was hat sie angetrieben? Beginnt nun eine neue Zeit?<br \/>\nSie kommen in Scharen. Z\u00f6llner und Soldaten sind auch dabei. Sie wollen sich von ihm taufen lassen. Sie sind voller Hoffnung. Die Prophezeiung von Jesaja hat sich erf\u00fcllt hei\u00dft es. ER kommt. Derjenige, der krummes gerade macht. Sprich: die S\u00fcnden verzeiht. Die Menschen aus ihrem Elend erl\u00f6st. Endlich !<br \/>\nDer Weg ist beschwerlich \u2013 es ist hei\u00df. Die Sonne brennt. Vorkehrungen waren erforderlich. Wer kein Wasser bei sich hat, ist verloren. Die Hoffnung auf ein besseres Leben treibt die Menschen an. Sie sind neugierig.<br \/>\nEndlich sind sie am Ziel. Sie treffen in der W\u00fcste aufeinander: Johannes und das Volk.<br \/>\nSie erkennen ihn sofort. \u00c4u\u00dferlich hebt er sich deutlich ab von den Menschen seiner Zeit. Die Kleidung \u2013 zerlumpt , der Mensch an sich \u2013 ungepflegt.<br \/>\nUnd dann das: Statt Taufe: Moralpredigt. Er beschimpft und beleidigt sie. ER nimmt kein Blatt vor den Mund. Schonungslos kritisiert er seine Zuh\u00f6rer.<br \/>\nWas mag in den Menschen in diesem Moment vorgegangen sein?<br \/>\nWaren sie ver\u00e4rgert? Entt\u00e4uscht? Zornig? Aus der Bahn geworfen? War ihre Welt aus den Angeln gehoben? Hatten sie Existenz\u00e4ngste?<\/p>\n<p>Sie fragen. Was sollen wir denn tun?<\/p>\n<p>Die Antwort lautet: Teilt mit denen, die nichts haben. Gebt ihnen Nahrung und Kleidung!<br \/>\nZu den Z\u00f6llnern: nehmt nicht mehr als verlangt.<br \/>\nZu den Soldaten: Tut niemandem Unrecht und Gewalt. Seid mit eurem Gehalt zufrieden.<\/p>\n<p>Eine einfache Frage. Eine anscheinend einfache Antwort: \u00c4ndert euch! Zeigt durch Eure Taten, dass ihr es ernst mit der Umkehr meint!<\/p>\n<p>1. Johannes \u2013 die Taufe und der Advent<br \/>\nWas hat unser Predigttext mit dem Advent zu tun?<br \/>\nDer erste Abschnitt passt ins Schema:<br \/>\nAlles wird gut! Gott macht krummes gerade. Das Leid hat ein Ende. Die Rettung ist nahe. Die Taufe durch Johannes ist das \u00e4u\u00dferliche Zeichen daf\u00fcr, dass die S\u00fcnden vergeben sind. Der Grund: Gott liebt seine Gesch\u00f6pfe und will sie heilen. Alle sollen den Retter, den Heiland sehen. Bereitet euch darauf vor.<br \/>\nGenau das wollen sie \u2013 diejenigen, die den Weg in die W\u00fcste geschafft haben. Neu anfangen. Den Neuanfang \u00e4u\u00dferlich durch die Taufe fest machen.<\/p>\n<p>Johannes macht klar: Meine Taufe gibt es nicht umsonst. Es reicht nicht, die \u00e4u\u00dfere Handlung zuzulassen.<br \/>\nEs geht um eine innere Neuorientierung. Die Herausforderung, das eigene Handeln neu zu \u00fcberdenken.<br \/>\nMartin Luther hat zu diesem Thema folgendes gesagt: Ich krieche t\u00e4glich in meine Taufe.<\/p>\n<p>An anderer Stelle, im Matth\u00e4usevangelium macht Johannes deutlich: Ich taufe mit Wasser zur Bu\u00dfe; der aber nach mir kommt, ist st\u00e4rker als ich, und ich bin nicht wert, ihm die Schuhe zu tragen; der wird euch mit dem Heiligen Geist und mit Feuer taufen (Mt3,11).<\/p>\n<p>Johannes ist nicht der Heiland \u2013 er ist der Wegbereiter. Er bereitet seine Zeitgenossen vor auf die Ankunft des Retters. Er stimmt sie ein. Sie sind voller Erwartung und Vorfreude. Sie sind auf dem Weg, ihm zu begegnen. Es kann nicht mehr lange dauern.<br \/>\nUnd damit sind wir im Advent angekommen. Wir warten auf die Ankunft des Herrn.<\/p>\n<p>2. Was sollen wir tun?<\/p>\n<p>Wie k\u00f6nnen wir uns innerlich auf diesen Heiland einstellen?<br \/>\nJohannes sagt: Wenn du zwei Hemden hast, gib dem eins, der keines hat. Gib dem etwas zu essen, der hungrig ist.<br \/>\n\u00dcbertragen: Zeigt durch eure Taten, dass ihr es ernst meint mit der Umkehr!<br \/>\nSeid solidarisch mit denen, denen es nicht gut geht. \u00dcberlegt euch, ob ihr den \u00dcberfluss wirklich braucht!<br \/>\nWorauf k\u00f6nnt ihr verzichten? Was k\u00f6nnt ihr abgeben?<br \/>\nDieser Satz hat eine geistliche Dimension: \u00dcberdenkt euer Leben und eure Haltung zu euren Mitmenschen in alle Richtungen! Lebt glaubw\u00fcrdig! Macht Schluss mit der Gleichg\u00fcltigkeit und Bequemlichkeit! K\u00fcmmert euch um die, denen es nicht gutgeht.<br \/>\nDadurch werdet ihr sensibel, aufmerksam und nachdenklich. Ihr werdet gleichzeitig verwundbar. Es gibt n\u00e4mlich keine Sicherheit mehr wenn ihr mit dieser Haltung mit eurem Verstand und Gef\u00fchl unterwegs seid. Unterwegs auf der Suche nach den Spuren Gottes in eurem Leben!<\/p>\n<p>Johannes wendet sich in unserem Text ausdr\u00fccklich an die Soldaten und Z\u00f6llner.<br \/>\nNicht ohne Grund.<br \/>\nDiese Berufsgruppen waren zu seiner Zeit verhasst. Keiner wollte etwas mit ihnen zu tun haben. Es widersprach den guten Sitten, einen solchen Beruf zu ergreifen. Sie standen f\u00fcr die Unterdr\u00fcckung durch die R\u00f6mer und deren Gewaltherrschaft.<br \/>\nJohannes macht damit folgendes deutlich:<\/p>\n<p>Die Soldaten und die Z\u00f6llner \u2013 sie sind Gott wichtig. Ihre Berufe ist wichtig, sie haben einen Platz in der Gesellschaft. Leute, schaut nicht auf sie herab. Respektiert sie. Begegnet ihnen auf Augenh\u00f6he! Sie haben auch ein Recht auf das Heil.<\/p>\n<p>Den Z\u00f6llnern sagt er, sie sollen nicht mehr verlangen als das, was in der Geb\u00fchrenordnung steht.<br \/>\n\u00dcbertragen: \u00dcbervorteilt niemanden. Geld ist nicht alles.<br \/>\nZu den Soldaten sagt er: Tut niemandem Gewalt und Unrecht. Seid zufrieden mit eurem Gehalt.<\/p>\n<p>\u00dcbertragen: \u00dcbt euren Beruf aus. Sorgt f\u00fcr Sicherheit. Aber: ihr habt Verantwortung f\u00fcr die Menschen, f\u00fcr deren Sicherheit ihr verantwortlich seid. Unterdr\u00fcckt sie nicht mit Gewalt. Geht gerecht mit ihnen um. Zwingt sie nicht. Missbraucht eure Macht nicht.<\/p>\n<p>Zusammengefasst: Besinnt euch auf das worauf es im Leben ankommt! Lebt glaubw\u00fcrdig! Geht ehrlich und sorgsam miteinander um! Respektiert einander!<\/p>\n<p>Damit sind wir im Advent angekommen \u2013 Advent \u2013 eine Zeit der Besinnung und innerlichen Einkehr.<\/p>\n<p>3. Fazit<\/p>\n<p>Johannes predigt in der W\u00fcste. Dort, wo die Menschen an ihre eigenen Grenzen gekommen sind. Er macht durch seine Bu\u00dfpredigt deutlich: Bei Gott gibt es keine billige Gnade. Zeigt durch Eure Taten, dass ihr es ernst meint.<br \/>\nMartin Buber hat einmal folgendes gesagt:<br \/>\n\u201eDie gro\u00dfe Schuld des Menschen sind nicht die S\u00fcnden, die er begeht-die Versuchung ist m\u00e4chtig und seine Kraft gering.<br \/>\nDie gro\u00dfe Schuld des Menschen ist, dass er in jedem Augenblick die Umkehr tun kann und nicht tut\u201c<\/p>\n<p>Lassen wir uns darauf ein? Lassen wir uns einladen, nicht nur zu h\u00f6ren, sondern das Geh\u00f6rte zu leben? Das w\u00e4re eine notwendige und sch\u00f6ne Einstimmung auf ein ernstgenommenes Weihnachten mit seiner Botschaft.<br \/>\nHeute ist der erste Tag vom Rest deines Lebens<\/p>\n<p>Amen<\/p>\n<p>&nbsp;<\/p>\n<p><strong><span style=\"color: #008000;\">F\u00fcr Mobilger\u00e4te:<br \/>\n<\/span><\/strong><!-- WhatsApp Share Button for WordPress: http:\/\/peadig.com\/wordpress-plugins\/whatsapp-share-button\/ --><div class=\"wabtn_container\"><a href=\"whatsapp:\/\/send?text=Predigt zum 3. Advent 2016 (Birgit Schery) - https:\/\/evk-hornbach.de\/?page_id=737?utm_source=WhatsApp%26utm_medium=IM%26amp;utm_campaign=share%20button\" class=\"wabtn\">Share this on WhatsApp<\/a><\/div><strong><span style=\"color: #008000;\"><br \/>\n<\/span><\/strong><\/p>\n","protected":false},"excerpt":{"rendered":"<p>Predigttext Lukas 3, 1 &#8211; 14 Die Bu\u00dfpredigt des Johannes \u201eIm f\u00fcnfzehnten Jahr der Herrschaft des Kaisers Tiberius, als Pontius Pilatus Statthalter in Jud\u00e4a war und Herodes Landesf\u00fcrst von Galil\u00e4a und sein Bruder Philippus Landesf\u00fcrst von Itur\u00e4a und der Landschaft Trachonitis und Lysanias Landesf\u00fcrst von Abilene, als Hannas und Kaiphas Hohepriester waren, da geschah das&hellip; <a class=\"more-link\" href=\"https:\/\/evk-hornbach.de\/?page_id=737\"><span class=\"screen-reader-text\">Predigt zum 3. Advent 2016 (Birgit Schery)<\/span> weiterlesen<\/a><\/p>\n","protected":false},"author":2,"featured_media":751,"parent":0,"menu_order":0,"comment_status":"closed","ping_status":"closed","template":"","meta":{"_uag_custom_page_level_css":"","advgb_blocks_editor_width":"","advgb_blocks_columns_visual_guide":"","episode_type":"","audio_file":"","podmotor_file_id":"","podmotor_episode_id":"","cover_image":"","cover_image_id":"","duration":"","filesize":"","filesize_raw":"","date_recorded":"","explicit":"","block":"","cybocfi_hide_featured_image":"","footnotes":""},"class_list":["post-737","page","type-page","status-publish","has-post-thumbnail","hentry","entry"],"uagb_featured_image_src":{"full":["https:\/\/evk-hornbach.de\/wp-content\/uploads\/2016\/12\/monument-valley-1593318_640-1.jpg",640,360,false],"thumbnail":["https:\/\/evk-hornbach.de\/wp-content\/uploads\/2016\/12\/monument-valley-1593318_640-1-150x150.jpg",150,150,true],"medium":["https:\/\/evk-hornbach.de\/wp-content\/uploads\/2016\/12\/monument-valley-1593318_640-1-300x169.jpg",300,169,true],"medium_large":["https:\/\/evk-hornbach.de\/wp-content\/uploads\/2016\/12\/monument-valley-1593318_640-1.jpg",640,360,false],"large":["https:\/\/evk-hornbach.de\/wp-content\/uploads\/2016\/12\/monument-valley-1593318_640-1.jpg",640,360,false],"ug_big":["https:\/\/evk-hornbach.de\/wp-content\/uploads\/2016\/12\/monument-valley-1593318_640-1.jpg",640,360,false],"1536x1536":["https:\/\/evk-hornbach.de\/wp-content\/uploads\/2016\/12\/monument-valley-1593318_640-1.jpg",640,360,false],"2048x2048":["https:\/\/evk-hornbach.de\/wp-content\/uploads\/2016\/12\/monument-valley-1593318_640-1.jpg",640,360,false],"post-thumbnail":["https:\/\/evk-hornbach.de\/wp-content\/uploads\/2016\/12\/monument-valley-1593318_640-1.jpg",640,360,false]},"uagb_author_info":{"display_name":"Christian G\u00fcnther","author_link":"https:\/\/evk-hornbach.de\/?author=2"},"uagb_comment_info":0,"uagb_excerpt":"Predigttext Lukas 3, 1 &#8211; 14 Die Bu\u00dfpredigt des Johannes \u201eIm f\u00fcnfzehnten Jahr der Herrschaft des Kaisers Tiberius, als Pontius Pilatus Statthalter in Jud\u00e4a war und Herodes Landesf\u00fcrst von Galil\u00e4a und sein Bruder Philippus Landesf\u00fcrst von Itur\u00e4a und der Landschaft Trachonitis und Lysanias Landesf\u00fcrst von Abilene, als Hannas und Kaiphas Hohepriester waren, da geschah das&hellip;&hellip;","coauthors":[],"author_meta":{"author_link":"https:\/\/evk-hornbach.de\/?author=2","display_name":"Christian G\u00fcnther"},"relative_dates":{"created":"Posted 9\u00a0Jahren ago","modified":"Updated 9\u00a0Jahren ago"},"absolute_dates":{"created":"Posted on 11. Dezember 2016","modified":"Updated on 11. Dezember 2016"},"absolute_dates_time":{"created":"Posted on 11. Dezember 2016 15:44","modified":"Updated on 11. Dezember 2016 19:56"},"featured_img_caption":"","featured_img":"https:\/\/evk-hornbach.de\/wp-content\/uploads\/2016\/12\/monument-valley-1593318_640-1.jpg","series_order":"","jetpack-related-posts":[{"id":669,"url":"https:\/\/evk-hornbach.de\/?page_id=669","url_meta":{"origin":737,"position":0},"title":"Geistliche Medizin","author":"Christian G\u00fcnther","date":"10. Dezember 2016","format":false,"excerpt":"Inhalt Zuspruch Eine Playliste mit Worshipmusik Bild: \u00dcberraschung im Nebel Challenge Video: Alte Br\u00e4uche zur Weihnachtszeit Video: Festgeklebt Zuspruch und Challenge Predigt zum 3. Advent: In der W\u00fcste gibt es keine Ausreden und kein Entkommen. Zuspruch Eine Playliste mit Worshipmusik Viel Freude beim Anh\u00f6ren!\u00a0\ud83c\udfa7 https:\/\/soundcloud.com\/christian-g-nther-15\/sets\/worship-musik nach oben \u00a0 \u00a0\u00dcberraschung im\u2026","rel":"","context":"\u00c4hnlicher Beitrag","block_context":{"text":"\u00c4hnlicher Beitrag","link":""},"img":{"alt_text":"","src":"https:\/\/i0.wp.com\/evk-hornbach.de\/wp-content\/uploads\/2016\/12\/erbaulich.png?resize=350%2C200&ssl=1","width":350,"height":200,"srcset":"https:\/\/i0.wp.com\/evk-hornbach.de\/wp-content\/uploads\/2016\/12\/erbaulich.png?resize=350%2C200&ssl=1 1x, https:\/\/i0.wp.com\/evk-hornbach.de\/wp-content\/uploads\/2016\/12\/erbaulich.png?resize=525%2C300&ssl=1 1.5x, https:\/\/i0.wp.com\/evk-hornbach.de\/wp-content\/uploads\/2016\/12\/erbaulich.png?resize=700%2C400&ssl=1 2x, https:\/\/i0.wp.com\/evk-hornbach.de\/wp-content\/uploads\/2016\/12\/erbaulich.png?resize=1050%2C600&ssl=1 3x"},"classes":[]},{"id":85,"url":"https:\/\/evk-hornbach.de\/?page_id=85","url_meta":{"origin":737,"position":1},"title":"Impressum","author":"Christian G\u00fcnther","date":"29. Juli 2016","format":false,"excerpt":"Angaben gem\u00e4\u00df \u00a7 5 TMG und Abschnitt 2 DSGVO Daniel Seel Im Klosterbezirk 66500 Hornbach Kontakt: Telefon:\u00a006338 993040 E-Mail: pfarramt@evk-hornbach.de Verantwortlich f\u00fcr den Inhalt nach \u00a7 55 Abs. 2 RStV: Christian G\u00fcnther Eckstr. 19 66500 Mauschbach Datenschutzerkl\u00e4rung Haftungsausschluss DATENSCHUTZERKL\u00c4RUNG Wir freuen uns sehr \u00fcber Ihr Interesse an unserer Kirchengemeinde. Datenschutz\u2026","rel":"","context":"\u00c4hnlicher Beitrag","block_context":{"text":"\u00c4hnlicher Beitrag","link":""},"img":{"alt_text":"","src":"","width":0,"height":0},"classes":[]},{"id":319,"url":"https:\/\/evk-hornbach.de\/?page_id=319","url_meta":{"origin":737,"position":2},"title":"Termine","author":"Christian G\u00fcnther","date":"27. August 2016","format":false,"excerpt":"Wir freuen uns, den neuen Veranstaltungskalender pr\u00e4sentieren zu k\u00f6nnen! Hier noch zwei Hinweise: Da der Kalender manchmal weiter in die Zukunft reicht als unsere eigene Planung, weisen wir darauf hin, dass nur alle Termine des aktuellen Monats sicher geplant sind (bzw so ca. ab dem 25. eines Monats auch der\u2026","rel":"","context":"\u00c4hnlicher Beitrag","block_context":{"text":"\u00c4hnlicher Beitrag","link":""},"img":{"alt_text":"","src":"","width":0,"height":0},"classes":[]},{"id":51115,"url":"https:\/\/evk-hornbach.de\/?page_id=51115","url_meta":{"origin":737,"position":3},"title":"Hornbacher Kirchengeschichte (ultrakurz)","author":"Christian G\u00fcnther","date":"7. November 2024","format":false,"excerpt":"Teil 1: St. Pirminius und die Gr\u00fcndung des Klosters Hornbach Die Geschichte der Kirchengemeinde Hornbach l\u00e4sst sich \u00fcber 1280 Jahre zur\u00fcckverfolgen bis ins Jahr 741. Damals gr\u00fcndete der Wanderm\u00f6nch Pirminius auf r\u00f6mischen Ruinen das Kloster Hornbach und lebte dort, bis er 753 starb. Schon bald darauf wurde er als Heiliger\u2026","rel":"","context":"\u00c4hnlicher Beitrag","block_context":{"text":"\u00c4hnlicher Beitrag","link":""},"img":{"alt_text":"","src":"https:\/\/i0.wp.com\/evk-hornbach.de\/wp-content\/uploads\/2024\/11\/hornbach-center.jpg?resize=350%2C200&ssl=1","width":350,"height":200,"srcset":"https:\/\/i0.wp.com\/evk-hornbach.de\/wp-content\/uploads\/2024\/11\/hornbach-center.jpg?resize=350%2C200&ssl=1 1x, https:\/\/i0.wp.com\/evk-hornbach.de\/wp-content\/uploads\/2024\/11\/hornbach-center.jpg?resize=525%2C300&ssl=1 1.5x, https:\/\/i0.wp.com\/evk-hornbach.de\/wp-content\/uploads\/2024\/11\/hornbach-center.jpg?resize=700%2C400&ssl=1 2x"},"classes":[]},{"id":38143,"url":"https:\/\/evk-hornbach.de\/?page_id=38143","url_meta":{"origin":737,"position":4},"title":"Veranstaltungskalender","author":"Patrick Gauter","date":"23. November 2019","format":false,"excerpt":"","rel":"","context":"\u00c4hnlicher Beitrag","block_context":{"text":"\u00c4hnlicher Beitrag","link":""},"img":{"alt_text":"","src":"","width":0,"height":0},"classes":[]},{"id":39502,"url":"https:\/\/evk-hornbach.de\/?page_id=39502","url_meta":{"origin":737,"position":5},"title":"Evangelische Kirche 2020 &#8211; Daten","author":"Christian G\u00fcnther","date":"31. Juli 2020","format":false,"excerpt":"Wer sich genauer informieren will, wie es (jenseits von Ger\u00fcchten, Fake-News und Schlagzeilen) mit der Evangelischen Kirche in Deutschland steht, findet unten einen reichhaltigen Fundus. Von der Entwicklung der Kirchenmitgliedschaften \u00fcber die einzelnen Gliedkirchen der EKD und ihre Mitarbeitenden bis hin zur Kirchensteuer finden sich hier Fakten, bis der Arzt\u2026","rel":"","context":"\u00c4hnlicher Beitrag","block_context":{"text":"\u00c4hnlicher Beitrag","link":""},"img":{"alt_text":"","src":"","width":0,"height":0},"classes":[]}],"jetpack_sharing_enabled":true,"publishpress_future_action":{"enabled":false,"date":"2026-04-13 11:49:14","action":"change-status","newStatus":"draft","terms":[],"taxonomy":"","extraData":[]},"publishpress_future_workflow_manual_trigger":{"enabledWorkflows":[]},"_links":{"self":[{"href":"https:\/\/evk-hornbach.de\/index.php?rest_route=\/wp\/v2\/pages\/737","targetHints":{"allow":["GET"]}}],"collection":[{"href":"https:\/\/evk-hornbach.de\/index.php?rest_route=\/wp\/v2\/pages"}],"about":[{"href":"https:\/\/evk-hornbach.de\/index.php?rest_route=\/wp\/v2\/types\/page"}],"author":[{"embeddable":true,"href":"https:\/\/evk-hornbach.de\/index.php?rest_route=\/wp\/v2\/users\/2"}],"replies":[{"embeddable":true,"href":"https:\/\/evk-hornbach.de\/index.php?rest_route=%2Fwp%2Fv2%2Fcomments&post=737"}],"version-history":[{"count":5,"href":"https:\/\/evk-hornbach.de\/index.php?rest_route=\/wp\/v2\/pages\/737\/revisions"}],"predecessor-version":[{"id":766,"href":"https:\/\/evk-hornbach.de\/index.php?rest_route=\/wp\/v2\/pages\/737\/revisions\/766"}],"wp:featuredmedia":[{"embeddable":true,"href":"https:\/\/evk-hornbach.de\/index.php?rest_route=\/wp\/v2\/media\/751"}],"wp:attachment":[{"href":"https:\/\/evk-hornbach.de\/index.php?rest_route=%2Fwp%2Fv2%2Fmedia&parent=737"}],"curies":[{"name":"wp","href":"https:\/\/api.w.org\/{rel}","templated":true}]}}