{"id":669,"date":"2016-12-10T19:35:27","date_gmt":"2016-12-10T18:35:27","guid":{"rendered":"http:\/\/evk-hornbach.de\/?page_id=669"},"modified":"2016-12-12T01:44:31","modified_gmt":"2016-12-12T00:44:31","slug":"erbauliches","status":"publish","type":"page","link":"https:\/\/evk-hornbach.de\/?page_id=669","title":{"rendered":"Geistliche Medizin"},"content":{"rendered":"<h2 id=\"oben\">Inhalt<\/h2>\n<h4><strong><a href=\"#zuspuruch\"><i id=\"fac_69d71fd2e9d8d\" class=\"fa fa-play\"><\/i>\nZuspruch<\/a><\/strong><\/h4>\n\n<div class=\"sp-wrap sp-wrap-lime\">\n<div class=\"sp-head\" title=\"Erweitern\">\nWof\u00fcr das denn? Klapp mich auf! &#x1f600;\n<\/div>\n<div class=\"sp-body folded\">\n<p style=\"font-size: 14px;\"><img loading=\"lazy\" decoding=\"async\" class=\" wp-image-711 alignleft\" src=\"https:\/\/evk-hornbach.de\/wp-content\/uploads\/2016\/12\/Bild_Freundschaftsikone-150x150.jpg\" alt=\"bild_freundschaftsikone\" width=\"103\" height=\"103\" \/>Nicht die reine Wahrheit (\u00fcber die man sich streiten kann), sondern <strong>der tr\u00f6stliche Zuspruch<\/strong> ist das Wichtigste am Glauben der pf\u00e4lzer Protestanten. Der <a href=\"http:\/\/www.heidelberger-katechismus.net\/8001-0-227-50.html\" target=\"_blank\">Heidelberger Katechismus von 1561<\/a> beginnt mit der alles entscheidenden Frage:<br \/>\n<em>Was ist dein einziger Trost im Leben und im Sterben?<\/em><\/p>\n<div class=\"spdiv\">[Einklappen]<\/div>\n<\/div>\n<\/div>\n\n<ul>\n<li>Eine Playliste mit Worshipmusik<\/li>\n<li>Bild: \u00dcberraschung im Nebel<\/li>\n<\/ul>\n<h4><strong><a href=\"#Challenge\"><i id=\"fac_69d71fd2ed613\" class=\"fa fa-play\"><\/i>\nChallenge<\/a><\/strong><\/h4>\n\n<div class=\"sp-wrap sp-wrap-blue\">\n<div class=\"sp-head\" title=\"Erweitern\">\nWieder so ein neudeutsches Wort? Klapp mich auf! &#x1f600;\n<\/div>\n<div class=\"sp-body folded\">\n<p style=\"font-size: 14px;\"><img loading=\"lazy\" decoding=\"async\" class=\"alignleft size-full wp-image-732\" src=\"https:\/\/evk-hornbach.de\/wp-content\/uploads\/2016\/12\/refreshment-438399_100.png\" alt=\"refreshment-438399_100\" width=\"100\" height=\"102\" \/>Fr\u00fcher hie\u00df das bei den Christen &#8222;Ermahnung&#8220;, aber eigentlich hat die urchristliche\u00a0\u03a0\u0391\u03a1\u0391\u0399\u039d\u0395\u03a3\u0399\u03a3 kaum was zu tun mit &#8222;mit vollem Munde spricht man nicht&#8220; oder &#8222;steh fr\u00fcher auf, damit du den Schulbus nicht verpasst!&#8220;.<\/p>\n<p style=\"font-size: 14px;\">\u03a0\u0391\u03a1\u0391\u0399\u039d\u0395\u03a3\u0399\u03a3 geht viel weiter. Sie will, dass ich umkehre, mein Denken \u00e4ndere in Richtung Lieben, Glauben und Hoffen, dass ich mich nicht mehr von meiner Wut und meinen \u00c4ngsten steuern lasse. Und diese Herausforderung (&#8222;Challenge&#8220;) an mich selbst muss jeden Morgen neu aufgenommen werden.<\/p>\n<p style=\"font-size: 14px;\">Damit man diesen Kampf gegen die eigene Schwachheit nicht sofort verliert, sind wir Christen aufgerufen, uns gegenseitig zu ermutigen (s.o. Trost, Zuspruch) und zu challengen, dh darauf hinzuweisen, wo man noch besser werden k\u00f6nnte.<\/p>\n<div class=\"spdiv\">[Einklappen]<\/div>\n<\/div>\n<\/div>\n\n<ul>\n<li>Video: Alte Br\u00e4uche zur Weihnachtszeit<\/li>\n<li>Video: Festgeklebt<\/li>\n<\/ul>\n<h4><strong><a href=\"#zc\"><i id=\"fac_69d71fd2eded4\" class=\"fa fa-play\"><\/i>\nZuspruch und Challenge<\/a><\/strong><\/h4>\n\n<div class=\"sp-wrap sp-wrap-orange\">\n<div class=\"sp-head\" title=\"Erweitern\">\nKlapp mich auf! &#x1f600;\n<\/div>\n<div class=\"sp-body folded\">\n<p style=\"font-size: 14px;\"><img loading=\"lazy\" decoding=\"async\" class=\"alignleft size-thumbnail wp-image-734\" src=\"https:\/\/evk-hornbach.de\/wp-content\/uploads\/2016\/12\/megaphone-1480342_100-150x100.png\" alt=\"megaphone-1480342_100\" width=\"150\" height=\"100\" \/>Gute christliche Verk\u00fcndigung enth\u00e4lt immer beides: Sie kommt nicht als billig s\u00fc\u00dfes Bonbon daher, aber auch nicht als blo\u00dfe Rocky Horror Picture Show (trotzdem <a href=\"https:\/\/youtu.be\/W-lF106Dgk8\" target=\"_blank\">sehenswert<\/a>).<br \/>\nSie zeigt unsere Defizite auf, weist uns darauf hin, was wir besser machen k\u00f6nnen. Zugleich tr\u00f6stet sie uns, zeigt uns das lohnende Ziel und gibt uns Schwung, die Sache in Angriff zu nehmen.<\/p>\n<p style=\"font-size: 14px;\">Darum werden in dieser Rubrik vor allem Predigten, Podcasts, Videos und so Sachen vorkommen.<\/p>\n<div class=\"spdiv\">[Einklappen]<\/div>\n<\/div>\n<\/div>\n\n<ul>\n<li>Predigt zum 3. Advent: In der W\u00fcste gibt es keine Ausreden und kein Entkommen.<\/li>\n<\/ul>\n<h2 id=\"zuspuruch\">Zuspruch<\/h2>\n<h3>Eine Playliste mit Worshipmusik<\/h3>\n<p>Viel Freude beim Anh\u00f6ren!\u00a0&#x1f3a7;<\/p>\n<p><iframe loading=\"lazy\" title=\"Worship Musik by Christian G\u00fcnther 14\" width=\"750\" height=\"450\" scrolling=\"no\" frameborder=\"no\" src=\"https:\/\/w.soundcloud.com\/player\/?visual=true&#038;url=https%3A%2F%2Fapi.soundcloud.com%2Fplaylists%2F282382659&#038;show_artwork=true&#038;maxheight=1000&#038;maxwidth=750\"><\/iframe><\/p>\n<p style=\"text-align: right;\"><a href=\"#oben\"><i id=\"fac_69d71fd2ee715\" class=\"fa fa-long-arrow-up\"><\/i>\n nach oben<\/a><\/p>\n<p>&nbsp;<\/p>\n<hr \/>\n<h3>\u00a0\u00dcberraschung im Nebel<\/h3>\n<figure id=\"attachment_706\" aria-describedby=\"caption-attachment-706\" style=\"width: 446px\" class=\"wp-caption alignleft\"><a href=\"https:\/\/evk-hornbach.de\/wp-content\/uploads\/2016\/12\/DropboxChooserAPI_IMG-20161211-WA0000.jpg\" target=\"_blank\"><img loading=\"lazy\" decoding=\"async\" class=\"wp-image-706\" src=\"https:\/\/evk-hornbach.de\/wp-content\/uploads\/2016\/12\/DropboxChooserAPI_IMG-20161211-WA0000.jpg\" alt=\"Rastplatz am 3. Advent 2016\" width=\"446\" height=\"594\" srcset=\"https:\/\/evk-hornbach.de\/wp-content\/uploads\/2016\/12\/DropboxChooserAPI_IMG-20161211-WA0000.jpg 1200w, https:\/\/evk-hornbach.de\/wp-content\/uploads\/2016\/12\/DropboxChooserAPI_IMG-20161211-WA0000-225x300.jpg 225w, https:\/\/evk-hornbach.de\/wp-content\/uploads\/2016\/12\/DropboxChooserAPI_IMG-20161211-WA0000-768x1024.jpg 768w, https:\/\/evk-hornbach.de\/wp-content\/uploads\/2016\/12\/DropboxChooserAPI_IMG-20161211-WA0000-576x768.jpg 576w\" sizes=\"auto, (max-width: 446px) 100vw, 446px\" \/><\/a><figcaption id=\"caption-attachment-706\" class=\"wp-caption-text\">Rastplatz am 3. Advent 2016<\/figcaption><\/figure>\n<p>Wo sich Deutschland und Frankreich Gute Nacht sagen, fanden wir heute morgen, am 11.12.16 &#8211; 3. Advent -, auf einem Rastplatz-Tisch in der N\u00e4he von Dietrichingen diesen engelischen Gru\u00df- und schaut euch mal den Baum an (indem ihr aufs Bild klickt)!\u00a0&#x1f60d;<\/p>\n<p>&nbsp;<\/p>\n<p><em><img loading=\"lazy\" decoding=\"async\" class=\"alignright wp-image-653\" src=\"https:\/\/evk-hornbach.de\/wp-content\/uploads\/2016\/12\/alter-300x187.jpg\" alt=\"alter\" width=\"167\" height=\"104\" \/>eingestellt von Christian G\u00fcnther\u00a0<\/em><br \/>\n<iframe loading=\"lazy\" style=\"border: 0;\" src=\"https:\/\/www.google.com\/maps\/embed?pb=!1m18!1m12!1m3!1d3715.835653821481!2d7.410779127470447!3d49.17954392498443!2m3!1f0!2f0!3f0!3m2!1i1024!2i768!4f13.1!3m3!1m2!1s0x0%3A0x4a990abd72880b94!2sRastplatz+an+der+Grenze!5e1!3m2!1sde!2sus!4v1481454934073\" width=\"600\" height=\"450\" frameborder=\"0\" allowfullscreen=\"allowfullscreen\"><\/iframe><\/p>\n<p style=\"text-align: right;\"><a href=\"#oben\"><i id=\"fac_69d71fd2eef69\" class=\"fa fa-long-arrow-up\"><\/i>\n nach oben<\/a><\/p>\n<h2 id=\"Challenge\" style=\"text-align: left;\">Challenge<\/h2>\n<h3>Alte Br\u00e4uche zur Weihnachtszeit<\/h3>\n<p>https:\/\/youtu.be\/5c9bcYmWDUI<\/p>\n<p>&#8230; und <a href=\"http:\/\/webcompetent.org\/?p=6174\" target=\"_blank\"><strong>viele Denkanst\u00f6\u00dfe<\/strong><\/a> zur Frage: Wie sieht es denn eigentlich bei uns aus? Kann man Weihnachten \u00fcberhaupt noch eine Botschaft zuordnen?<\/p>\n<p style=\"text-align: right;\"><a href=\"#oben\"><i id=\"fac_69d71fd2ef6e9\" class=\"fa fa-long-arrow-up\"><\/i>\n nach oben<\/a><\/p>\n<hr \/>\n<h3 style=\"text-align: left;\">Festgeklebt. Der Handy-Clip einmal anders.<\/h3>\n<p><iframe loading=\"lazy\" title=\"Glue\" src=\"https:\/\/player.vimeo.com\/video\/144700196?dnt=1&amp;app_id=122963\" width=\"750\" height=\"422\" frameborder=\"0\" allow=\"autoplay; fullscreen; picture-in-picture; clipboard-write\"><\/iframe><\/p>\n<p>Alles \u00fcbertrieben, oder was? W\u00fcrde der Film auch bei uns daheim so enden k\u00f6nnen?<br \/>\nHier noch <a href=\"http:\/\/webcompetent.org\/?p=5774#more-5774\" target=\"_blank\">Denkanst\u00f6\u00dfe<\/a> f\u00fcr Gruppenleiter, Lehrkr\u00e4fte und so &#8230;<\/p>\n<p style=\"text-align: right;\"><a href=\"#oben\"><i id=\"fac_69d71fd2efe39\" class=\"fa fa-long-arrow-up\"><\/i>\n nach oben<\/a><\/p>\n<hr \/>\n<h2 id=\"zc\" style=\"text-align: left;\">Zuspruch und Challenge<\/h2>\n<h3>In der W\u00fcste gibt es keine Ausreden und kein Entkommen.<\/h3>\n<p><img loading=\"lazy\" decoding=\"async\" class=\"wp-image-736 alignright\" src=\"https:\/\/evk-hornbach.de\/wp-content\/uploads\/2016\/12\/monument-valley-1593318_640.jpg\" alt=\"monument-valley-1593318_640\" width=\"436\" height=\"245\" srcset=\"https:\/\/evk-hornbach.de\/wp-content\/uploads\/2016\/12\/monument-valley-1593318_640.jpg 640w, https:\/\/evk-hornbach.de\/wp-content\/uploads\/2016\/12\/monument-valley-1593318_640-300x169.jpg 300w\" sizes=\"auto, (max-width: 436px) 100vw, 436px\" \/>Johannes der T\u00e4ufer weist den Weg zur Umkehr.<br \/>\n<a href=\"http:\/\/www.bibleserver.com\/text\/LUT\/Lukas3,1-14\" target=\"_blank\"><strong>Lk 3,1-14<\/strong><\/a><\/p>\n<p><strong>Eine Predigt zum 3. Advent 2016 von Birgit Schery.<\/strong><\/p>\n<ul>\n<li><a href=\"https:\/\/evk-hornbach.de\/wp-content\/uploads\/2016\/12\/predigt-3Adv16Schery-1.pdf\"><strong>PDF-Download<\/strong><\/a><\/li>\n<li><a href=\"https:\/\/evk-hornbach.de\/?page_id=737\" target=\"_blank\"><strong>Online lesen<\/strong><\/a><\/li>\n<\/ul>\n<p style=\"text-align: right;\"><a href=\"#oben\"><i id=\"fac_69d71fd2f05a3\" class=\"fa fa-long-arrow-up\"><\/i>\n nach oben<\/a><\/p>\n<hr \/>\n<p style=\"text-align: left;\"><span style=\"color: #339966;\"><span style=\"color: #808000;\"><strong>Nur f\u00fcr Mobilger\u00e4te:<\/strong><br \/>\n<\/span><\/span><strong><!-- WhatsApp Share Button for WordPress: http:\/\/peadig.com\/wordpress-plugins\/whatsapp-share-button\/ --><div class=\"wabtn_container\"><a href=\"whatsapp:\/\/send?text=Geistliche Medizin - https:\/\/evk-hornbach.de\/?page_id=669?utm_source=WhatsApp%26utm_medium=IM%26amp;utm_campaign=share%20button\" class=\"wabtn\">Share this on WhatsApp<\/a><\/div>\u00a0<\/strong><\/p>\n","protected":false},"excerpt":{"rendered":"<p>Inhalt Zuspruch Eine Playliste mit Worshipmusik Bild: \u00dcberraschung im Nebel Challenge Video: Alte Br\u00e4uche zur Weihnachtszeit Video: Festgeklebt Zuspruch und Challenge Predigt zum 3. Advent: In der W\u00fcste gibt es keine Ausreden und kein Entkommen. Zuspruch Eine Playliste mit Worshipmusik Viel Freude beim Anh\u00f6ren!\u00a0&#x1f3a7; nach oben &nbsp; \u00a0\u00dcberraschung im Nebel Wo sich Deutschland und Frankreich&hellip; <a class=\"more-link\" href=\"https:\/\/evk-hornbach.de\/?page_id=669\"><span class=\"screen-reader-text\">Geistliche Medizin<\/span> weiterlesen<\/a><\/p>\n","protected":false},"author":2,"featured_media":670,"parent":0,"menu_order":0,"comment_status":"closed","ping_status":"closed","template":"","meta":{"_uag_custom_page_level_css":"","advgb_blocks_editor_width":"","advgb_blocks_columns_visual_guide":"","episode_type":"","audio_file":"","podmotor_file_id":"","podmotor_episode_id":"","cover_image":"","cover_image_id":"","duration":"","filesize":"","filesize_raw":"","date_recorded":"","explicit":"","block":"","cybocfi_hide_featured_image":"","footnotes":""},"class_list":["post-669","page","type-page","status-publish","has-post-thumbnail","hentry","entry"],"uagb_featured_image_src":{"full":["https:\/\/evk-hornbach.de\/wp-content\/uploads\/2016\/12\/erbaulich.png",1127,491,false],"thumbnail":["https:\/\/evk-hornbach.de\/wp-content\/uploads\/2016\/12\/erbaulich-150x150.png",150,150,true],"medium":["https:\/\/evk-hornbach.de\/wp-content\/uploads\/2016\/12\/erbaulich-300x131.png",300,131,true],"medium_large":["https:\/\/evk-hornbach.de\/wp-content\/uploads\/2016\/12\/erbaulich-768x335.png",750,327,true],"large":["https:\/\/evk-hornbach.de\/wp-content\/uploads\/2016\/12\/erbaulich-1024x446.png",750,327,true],"ug_big":["https:\/\/evk-hornbach.de\/wp-content\/uploads\/2016\/12\/erbaulich-768x335.png",768,335,true],"1536x1536":["https:\/\/evk-hornbach.de\/wp-content\/uploads\/2016\/12\/erbaulich.png",1127,491,false],"2048x2048":["https:\/\/evk-hornbach.de\/wp-content\/uploads\/2016\/12\/erbaulich.png",1127,491,false],"post-thumbnail":["https:\/\/evk-hornbach.de\/wp-content\/uploads\/2016\/12\/erbaulich.png",1127,491,false]},"uagb_author_info":{"display_name":"Christian G\u00fcnther","author_link":"https:\/\/evk-hornbach.de\/?author=2"},"uagb_comment_info":0,"uagb_excerpt":"Inhalt Zuspruch Eine Playliste mit Worshipmusik Bild: \u00dcberraschung im Nebel Challenge Video: Alte Br\u00e4uche zur Weihnachtszeit Video: Festgeklebt Zuspruch und Challenge Predigt zum 3. Advent: In der W\u00fcste gibt es keine Ausreden und kein Entkommen. Zuspruch Eine Playliste mit Worshipmusik Viel Freude beim Anh\u00f6ren!\u00a0&#x1f3a7; nach oben &nbsp; \u00a0\u00dcberraschung im Nebel Wo sich Deutschland und Frankreich&hellip;&hellip;","coauthors":[],"author_meta":{"author_link":"https:\/\/evk-hornbach.de\/?author=2","display_name":"Christian G\u00fcnther"},"relative_dates":{"created":"Ver\u00f6ffentlicht 9\u00a0Jahren vor","modified":"Aktualisiert 9\u00a0Jahren vor"},"absolute_dates":{"created":"Ver\u00f6ffentlicht am 10. Dezember 2016","modified":"Aktualisiert am 12. Dezember 2016"},"absolute_dates_time":{"created":"Ver\u00f6ffentlicht am 10. Dezember 2016 19:35","modified":"Aktualisiert am 12. Dezember 2016 1:44"},"featured_img_caption":"","featured_img":"https:\/\/evk-hornbach.de\/wp-content\/uploads\/2016\/12\/erbaulich.png","series_order":"","jetpack-related-posts":[{"id":319,"url":"https:\/\/evk-hornbach.de\/?page_id=319","url_meta":{"origin":669,"position":0},"title":"Termine","author":"Christian G\u00fcnther","date":"27. August 2016","format":false,"excerpt":"Wir freuen uns, den neuen Veranstaltungskalender pr\u00e4sentieren zu k\u00f6nnen! Hier noch zwei Hinweise: Da der Kalender manchmal weiter in die Zukunft reicht als unsere eigene Planung, weisen wir darauf hin, dass nur alle Termine des aktuellen Monats sicher geplant sind (bzw so ca. ab dem 25. eines Monats auch der\u2026","rel":"","context":"\u00c4hnlicher Beitrag","block_context":{"text":"\u00c4hnlicher Beitrag","link":""},"img":{"alt_text":"","src":"","width":0,"height":0},"classes":[]},{"id":85,"url":"https:\/\/evk-hornbach.de\/?page_id=85","url_meta":{"origin":669,"position":1},"title":"Impressum","author":"Christian G\u00fcnther","date":"29. Juli 2016","format":false,"excerpt":"Angaben gem\u00e4\u00df \u00a7 5 TMG und Abschnitt 2 DSGVO Daniel Seel Im Klosterbezirk 66500 Hornbach Kontakt: Telefon:\u00a006338 993040 E-Mail: pfarramt@evk-hornbach.de Verantwortlich f\u00fcr den Inhalt nach \u00a7 55 Abs. 2 RStV: Christian G\u00fcnther Eckstr. 19 66500 Mauschbach Datenschutzerkl\u00e4rung Haftungsausschluss DATENSCHUTZERKL\u00c4RUNG Wir freuen uns sehr \u00fcber Ihr Interesse an unserer Kirchengemeinde. Datenschutz\u2026","rel":"","context":"\u00c4hnlicher Beitrag","block_context":{"text":"\u00c4hnlicher Beitrag","link":""},"img":{"alt_text":"","src":"","width":0,"height":0},"classes":[]},{"id":737,"url":"https:\/\/evk-hornbach.de\/?page_id=737","url_meta":{"origin":669,"position":2},"title":"Predigt zum 3. Advent 2016 (Birgit Schery)","author":"Christian G\u00fcnther","date":"11. Dezember 2016","format":false,"excerpt":"Predigttext Lukas 3, 1 - 14 Die Bu\u00dfpredigt des Johannes \u201eIm f\u00fcnfzehnten Jahr der Herrschaft des Kaisers Tiberius, als Pontius Pilatus Statthalter in Jud\u00e4a war und Herodes Landesf\u00fcrst von Galil\u00e4a und sein Bruder Philippus Landesf\u00fcrst von Itur\u00e4a und der Landschaft Trachonitis und Lysanias Landesf\u00fcrst von Abilene, als Hannas und Kaiphas\u2026","rel":"","context":"\u00c4hnlicher Beitrag","block_context":{"text":"\u00c4hnlicher Beitrag","link":""},"img":{"alt_text":"","src":"https:\/\/i0.wp.com\/evk-hornbach.de\/wp-content\/uploads\/2016\/12\/monument-valley-1593318_640-1.jpg?resize=350%2C200&ssl=1","width":350,"height":200,"srcset":"https:\/\/i0.wp.com\/evk-hornbach.de\/wp-content\/uploads\/2016\/12\/monument-valley-1593318_640-1.jpg?resize=350%2C200&ssl=1 1x, https:\/\/i0.wp.com\/evk-hornbach.de\/wp-content\/uploads\/2016\/12\/monument-valley-1593318_640-1.jpg?resize=525%2C300&ssl=1 1.5x"},"classes":[]},{"id":80,"url":"https:\/\/evk-hornbach.de\/?page_id=80","url_meta":{"origin":669,"position":3},"title":"Kontakt","author":"Christian G\u00fcnther","date":"29. Juli 2016","format":false,"excerpt":"Pfr. Seel ist vom 22.4.-7.6.2025 in Urlaub.Kasualvertretung hat Pfrn. Verena Kr\u00fcger, Gro\u00dfsteinhausen.In anderen Angelegenheiten rufen Sie bitte zu den B\u00fcrozeiten (s.u.) im Pfarramt an: Frau Platz ist weiterhin f\u00fcr Sie da. Unsere Anschrift: Prot. Pfarramt HornbachIm Klosterbezirk 966500 Hornbach \u00a006338 \/ 993 040\u00a0 06338 \/ 993 041\u00a0 Email ans Pfarramt\u2026","rel":"","context":"\u00c4hnlicher Beitrag","block_context":{"text":"\u00c4hnlicher Beitrag","link":""},"img":{"alt_text":"","src":"https:\/\/i0.wp.com\/evk-hornbach.de\/wp-content\/uploads\/2016\/07\/seel-dienst.jpg?resize=350%2C200&ssl=1","width":350,"height":200},"classes":[]},{"id":39502,"url":"https:\/\/evk-hornbach.de\/?page_id=39502","url_meta":{"origin":669,"position":4},"title":"Evangelische Kirche 2020 &#8211; Daten","author":"Christian G\u00fcnther","date":"31. Juli 2020","format":false,"excerpt":"Wer sich genauer informieren will, wie es (jenseits von Ger\u00fcchten, Fake-News und Schlagzeilen) mit der Evangelischen Kirche in Deutschland steht, findet unten einen reichhaltigen Fundus. Von der Entwicklung der Kirchenmitgliedschaften \u00fcber die einzelnen Gliedkirchen der EKD und ihre Mitarbeitenden bis hin zur Kirchensteuer finden sich hier Fakten, bis der Arzt\u2026","rel":"","context":"\u00c4hnlicher Beitrag","block_context":{"text":"\u00c4hnlicher Beitrag","link":""},"img":{"alt_text":"","src":"","width":0,"height":0},"classes":[]},{"id":38143,"url":"https:\/\/evk-hornbach.de\/?page_id=38143","url_meta":{"origin":669,"position":5},"title":"Veranstaltungskalender","author":"Patrick Gauter","date":"23. November 2019","format":false,"excerpt":"","rel":"","context":"\u00c4hnlicher Beitrag","block_context":{"text":"\u00c4hnlicher Beitrag","link":""},"img":{"alt_text":"","src":"","width":0,"height":0},"classes":[]}],"jetpack_sharing_enabled":true,"publishpress_future_action":{"enabled":false,"date":"2026-04-16 05:41:07","action":"change-status","newStatus":"draft","terms":[],"taxonomy":"","extraData":[]},"publishpress_future_workflow_manual_trigger":{"enabledWorkflows":[]},"_links":{"self":[{"href":"https:\/\/evk-hornbach.de\/index.php?rest_route=\/wp\/v2\/pages\/669","targetHints":{"allow":["GET"]}}],"collection":[{"href":"https:\/\/evk-hornbach.de\/index.php?rest_route=\/wp\/v2\/pages"}],"about":[{"href":"https:\/\/evk-hornbach.de\/index.php?rest_route=\/wp\/v2\/types\/page"}],"author":[{"embeddable":true,"href":"https:\/\/evk-hornbach.de\/index.php?rest_route=\/wp\/v2\/users\/2"}],"replies":[{"embeddable":true,"href":"https:\/\/evk-hornbach.de\/index.php?rest_route=%2Fwp%2Fv2%2Fcomments&post=669"}],"version-history":[{"count":40,"href":"https:\/\/evk-hornbach.de\/index.php?rest_route=\/wp\/v2\/pages\/669\/revisions"}],"predecessor-version":[{"id":790,"href":"https:\/\/evk-hornbach.de\/index.php?rest_route=\/wp\/v2\/pages\/669\/revisions\/790"}],"wp:featuredmedia":[{"embeddable":true,"href":"https:\/\/evk-hornbach.de\/index.php?rest_route=\/wp\/v2\/media\/670"}],"wp:attachment":[{"href":"https:\/\/evk-hornbach.de\/index.php?rest_route=%2Fwp%2Fv2%2Fmedia&parent=669"}],"curies":[{"name":"wp","href":"https:\/\/api.w.org\/{rel}","templated":true}]}}