{"id":51076,"date":"2024-11-06T09:43:19","date_gmt":"2024-11-06T08:43:19","guid":{"rendered":"https:\/\/evk-hornbach.de\/?page_id=51076"},"modified":"2024-11-06T09:43:21","modified_gmt":"2024-11-06T08:43:21","slug":"aufbau-dieser-website","status":"publish","type":"page","link":"https:\/\/evk-hornbach.de\/?page_id=51076","title":{"rendered":"Aufbau dieser Website"},"content":{"rendered":"<ul class=\"wp-block-page-list\"><li class=\"wp-block-pages-list__item has-child\"><a class=\"wp-block-pages-list__item__link\" href=\"https:\/\/evk-hornbach.de\/?page_id=1837\">Adventsr\u00e4tsel-Kalender<\/a><ul class=\"wp-block-navigation__submenu-container\"><li class=\"wp-block-pages-list__item \"><a class=\"wp-block-pages-list__item__link\" href=\"https:\/\/evk-hornbach.de\/?page_id=1839\">Die Quizfrage vom 1. Dezember<\/a><\/li><li class=\"wp-block-pages-list__item \"><a class=\"wp-block-pages-list__item__link\" href=\"https:\/\/evk-hornbach.de\/?page_id=1881\">Die Quizfrage vom 2. Dezember<\/a><\/li><li class=\"wp-block-pages-list__item \"><a class=\"wp-block-pages-list__item__link\" href=\"https:\/\/evk-hornbach.de\/?page_id=1890\">Die Quizfrage vom 20. Dezember<\/a><\/li><li class=\"wp-block-pages-list__item \"><a class=\"wp-block-pages-list__item__link\" href=\"https:\/\/evk-hornbach.de\/?page_id=1876\">Die Quizfrage vom 3. Dezember<\/a><\/li><li class=\"wp-block-pages-list__item \"><a class=\"wp-block-pages-list__item__link\" href=\"https:\/\/evk-hornbach.de\/?page_id=1887\">Die Quizfrage vom 4. Dezember<\/a><\/li><\/ul><\/li><li class=\"wp-block-pages-list__item\"><a class=\"wp-block-pages-list__item__link\" href=\"https:\/\/evk-hornbach.de\/?page_id=53541\">Alle Losungsandachten, gelistet<\/a><\/li><li class=\"wp-block-pages-list__item\"><a class=\"wp-block-pages-list__item__link\" href=\"https:\/\/evk-hornbach.de\/?page_id=38901\">Alle Meldungen<\/a><\/li><li class=\"wp-block-pages-list__item\"><a class=\"wp-block-pages-list__item__link\" href=\"https:\/\/evk-hornbach.de\/?page_id=51076\">Aufbau dieser Website<\/a><\/li><li class=\"wp-block-pages-list__item\"><a class=\"wp-block-pages-list__item__link\" href=\"https:\/\/evk-hornbach.de\/?page_id=279\">Christliche Glaubensgemeinschaften in unserer Nachbarschaft<\/a><\/li><li class=\"wp-block-pages-list__item\"><a class=\"wp-block-pages-list__item__link\" href=\"https:\/\/evk-hornbach.de\/?page_id=674\">Ev. Jugend<\/a><\/li><li class=\"wp-block-pages-list__item\"><a class=\"wp-block-pages-list__item__link\" href=\"https:\/\/evk-hornbach.de\/?page_id=39502\">Evangelische Kirche 2020 &#8211; Daten<\/a><\/li><li class=\"wp-block-pages-list__item has-child\"><a class=\"wp-block-pages-list__item__link\" href=\"https:\/\/evk-hornbach.de\/?page_id=267\">F\u00f6rderverein Feuer und Flamme<\/a><ul class=\"wp-block-navigation__submenu-container\"><li class=\"wp-block-pages-list__item \"><a class=\"wp-block-pages-list__item__link\" href=\"https:\/\/evk-hornbach.de\/?page_id=1257\">Feuer-und-Flamme Mitgliederseite<\/a><\/li><li class=\"wp-block-pages-list__item \"><a class=\"wp-block-pages-list__item__link\" href=\"https:\/\/evk-hornbach.de\/?page_id=271\">Mitgliedschaft<\/a><\/li><\/ul><\/li><li class=\"wp-block-pages-list__item\"><a class=\"wp-block-pages-list__item__link\" href=\"https:\/\/evk-hornbach.de\/?page_id=669\">Geistliche Medizin<\/a><\/li><li class=\"wp-block-pages-list__item\"><a class=\"wp-block-pages-list__item__link\" href=\"https:\/\/evk-hornbach.de\/?page_id=51115\">Hornbacher Kirchengeschichte (ultrakurz)<\/a><\/li><li class=\"wp-block-pages-list__item\"><a class=\"wp-block-pages-list__item__link\" href=\"https:\/\/evk-hornbach.de\/?page_id=85\">Impressum<\/a><\/li><li class=\"wp-block-pages-list__item\"><a class=\"wp-block-pages-list__item__link\" href=\"https:\/\/evk-hornbach.de\/?page_id=39772\">Kita<\/a><\/li><li class=\"wp-block-pages-list__item\"><a class=\"wp-block-pages-list__item__link\" href=\"https:\/\/evk-hornbach.de\/?page_id=80\">Kontakt<\/a><\/li><li class=\"wp-block-pages-list__item has-child\"><a class=\"wp-block-pages-list__item__link\" href=\"https:\/\/evk-hornbach.de\/?page_id=132\">Kurzanleitung zum Terminkalender<\/a><ul class=\"wp-block-navigation__submenu-container\"><li class=\"wp-block-pages-list__item \"><a class=\"wp-block-pages-list__item__link\" href=\"https:\/\/evk-hornbach.de\/?page_id=162\">Wie man eine Monats-Kalenderansicht anzeigt<\/a><\/li><li class=\"wp-block-pages-list__item \"><a class=\"wp-block-pages-list__item__link\" href=\"https:\/\/evk-hornbach.de\/?page_id=150\">Wie man im Kalender einen bestimmten Zeitraum anzeigt<\/a><\/li><li class=\"wp-block-pages-list__item \"><a class=\"wp-block-pages-list__item__link\" href=\"https:\/\/evk-hornbach.de\/?page_id=155\">Wie man nur bestimmte Termine anzeigt und die \u00fcbrigen ausblendet<\/a><\/li><li class=\"wp-block-pages-list__item \"><a class=\"wp-block-pages-list__item__link\" href=\"https:\/\/evk-hornbach.de\/?page_id=158\">Wie man Termine auf- und zuklappt<\/a><\/li><li class=\"wp-block-pages-list__item \"><a class=\"wp-block-pages-list__item__link\" href=\"https:\/\/evk-hornbach.de\/?page_id=164\">Wie man den ganzen Terminkalender f\u00fcr das eigene Smartphone zug\u00e4nglich macht<\/a><\/li><\/ul><\/li><li class=\"wp-block-pages-list__item\"><a class=\"wp-block-pages-list__item__link\" href=\"https:\/\/evk-hornbach.de\/?page_id=39685\">Links der Prot. Kirchengemeinde Hornbachtal mit der Prot. Kirchengemeinde Rimschweiler<\/a><\/li><li class=\"wp-block-pages-list__item\"><a class=\"wp-block-pages-list__item__link\" href=\"https:\/\/evk-hornbach.de\/?page_id=232\">Liste der evangelischen Pfarrer in Hornbach seit 1900<\/a><\/li><li class=\"wp-block-pages-list__item\"><a class=\"wp-block-pages-list__item__link\" href=\"https:\/\/evk-hornbach.de\/?page_id=201\">Meldungen<\/a><\/li><li class=\"wp-block-pages-list__item\"><a class=\"wp-block-pages-list__item__link\" href=\"https:\/\/evk-hornbach.de\/?page_id=50898\">Neuigkeiten<\/a><\/li><li class=\"wp-block-pages-list__item\"><a class=\"wp-block-pages-list__item__link\" href=\"https:\/\/evk-hornbach.de\/?page_id=737\">Predigt zum 3. Advent 2016 (Birgit Schery)<\/a><\/li><li class=\"wp-block-pages-list__item\"><a class=\"wp-block-pages-list__item__link\" href=\"https:\/\/evk-hornbach.de\/?page_id=3322\">Predigtarchiv<\/a><\/li><li class=\"wp-block-pages-list__item\"><a class=\"wp-block-pages-list__item__link\" href=\"https:\/\/evk-hornbach.de\/?page_id=211\">Protestantisches Pfarramt Hornbach<\/a><\/li><li class=\"wp-block-pages-list__item\"><a class=\"wp-block-pages-list__item__link\" href=\"https:\/\/evk-hornbach.de\/?page_id=40667\">Regelm\u00e4\u00dfige, geistliche Online-Angebote aus der Ev. Kirche der Pfalz<\/a><\/li><li class=\"wp-block-pages-list__item\"><a class=\"wp-block-pages-list__item__link\" href=\"https:\/\/evk-hornbach.de\/?page_id=38853\">Ride on King Jesus (CLC Youth Choir, 1990)<\/a><\/li><li class=\"wp-block-pages-list__item\"><a class=\"wp-block-pages-list__item__link\" href=\"https:\/\/evk-hornbach.de\/?page_id=48848\">Startseite<\/a><\/li><li class=\"wp-block-pages-list__item\"><a class=\"wp-block-pages-list__item__link\" href=\"https:\/\/evk-hornbach.de\/?page_id=319\">Termine<\/a><\/li><li class=\"wp-block-pages-list__item menu-item-home\"><a class=\"wp-block-pages-list__item__link\" href=\"https:\/\/evk-hornbach.de\/\">\u00dcberblick<\/a><\/li><li class=\"wp-block-pages-list__item\"><a class=\"wp-block-pages-list__item__link\" href=\"https:\/\/evk-hornbach.de\/?page_id=38146\">Veranstaltungsdetails<\/a><\/li><li class=\"wp-block-pages-list__item\"><a class=\"wp-block-pages-list__item__link\" href=\"https:\/\/evk-hornbach.de\/?page_id=38143\">Veranstaltungskalender<\/a><\/li><\/ul>","protected":false},"excerpt":{"rendered":"","protected":false},"author":2,"featured_media":0,"parent":0,"menu_order":0,"comment_status":"closed","ping_status":"closed","template":"","meta":{"_uag_custom_page_level_css":"","advgb_blocks_editor_width":"","advgb_blocks_columns_visual_guide":"","episode_type":"","audio_file":"","podmotor_file_id":"","podmotor_episode_id":"","cover_image":"","cover_image_id":"","duration":"","filesize":"","filesize_raw":"","date_recorded":"","explicit":"","block":"","cybocfi_hide_featured_image":"","footnotes":""},"class_list":["post-51076","page","type-page","status-publish","hentry","entry"],"uagb_featured_image_src":{"full":false,"thumbnail":false,"medium":false,"medium_large":false,"large":false,"ug_big":false,"1536x1536":false,"2048x2048":false,"post-thumbnail":false},"uagb_author_info":{"display_name":"Christian G\u00fcnther","author_link":"https:\/\/evk-hornbach.de\/?author=2"},"uagb_comment_info":0,"uagb_excerpt":null,"coauthors":[],"author_meta":{"author_link":"https:\/\/evk-hornbach.de\/?author=2","display_name":"Christian G\u00fcnther"},"relative_dates":{"created":"Posted 1\u00a0Jahr ago","modified":"Updated 1\u00a0Jahr ago"},"absolute_dates":{"created":"Posted on 6. November 2024","modified":"Updated on 6. November 2024"},"absolute_dates_time":{"created":"Posted on 6. November 2024 9:43","modified":"Updated on 6. November 2024 9:43"},"featured_img_caption":"","featured_img":false,"series_order":"","jetpack-related-posts":[{"id":40667,"url":"https:\/\/evk-hornbach.de\/?page_id=40667","url_meta":{"origin":51076,"position":0},"title":"Regelm\u00e4\u00dfige, geistliche Online-Angebote aus der Ev. Kirche der Pfalz","author":"Christian G\u00fcnther","date":"24. Januar 2021","format":false,"excerpt":"Wir Althornbacher, Brenschelbacher, Hornbacher, Mauschbacher, Dietrichinger, Riesweilerer, Gro\u00dfbundenbacher und Bottenbacher sind bei Leibe nicht die einzigen aus der pf\u00e4lzischen Landeskirche, die in der Lockdown-Zeit neue Online-Angebote entwickelt haben. Aber bis vor kurzem wussten wir nur von den paar Angeboten unserer Freunde und Bekannten. Nun wird landeskirchenweit etwas unternommen, und eine\u2026","rel":"","context":"\u00c4hnlicher Beitrag","block_context":{"text":"\u00c4hnlicher Beitrag","link":""},"img":{"alt_text":"","src":"https:\/\/i0.wp.com\/evk-hornbach.de\/wp-content\/uploads\/2021\/01\/Bildschirmfoto-von-2021-01-29-14-27-12.png?resize=350%2C200&ssl=1","width":350,"height":200,"srcset":"https:\/\/i0.wp.com\/evk-hornbach.de\/wp-content\/uploads\/2021\/01\/Bildschirmfoto-von-2021-01-29-14-27-12.png?resize=350%2C200&ssl=1 1x, https:\/\/i0.wp.com\/evk-hornbach.de\/wp-content\/uploads\/2021\/01\/Bildschirmfoto-von-2021-01-29-14-27-12.png?resize=525%2C300&ssl=1 1.5x, https:\/\/i0.wp.com\/evk-hornbach.de\/wp-content\/uploads\/2021\/01\/Bildschirmfoto-von-2021-01-29-14-27-12.png?resize=700%2C400&ssl=1 2x"},"classes":[]},{"id":132,"url":"https:\/\/evk-hornbach.de\/?page_id=132","url_meta":{"origin":51076,"position":1},"title":"Kurzanleitung zum Terminkalender","author":"Christian G\u00fcnther","date":"29. Juli 2016","format":false,"excerpt":"In dieser Anleitung erfahren Sie, wie man einen bestimmten Zeitraum im Kalender anzeigt. Klicken Sie\u00a0 wie man nur bestimmte Termine anzeigt und die anderen ausblendet. Klicken Sie\u00a0 Wie man Termine auf- und zuklappt. Klicken Sie\u00a0 Wie man Wochen- und Monatsansichten des Kalenders anzeigt. Klicken Sie\u00a0 Wie man den ganzen Kalender\u2026","rel":"","context":"\u00c4hnlicher Beitrag","block_context":{"text":"\u00c4hnlicher Beitrag","link":""},"img":{"alt_text":"Button-hier","src":"https:\/\/i0.wp.com\/evk-hornbach.de\/wp-content\/uploads\/2016\/07\/Button-hier.jpg?resize=350%2C200&ssl=1","width":350,"height":200},"classes":[]},{"id":85,"url":"https:\/\/evk-hornbach.de\/?page_id=85","url_meta":{"origin":51076,"position":2},"title":"Impressum","author":"Christian G\u00fcnther","date":"29. Juli 2016","format":false,"excerpt":"Angaben gem\u00e4\u00df \u00a7 5 TMG und Abschnitt 2 DSGVO Daniel Seel Im Klosterbezirk 66500 Hornbach Kontakt: Telefon:\u00a006338 993040 E-Mail: pfarramt@evk-hornbach.de Verantwortlich f\u00fcr den Inhalt nach \u00a7 55 Abs. 2 RStV: Christian G\u00fcnther Eckstr. 19 66500 Mauschbach Datenschutzerkl\u00e4rung Haftungsausschluss DATENSCHUTZERKL\u00c4RUNG Wir freuen uns sehr \u00fcber Ihr Interesse an unserer Kirchengemeinde. Datenschutz\u2026","rel":"","context":"\u00c4hnlicher Beitrag","block_context":{"text":"\u00c4hnlicher Beitrag","link":""},"img":{"alt_text":"","src":"","width":0,"height":0},"classes":[]},{"id":232,"url":"https:\/\/evk-hornbach.de\/?page_id=232","url_meta":{"origin":51076,"position":3},"title":"Liste der evangelischen Pfarrer in Hornbach seit 1900","author":"Christian G\u00fcnther","date":"1. August 2016","format":false,"excerpt":"\u00a0 Dienstzeit Name Zust\u00e4ndigkeit 1891-1911 M\u00e4rcker,\u00a0Friedrich Pfarramt\u00a0I 1898-1910 Neubauer,\u00a0Andreas Pfarramt\u00a0II 1910-1911 Schmidt,\u00a0Hans (Verw.\u00a0in\u00a0Hornbach) 1911-1919 Sch\u00e4fer,\u00a0Oskar Pfarramt\u00a0I 1911-1930 Heussler,\u00a0Jakob Pfarramt\u00a0II 1920-1950 Weber,\u00a0Carl\u00a0August Pfarramt\u00a0I 1931 Dr.\u00a0Ludwig\u00a0Reinhard Pfarramt\u00a0(II?) 1933-1936 Hopp,\u00a0Helmut Pfarramt\u00a0(II?) 1936-1938 Roos,\u00a0Ernst\u00a0Heinrich (Verw.\u00a0in\u00a0Hornbach) 1938-1939 Klein,\u00a0Heinrich (Verw.\u00a0in\u00a0Hornbach) 1949-1951 Risch,\u00a0Erwin\u00a0Theodor Pfarramt\u00a0II 1951-1953 Risch,\u00a0Erwin\u00a0Theodor Pfarramt 1954-1955 Kropp,\u00a0Werner (Vikar\u00a0in\u00a0Hornbach) 1955 Grimm,\u00a0Hans-J\u00fcrgen (Vikar\u00a0in\u00a0Hornbach ?) 1954-1962 Hellmann,\u00a0Dietmar Pfarramt\u2026","rel":"","context":"\u00c4hnlicher Beitrag","block_context":{"text":"\u00c4hnlicher Beitrag","link":""},"img":{"alt_text":"","src":"","width":0,"height":0},"classes":[]},{"id":164,"url":"https:\/\/evk-hornbach.de\/?page_id=164","url_meta":{"origin":51076,"position":4},"title":"Wie man den ganzen Terminkalender f\u00fcr das eigene Smartphone zug\u00e4nglich macht","author":"Christian G\u00fcnther","date":"29. Juli 2016","format":false,"excerpt":"Viele Smartphone-Besitzer h\u00e4tten gerne alles an einem Platz - zB die Termine der Kirchengemeinde in der Kalender-App des eigenen Smartphones oder Tablets. Hierzu muss man am Kalender ganz unten rechts auf die Schaltfl\u00e4che \"Abonnieren\" klicken. Es \u00f6ffnet sich eine Liste mit unterschiedlichen Importierm\u00f6glichkeiten: Wer seine Termine in einen (Windows-)Outlook-Kalender importieren\u2026","rel":"","context":"\u00c4hnlicher Beitrag","block_context":{"text":"\u00c4hnlicher Beitrag","link":""},"img":{"alt_text":"","src":"https:\/\/i0.wp.com\/evk-hornbach.de\/wp-content\/uploads\/2016\/07\/Ktutorial051.jpg?resize=350%2C200&ssl=1","width":350,"height":200,"srcset":"https:\/\/i0.wp.com\/evk-hornbach.de\/wp-content\/uploads\/2016\/07\/Ktutorial051.jpg?resize=350%2C200&ssl=1 1x, https:\/\/i0.wp.com\/evk-hornbach.de\/wp-content\/uploads\/2016\/07\/Ktutorial051.jpg?resize=525%2C300&ssl=1 1.5x, https:\/\/i0.wp.com\/evk-hornbach.de\/wp-content\/uploads\/2016\/07\/Ktutorial051.jpg?resize=700%2C400&ssl=1 2x"},"classes":[]},{"id":669,"url":"https:\/\/evk-hornbach.de\/?page_id=669","url_meta":{"origin":51076,"position":5},"title":"Geistliche Medizin","author":"Christian G\u00fcnther","date":"10. Dezember 2016","format":false,"excerpt":"Inhalt Zuspruch Eine Playliste mit Worshipmusik Bild: \u00dcberraschung im Nebel Challenge Video: Alte Br\u00e4uche zur Weihnachtszeit Video: Festgeklebt Zuspruch und Challenge Predigt zum 3. Advent: In der W\u00fcste gibt es keine Ausreden und kein Entkommen. Zuspruch Eine Playliste mit Worshipmusik Viel Freude beim Anh\u00f6ren!\u00a0\ud83c\udfa7 https:\/\/soundcloud.com\/christian-g-nther-15\/sets\/worship-musik nach oben \u00a0 \u00a0\u00dcberraschung im\u2026","rel":"","context":"\u00c4hnlicher Beitrag","block_context":{"text":"\u00c4hnlicher Beitrag","link":""},"img":{"alt_text":"","src":"https:\/\/i0.wp.com\/evk-hornbach.de\/wp-content\/uploads\/2016\/12\/erbaulich.png?resize=350%2C200&ssl=1","width":350,"height":200,"srcset":"https:\/\/i0.wp.com\/evk-hornbach.de\/wp-content\/uploads\/2016\/12\/erbaulich.png?resize=350%2C200&ssl=1 1x, https:\/\/i0.wp.com\/evk-hornbach.de\/wp-content\/uploads\/2016\/12\/erbaulich.png?resize=525%2C300&ssl=1 1.5x, https:\/\/i0.wp.com\/evk-hornbach.de\/wp-content\/uploads\/2016\/12\/erbaulich.png?resize=700%2C400&ssl=1 2x, https:\/\/i0.wp.com\/evk-hornbach.de\/wp-content\/uploads\/2016\/12\/erbaulich.png?resize=1050%2C600&ssl=1 3x"},"classes":[]}],"jetpack_sharing_enabled":true,"publishpress_future_action":{"enabled":false,"date":"2026-04-13 06:57:41","action":"change-status","newStatus":"draft","terms":[],"taxonomy":"","extraData":[]},"publishpress_future_workflow_manual_trigger":{"enabledWorkflows":[]},"_links":{"self":[{"href":"https:\/\/evk-hornbach.de\/index.php?rest_route=\/wp\/v2\/pages\/51076","targetHints":{"allow":["GET"]}}],"collection":[{"href":"https:\/\/evk-hornbach.de\/index.php?rest_route=\/wp\/v2\/pages"}],"about":[{"href":"https:\/\/evk-hornbach.de\/index.php?rest_route=\/wp\/v2\/types\/page"}],"author":[{"embeddable":true,"href":"https:\/\/evk-hornbach.de\/index.php?rest_route=\/wp\/v2\/users\/2"}],"replies":[{"embeddable":true,"href":"https:\/\/evk-hornbach.de\/index.php?rest_route=%2Fwp%2Fv2%2Fcomments&post=51076"}],"version-history":[{"count":1,"href":"https:\/\/evk-hornbach.de\/index.php?rest_route=\/wp\/v2\/pages\/51076\/revisions"}],"predecessor-version":[{"id":51077,"href":"https:\/\/evk-hornbach.de\/index.php?rest_route=\/wp\/v2\/pages\/51076\/revisions\/51077"}],"wp:attachment":[{"href":"https:\/\/evk-hornbach.de\/index.php?rest_route=%2Fwp%2Fv2%2Fmedia&parent=51076"}],"curies":[{"name":"wp","href":"https:\/\/api.w.org\/{rel}","templated":true}]}}