{"id":39685,"date":"2020-08-27T02:14:50","date_gmt":"2020-08-27T00:14:50","guid":{"rendered":"https:\/\/evk-hornbach.de\/?page_id=39685"},"modified":"2026-04-05T06:57:07","modified_gmt":"2026-04-05T04:57:07","slug":"links-der-prot-kirchengemeinden-hornbach-brenschelbach-und-althornbach","status":"publish","type":"page","link":"https:\/\/evk-hornbach.de\/?page_id=39685","title":{"rendered":"Links der Prot. Kirchengemeinde Hornbachtal mit der Prot. Kirchengemeinde Rimschweiler"},"content":{"rendered":"\n<figure class=\"wp-block-image size-large\"><img loading=\"lazy\" decoding=\"async\" width=\"1024\" height=\"341\" src=\"https:\/\/evk-hornbach.de\/wp-content\/uploads\/2017\/12\/cropped-logov2-1024x341.png\" alt=\"\" class=\"wp-image-54243\" srcset=\"https:\/\/evk-hornbach.de\/wp-content\/uploads\/2017\/12\/cropped-logov2-1024x341.png 1024w, https:\/\/evk-hornbach.de\/wp-content\/uploads\/2017\/12\/cropped-logov2-300x100.png 300w, https:\/\/evk-hornbach.de\/wp-content\/uploads\/2017\/12\/cropped-logov2-768x256.png 768w, https:\/\/evk-hornbach.de\/wp-content\/uploads\/2017\/12\/cropped-logov2.png 1319w\" sizes=\"auto, (max-width: 1024px) 100vw, 1024px\" \/><\/figure>\n\n\n\n<p class=\"has-text-align-center\"><a href=\"https:\/\/youtube.com\/live\/VfBnco7xq2s?feature=share\">Hornbacher Gottesdienst &#8211; Ostersonntag, 05.04.2026, 10 Uhr<\/a><\/p>\n\n\n\n<div class=\"wp-block-button is-style-fill\"><a class=\"wp-block-button__link has-white-color has-primary-background-color has-text-color has-background\" href=\"https:\/\/youtube.com\/live\/qaEDGYtKJIo?feature=share\" rel=\"\">50. Benefizkonzert in der Prot. Klosterkirche Hornbach, 05.01.2025, 17:00 Uhr<\/a><\/div>\n\n\n\n<div class=\"wp-block-button is-style-fill\"><a class=\"wp-block-button__link has-white-color has-primary-background-color has-text-color has-background\" href=\"https:\/\/kitaalthornbach.de\">Neue Internetseite der Prot. Kita Storchennest Althornbach<\/a><\/div>\n\n\n\n<div class=\"wp-block-button is-style-fill\"><a class=\"wp-block-button__link has-white-color has-primary-background-color has-text-color has-background\" href=\"https:\/\/evk-hornbach.de\">Webseite der Prot. Kirchengemeinden Hornbach-Brenschelbach und Althornbach<\/a><\/div>\n\n\n\n<div class=\"wp-block-button is-style-fill\"><a class=\"wp-block-button__link has-primary-background-color has-background\" href=\"https:\/\/www.youtube.com\/channel\/UC3Rx16SrIaUHnai6HRXBTmQ\">YouTube Kanal der Prot. Kirchengemeinden Hornbach-Brenschelbach und Althornbach<\/a><\/div>\n\n\n\n<p><\/p>\n\n\n\n<p><\/p>\n\n\n\n<p><\/p>\n\n\n\n<p><\/p>\n\n\n","protected":false},"excerpt":{"rendered":"<p>Hornbacher Gottesdienst &#8211; Ostersonntag, 05.04.2026, 10 Uhr 50. Benefizkonzert in der Prot. Klosterkirche Hornbach, 05.01.2025, 17:00 Uhr Neue Internetseite der Prot. Kita Storchennest Althornbach Webseite der Prot. Kirchengemeinden Hornbach-Brenschelbach und Althornbach YouTube Kanal der Prot. Kirchengemeinden Hornbach-Brenschelbach und Althornbach<\/p>\n","protected":false},"author":4,"featured_media":0,"parent":0,"menu_order":0,"comment_status":"closed","ping_status":"closed","template":"","meta":{"_uag_custom_page_level_css":"","advgb_blocks_editor_width":"","advgb_blocks_columns_visual_guide":"","episode_type":"","audio_file":"","podmotor_file_id":"","podmotor_episode_id":"","cover_image":"","cover_image_id":"","duration":"","filesize":"","filesize_raw":"","date_recorded":"","explicit":"","block":"","cybocfi_hide_featured_image":"","footnotes":""},"class_list":["post-39685","page","type-page","status-publish","hentry","entry"],"uagb_featured_image_src":{"full":false,"thumbnail":false,"medium":false,"medium_large":false,"large":false,"ug_big":false,"1536x1536":false,"2048x2048":false,"post-thumbnail":false},"uagb_author_info":{"display_name":"Patrick Gauter","author_link":"https:\/\/evk-hornbach.de\/?author=4"},"uagb_comment_info":0,"uagb_excerpt":"Hornbacher Gottesdienst &#8211; Ostersonntag, 05.04.2026, 10 Uhr 50. Benefizkonzert in der Prot. Klosterkirche Hornbach, 05.01.2025, 17:00 Uhr Neue Internetseite der Prot. Kita Storchennest Althornbach Webseite der Prot. Kirchengemeinden Hornbach-Brenschelbach und Althornbach YouTube Kanal der Prot. Kirchengemeinden Hornbach-Brenschelbach und Althornbach","coauthors":[],"author_meta":{"author_link":"https:\/\/evk-hornbach.de\/?author=4","display_name":"Patrick Gauter"},"relative_dates":{"created":"Posted 6\u00a0Jahren ago","modified":"Updated 24\u00a0Stunden ago"},"absolute_dates":{"created":"Posted on 27. August 2020","modified":"Updated on 5. April 2026"},"absolute_dates_time":{"created":"Posted on 27. August 2020 2:14","modified":"Updated on 5. April 2026 6:57"},"featured_img_caption":"","featured_img":false,"series_order":"","jetpack-related-posts":[{"id":50437,"url":"https:\/\/evk-hornbach.de\/","url_meta":{"origin":39685,"position":0},"title":"\u00dcberblick","author":"Christian G\u00fcnther","date":"5. November 2024","format":false,"excerpt":"Gru\u00dfwort Herzlich willkommen auf unserer Homepage! Wir, die Prot. Kirchengemeinde Hornbachtal zusammen mit der Prot. Kirchengemeinde Rimschweiler, m\u00f6chten Sie einladen, an unserem reichen Gemeindeleben teilzuhaben. Und wir haben einiges zu bieten: von der Taufe \u00fcber Krabbelgruppe, KiTa und Grundschule, eine bl\u00fchende Jugendarbeit: erlebnisorientierte Konfirmand*innen-Arbeit, lebendige Jugendgruppen und die beliebte Jugendfreizeit\u2026","rel":"","context":"\u00c4hnlicher Beitrag","block_context":{"text":"\u00c4hnlicher Beitrag","link":""},"img":{"alt_text":"","src":"https:\/\/i0.wp.com\/evk-hornbach.de\/wp-content\/uploads\/2025\/01\/losungsandachten2025.png?resize=350%2C200&ssl=1","width":350,"height":200,"srcset":"https:\/\/i0.wp.com\/evk-hornbach.de\/wp-content\/uploads\/2025\/01\/losungsandachten2025.png?resize=350%2C200&ssl=1 1x, https:\/\/i0.wp.com\/evk-hornbach.de\/wp-content\/uploads\/2025\/01\/losungsandachten2025.png?resize=525%2C300&ssl=1 1.5x, https:\/\/i0.wp.com\/evk-hornbach.de\/wp-content\/uploads\/2025\/01\/losungsandachten2025.png?resize=700%2C400&ssl=1 2x"},"classes":[]},{"id":85,"url":"https:\/\/evk-hornbach.de\/?page_id=85","url_meta":{"origin":39685,"position":1},"title":"Impressum","author":"Christian G\u00fcnther","date":"29. Juli 2016","format":false,"excerpt":"Angaben gem\u00e4\u00df \u00a7 5 TMG und Abschnitt 2 DSGVO Daniel Seel Im Klosterbezirk 66500 Hornbach Kontakt: Telefon:\u00a006338 993040 E-Mail: pfarramt@evk-hornbach.de Verantwortlich f\u00fcr den Inhalt nach \u00a7 55 Abs. 2 RStV: Christian G\u00fcnther Eckstr. 19 66500 Mauschbach Datenschutzerkl\u00e4rung Haftungsausschluss DATENSCHUTZERKL\u00c4RUNG Wir freuen uns sehr \u00fcber Ihr Interesse an unserer Kirchengemeinde. Datenschutz\u2026","rel":"","context":"\u00c4hnlicher Beitrag","block_context":{"text":"\u00c4hnlicher Beitrag","link":""},"img":{"alt_text":"","src":"","width":0,"height":0},"classes":[]},{"id":279,"url":"https:\/\/evk-hornbach.de\/?page_id=279","url_meta":{"origin":39685,"position":2},"title":"Christliche Glaubensgemeinschaften in unserer Nachbarschaft","author":"Christian G\u00fcnther","date":"8. August 2016","format":false,"excerpt":"Neben den Nachbarpfarreien unserer eigenen Landeskirche Rimschweiler-Mittelbach Walsheim-Breitfurt Gro\u00dfsteinhausen bestehen auch zu den Kirchengemeinden anderer Konfessionen Kontakte auf unterschiedlichen Ebenen (Kreise, Jugendarbeit, Gottesdienste, Projekte) und eine gute Zusammenarbeit. \u00a0 Derzeit gibt es\u00a0insbesondere zur katholischen Kirchengemeinde, die seit 2014 zur Pfarreiengemeinschaft Contwig geh\u00f6rt, ein herzliches und partnerschaftliches Verh\u00e4ltnis. Dies gilt ebenso\u2026","rel":"","context":"\u00c4hnlicher Beitrag","block_context":{"text":"\u00c4hnlicher Beitrag","link":""},"img":{"alt_text":"By atreyu (Own work) [CC BY-SA 4.0 (http:\/\/creativecommons.org\/licenses\/by-sa\/4.0)], via Wikimedia Commons","src":"https:\/\/upload.wikimedia.org\/wikipedia\/commons\/5\/5c\/Hornbach_Katholische_Kirche_St._Pirminius_02.JPG","width":350,"height":200},"classes":[]},{"id":39772,"url":"https:\/\/evk-hornbach.de\/?page_id=39772","url_meta":{"origin":39685,"position":3},"title":"Kita","author":"Patrick Gauter","date":"8. September 2020","format":false,"excerpt":"Homepage der Prot. Kita Hornbach Homepage der Prot. Kita Storchennest Althornbach","rel":"","context":"\u00c4hnlicher Beitrag","block_context":{"text":"\u00c4hnlicher Beitrag","link":""},"img":{"alt_text":"","src":"","width":0,"height":0},"classes":[]},{"id":164,"url":"https:\/\/evk-hornbach.de\/?page_id=164","url_meta":{"origin":39685,"position":4},"title":"Wie man den ganzen Terminkalender f\u00fcr das eigene Smartphone zug\u00e4nglich macht","author":"Christian G\u00fcnther","date":"29. Juli 2016","format":false,"excerpt":"Viele Smartphone-Besitzer h\u00e4tten gerne alles an einem Platz - zB die Termine der Kirchengemeinde in der Kalender-App des eigenen Smartphones oder Tablets. Hierzu muss man am Kalender ganz unten rechts auf die Schaltfl\u00e4che \"Abonnieren\" klicken. Es \u00f6ffnet sich eine Liste mit unterschiedlichen Importierm\u00f6glichkeiten: Wer seine Termine in einen (Windows-)Outlook-Kalender importieren\u2026","rel":"","context":"\u00c4hnlicher Beitrag","block_context":{"text":"\u00c4hnlicher Beitrag","link":""},"img":{"alt_text":"","src":"https:\/\/i0.wp.com\/evk-hornbach.de\/wp-content\/uploads\/2016\/07\/Ktutorial051.jpg?resize=350%2C200&ssl=1","width":350,"height":200,"srcset":"https:\/\/i0.wp.com\/evk-hornbach.de\/wp-content\/uploads\/2016\/07\/Ktutorial051.jpg?resize=350%2C200&ssl=1 1x, https:\/\/i0.wp.com\/evk-hornbach.de\/wp-content\/uploads\/2016\/07\/Ktutorial051.jpg?resize=525%2C300&ssl=1 1.5x, https:\/\/i0.wp.com\/evk-hornbach.de\/wp-content\/uploads\/2016\/07\/Ktutorial051.jpg?resize=700%2C400&ssl=1 2x"},"classes":[]},{"id":267,"url":"https:\/\/evk-hornbach.de\/?page_id=267","url_meta":{"origin":39685,"position":5},"title":"F\u00f6rderverein Feuer und Flamme","author":"Christian G\u00fcnther","date":"4. August 2016","format":false,"excerpt":"Wir sind Christen, denen die Jugendarbeit und Gemeindearbeit wichtig ist. Aus diesem Grunde haben wir \u201eFeuer und Flamme\u201c gegr\u00fcndet, einen Verein, der seinen Schwerpunkt in der Unterst\u00fctzung kirchlicher Jugendarbeit in den Kirchengemeinden Hornbach und Brenschelbach hat. Im Zusammenleben in Gruppen und Freizeiten wird soziales Verhalten einge\u00fcbt und wir vermitteln Werte.\u2026","rel":"","context":"\u00c4hnlicher Beitrag","block_context":{"text":"\u00c4hnlicher Beitrag","link":""},"img":{"alt_text":"","src":"https:\/\/i0.wp.com\/evk-hornbach.de\/wp-content\/uploads\/2016\/08\/Feuer-und-flamme-titel1.jpg?resize=350%2C200&ssl=1","width":350,"height":200,"srcset":"https:\/\/i0.wp.com\/evk-hornbach.de\/wp-content\/uploads\/2016\/08\/Feuer-und-flamme-titel1.jpg?resize=350%2C200&ssl=1 1x, https:\/\/i0.wp.com\/evk-hornbach.de\/wp-content\/uploads\/2016\/08\/Feuer-und-flamme-titel1.jpg?resize=525%2C300&ssl=1 1.5x, https:\/\/i0.wp.com\/evk-hornbach.de\/wp-content\/uploads\/2016\/08\/Feuer-und-flamme-titel1.jpg?resize=700%2C400&ssl=1 2x"},"classes":[]}],"jetpack_sharing_enabled":true,"publishpress_future_action":{"enabled":false,"date":"2026-04-13 08:36:57","action":"change-status","newStatus":"draft","terms":[],"taxonomy":"","extraData":[]},"publishpress_future_workflow_manual_trigger":{"enabledWorkflows":[]},"_links":{"self":[{"href":"https:\/\/evk-hornbach.de\/index.php?rest_route=\/wp\/v2\/pages\/39685","targetHints":{"allow":["GET"]}}],"collection":[{"href":"https:\/\/evk-hornbach.de\/index.php?rest_route=\/wp\/v2\/pages"}],"about":[{"href":"https:\/\/evk-hornbach.de\/index.php?rest_route=\/wp\/v2\/types\/page"}],"author":[{"embeddable":true,"href":"https:\/\/evk-hornbach.de\/index.php?rest_route=\/wp\/v2\/users\/4"}],"replies":[{"embeddable":true,"href":"https:\/\/evk-hornbach.de\/index.php?rest_route=%2Fwp%2Fv2%2Fcomments&post=39685"}],"version-history":[{"count":251,"href":"https:\/\/evk-hornbach.de\/index.php?rest_route=\/wp\/v2\/pages\/39685\/revisions"}],"predecessor-version":[{"id":54890,"href":"https:\/\/evk-hornbach.de\/index.php?rest_route=\/wp\/v2\/pages\/39685\/revisions\/54890"}],"wp:attachment":[{"href":"https:\/\/evk-hornbach.de\/index.php?rest_route=%2Fwp%2Fv2%2Fmedia&parent=39685"}],"curies":[{"name":"wp","href":"https:\/\/api.w.org\/{rel}","templated":true}]}}