{"id":38853,"date":"2020-04-30T19:50:41","date_gmt":"2020-04-30T17:50:41","guid":{"rendered":"https:\/\/evk-hornbach.de\/?page_id=38853"},"modified":"2020-04-30T19:50:41","modified_gmt":"2020-04-30T17:50:41","slug":"ride-on-king-jesus-clc-youth-choir-1990","status":"publish","type":"page","link":"https:\/\/evk-hornbach.de\/?page_id=38853","title":{"rendered":"Ride on King Jesus (CLC Youth Choir, 1990)"},"content":{"rendered":"<div class=\"h5p-iframe-wrapper\"><iframe id=\"h5p-iframe-59\" class=\"h5p-iframe\" data-content-id=\"59\" style=\"height:1px\" src=\"about:blank\" frameBorder=\"0\" scrolling=\"no\" title=\"Ride on, King Jesus\"><\/iframe><\/div>\n","protected":false},"excerpt":{"rendered":"","protected":false},"author":2,"featured_media":0,"parent":0,"menu_order":0,"comment_status":"closed","ping_status":"closed","template":"","meta":{"_uag_custom_page_level_css":"","advgb_blocks_editor_width":"","advgb_blocks_columns_visual_guide":"","episode_type":"","audio_file":"","podmotor_file_id":"","podmotor_episode_id":"","cover_image":"","cover_image_id":"","duration":"","filesize":"","filesize_raw":"","date_recorded":"","explicit":"","block":"","cybocfi_hide_featured_image":"","footnotes":""},"class_list":["post-38853","page","type-page","status-publish","hentry","entry"],"uagb_featured_image_src":{"full":false,"thumbnail":false,"medium":false,"medium_large":false,"large":false,"ug_big":false,"1536x1536":false,"2048x2048":false,"post-thumbnail":false},"uagb_author_info":{"display_name":"Christian G\u00fcnther","author_link":"https:\/\/evk-hornbach.de\/?author=2"},"uagb_comment_info":0,"uagb_excerpt":null,"coauthors":[],"author_meta":{"author_link":"https:\/\/evk-hornbach.de\/?author=2","display_name":"Christian G\u00fcnther"},"relative_dates":{"created":"Posted 6\u00a0Jahren ago","modified":"Updated 6\u00a0Jahren ago"},"absolute_dates":{"created":"Posted on 30. April 2020","modified":"Updated on 30. April 2020"},"absolute_dates_time":{"created":"Posted on 30. April 2020 19:50","modified":"Updated on 30. April 2020 19:50"},"featured_img_caption":"","featured_img":false,"series_order":"","jetpack-related-posts":[{"id":1890,"url":"https:\/\/evk-hornbach.de\/?page_id=1890","url_meta":{"origin":38853,"position":0},"title":"Die Quizfrage vom 20. Dezember","author":"Christian G\u00fcnther","date":"26. November 2017","format":false,"excerpt":"Unweihnachtlicher Weihnachts-Popsong Hier die Lieder zum Ansehen ...","rel":"","context":"\u00c4hnlicher Beitrag","block_context":{"text":"\u00c4hnlicher Beitrag","link":""},"img":{"alt_text":"","src":"https:\/\/i0.wp.com\/evk-hornbach.de\/wp-content\/uploads\/2017\/11\/adventskalender-banner.jpg?resize=350%2C200&ssl=1","width":350,"height":200,"srcset":"https:\/\/i0.wp.com\/evk-hornbach.de\/wp-content\/uploads\/2017\/11\/adventskalender-banner.jpg?resize=350%2C200&ssl=1 1x, https:\/\/i0.wp.com\/evk-hornbach.de\/wp-content\/uploads\/2017\/11\/adventskalender-banner.jpg?resize=525%2C300&ssl=1 1.5x, https:\/\/i0.wp.com\/evk-hornbach.de\/wp-content\/uploads\/2017\/11\/adventskalender-banner.jpg?resize=700%2C400&ssl=1 2x, https:\/\/i0.wp.com\/evk-hornbach.de\/wp-content\/uploads\/2017\/11\/adventskalender-banner.jpg?resize=1050%2C600&ssl=1 3x"},"classes":[]},{"id":1876,"url":"https:\/\/evk-hornbach.de\/?page_id=1876","url_meta":{"origin":38853,"position":1},"title":"Die Quizfrage vom 3. Dezember","author":"Christian G\u00fcnther","date":"25. November 2017","format":false,"excerpt":"","rel":"","context":"\u00c4hnlicher Beitrag","block_context":{"text":"\u00c4hnlicher Beitrag","link":""},"img":{"alt_text":"","src":"https:\/\/i0.wp.com\/evk-hornbach.de\/wp-content\/uploads\/2017\/11\/adventskalender-banner.jpg?resize=350%2C200&ssl=1","width":350,"height":200,"srcset":"https:\/\/i0.wp.com\/evk-hornbach.de\/wp-content\/uploads\/2017\/11\/adventskalender-banner.jpg?resize=350%2C200&ssl=1 1x, https:\/\/i0.wp.com\/evk-hornbach.de\/wp-content\/uploads\/2017\/11\/adventskalender-banner.jpg?resize=525%2C300&ssl=1 1.5x, https:\/\/i0.wp.com\/evk-hornbach.de\/wp-content\/uploads\/2017\/11\/adventskalender-banner.jpg?resize=700%2C400&ssl=1 2x, https:\/\/i0.wp.com\/evk-hornbach.de\/wp-content\/uploads\/2017\/11\/adventskalender-banner.jpg?resize=1050%2C600&ssl=1 3x"},"classes":[]},{"id":1887,"url":"https:\/\/evk-hornbach.de\/?page_id=1887","url_meta":{"origin":38853,"position":2},"title":"Die Quizfrage vom 4. Dezember","author":"Christian G\u00fcnther","date":"26. November 2017","format":false,"excerpt":"Spekulatius-Pl\u00e4tzchen backen","rel":"","context":"\u00c4hnlicher Beitrag","block_context":{"text":"\u00c4hnlicher Beitrag","link":""},"img":{"alt_text":"","src":"https:\/\/i0.wp.com\/evk-hornbach.de\/wp-content\/uploads\/2017\/11\/adventskalender-banner.jpg?resize=350%2C200&ssl=1","width":350,"height":200,"srcset":"https:\/\/i0.wp.com\/evk-hornbach.de\/wp-content\/uploads\/2017\/11\/adventskalender-banner.jpg?resize=350%2C200&ssl=1 1x, https:\/\/i0.wp.com\/evk-hornbach.de\/wp-content\/uploads\/2017\/11\/adventskalender-banner.jpg?resize=525%2C300&ssl=1 1.5x, https:\/\/i0.wp.com\/evk-hornbach.de\/wp-content\/uploads\/2017\/11\/adventskalender-banner.jpg?resize=700%2C400&ssl=1 2x, https:\/\/i0.wp.com\/evk-hornbach.de\/wp-content\/uploads\/2017\/11\/adventskalender-banner.jpg?resize=1050%2C600&ssl=1 3x"},"classes":[]},{"id":1839,"url":"https:\/\/evk-hornbach.de\/?page_id=1839","url_meta":{"origin":38853,"position":3},"title":"Die Quizfrage vom 1. Dezember","author":"Christian G\u00fcnther","date":"25. November 2017","format":false,"excerpt":"Eine sch\u00f6ne und friedliche Advents- und Weihnachtszeit ... ... w\u00fcnschen Euch die Kirchengemeinden Hornbach-Brenschelbach und Althornbach!","rel":"","context":"\u00c4hnlicher Beitrag","block_context":{"text":"\u00c4hnlicher Beitrag","link":""},"img":{"alt_text":"","src":"https:\/\/i0.wp.com\/evk-hornbach.de\/wp-content\/uploads\/2017\/11\/adventskalender-banner.jpg?resize=350%2C200&ssl=1","width":350,"height":200,"srcset":"https:\/\/i0.wp.com\/evk-hornbach.de\/wp-content\/uploads\/2017\/11\/adventskalender-banner.jpg?resize=350%2C200&ssl=1 1x, https:\/\/i0.wp.com\/evk-hornbach.de\/wp-content\/uploads\/2017\/11\/adventskalender-banner.jpg?resize=525%2C300&ssl=1 1.5x, https:\/\/i0.wp.com\/evk-hornbach.de\/wp-content\/uploads\/2017\/11\/adventskalender-banner.jpg?resize=700%2C400&ssl=1 2x, https:\/\/i0.wp.com\/evk-hornbach.de\/wp-content\/uploads\/2017\/11\/adventskalender-banner.jpg?resize=1050%2C600&ssl=1 3x"},"classes":[]},{"id":1881,"url":"https:\/\/evk-hornbach.de\/?page_id=1881","url_meta":{"origin":38853,"position":4},"title":"Die Quizfrage vom 2. Dezember","author":"Christian G\u00fcnther","date":"26. November 2017","format":false,"excerpt":"Obacht, die Frage kommt gleich ... und nochmal obacht: Es k\u00f6nnten mehrere Antworten richtig sein!","rel":"","context":"\u00c4hnlicher Beitrag","block_context":{"text":"\u00c4hnlicher Beitrag","link":""},"img":{"alt_text":"","src":"https:\/\/i0.wp.com\/evk-hornbach.de\/wp-content\/uploads\/2017\/11\/adventskalender-banner.jpg?resize=350%2C200&ssl=1","width":350,"height":200,"srcset":"https:\/\/i0.wp.com\/evk-hornbach.de\/wp-content\/uploads\/2017\/11\/adventskalender-banner.jpg?resize=350%2C200&ssl=1 1x, https:\/\/i0.wp.com\/evk-hornbach.de\/wp-content\/uploads\/2017\/11\/adventskalender-banner.jpg?resize=525%2C300&ssl=1 1.5x, https:\/\/i0.wp.com\/evk-hornbach.de\/wp-content\/uploads\/2017\/11\/adventskalender-banner.jpg?resize=700%2C400&ssl=1 2x, https:\/\/i0.wp.com\/evk-hornbach.de\/wp-content\/uploads\/2017\/11\/adventskalender-banner.jpg?resize=1050%2C600&ssl=1 3x"},"classes":[]},{"id":50437,"url":"https:\/\/evk-hornbach.de\/","url_meta":{"origin":38853,"position":5},"title":"\u00dcberblick","author":"Christian G\u00fcnther","date":"5. November 2024","format":false,"excerpt":"Gru\u00dfwort Herzlich willkommen auf unserer Homepage! Wir, die Prot. Kirchengemeinde Hornbachtal zusammen mit der Prot. Kirchengemeinde Rimschweiler, m\u00f6chten Sie einladen, an unserem reichen Gemeindeleben teilzuhaben. Und wir haben einiges zu bieten: von der Taufe \u00fcber Krabbelgruppe, KiTa und Grundschule, eine bl\u00fchende Jugendarbeit: erlebnisorientierte Konfirmand*innen-Arbeit, lebendige Jugendgruppen und die beliebte Jugendfreizeit\u2026","rel":"","context":"\u00c4hnlicher Beitrag","block_context":{"text":"\u00c4hnlicher Beitrag","link":""},"img":{"alt_text":"","src":"https:\/\/i0.wp.com\/evk-hornbach.de\/wp-content\/uploads\/2025\/01\/losungsandachten2025.png?resize=350%2C200&ssl=1","width":350,"height":200,"srcset":"https:\/\/i0.wp.com\/evk-hornbach.de\/wp-content\/uploads\/2025\/01\/losungsandachten2025.png?resize=350%2C200&ssl=1 1x, https:\/\/i0.wp.com\/evk-hornbach.de\/wp-content\/uploads\/2025\/01\/losungsandachten2025.png?resize=525%2C300&ssl=1 1.5x, https:\/\/i0.wp.com\/evk-hornbach.de\/wp-content\/uploads\/2025\/01\/losungsandachten2025.png?resize=700%2C400&ssl=1 2x"},"classes":[]}],"jetpack_sharing_enabled":true,"publishpress_future_action":{"enabled":false,"date":"2026-04-13 08:38:57","action":"change-status","newStatus":"draft","terms":[],"taxonomy":"","extraData":[]},"publishpress_future_workflow_manual_trigger":{"enabledWorkflows":[]},"_links":{"self":[{"href":"https:\/\/evk-hornbach.de\/index.php?rest_route=\/wp\/v2\/pages\/38853","targetHints":{"allow":["GET"]}}],"collection":[{"href":"https:\/\/evk-hornbach.de\/index.php?rest_route=\/wp\/v2\/pages"}],"about":[{"href":"https:\/\/evk-hornbach.de\/index.php?rest_route=\/wp\/v2\/types\/page"}],"author":[{"embeddable":true,"href":"https:\/\/evk-hornbach.de\/index.php?rest_route=\/wp\/v2\/users\/2"}],"replies":[{"embeddable":true,"href":"https:\/\/evk-hornbach.de\/index.php?rest_route=%2Fwp%2Fv2%2Fcomments&post=38853"}],"version-history":[{"count":1,"href":"https:\/\/evk-hornbach.de\/index.php?rest_route=\/wp\/v2\/pages\/38853\/revisions"}],"predecessor-version":[{"id":38854,"href":"https:\/\/evk-hornbach.de\/index.php?rest_route=\/wp\/v2\/pages\/38853\/revisions\/38854"}],"wp:attachment":[{"href":"https:\/\/evk-hornbach.de\/index.php?rest_route=%2Fwp%2Fv2%2Fmedia&parent=38853"}],"curies":[{"name":"wp","href":"https:\/\/api.w.org\/{rel}","templated":true}]}}