{"id":38146,"date":"2019-11-23T11:44:23","date_gmt":"2019-11-23T10:44:23","guid":{"rendered":"https:\/\/evk-hornbach.de\/?page_id=38146"},"modified":"2019-11-23T17:50:16","modified_gmt":"2019-11-23T16:50:16","slug":"veranstaltungsdetails","status":"publish","type":"page","link":"https:\/\/evk-hornbach.de\/?page_id=38146","title":{"rendered":"Veranstaltungsdetails"},"content":{"rendered":"    <div class=\"kirchenplaner\" ng-controller=\"kirchenPlanerCtrl\" ng-init=\"init_uid(1)\">\r\n        <!-- Rendering done in Templates located in EXT:ax_kirchenplaner\/Resources\/Public\/Angular\/templates\/ or Custom Template defined in TYPO3 Backend -->\r\n        <!-- Copy them and upload custom template to adjust layout to your needs -->\r\n        <div ng-include=\"template\"><\/div>\r\n    <\/div>\r\n    \n","protected":false},"excerpt":{"rendered":"","protected":false},"author":4,"featured_media":0,"parent":0,"menu_order":0,"comment_status":"closed","ping_status":"closed","template":"","meta":{"_uag_custom_page_level_css":"","advgb_blocks_editor_width":"","advgb_blocks_columns_visual_guide":"","episode_type":"","audio_file":"","podmotor_file_id":"","podmotor_episode_id":"","cover_image":"","cover_image_id":"","duration":"","filesize":"","filesize_raw":"","date_recorded":"","explicit":"","block":"","cybocfi_hide_featured_image":"","footnotes":""},"class_list":["post-38146","page","type-page","status-publish","hentry","entry"],"uagb_featured_image_src":{"full":false,"thumbnail":false,"medium":false,"medium_large":false,"large":false,"ug_big":false,"1536x1536":false,"2048x2048":false,"post-thumbnail":false},"uagb_author_info":{"display_name":"Patrick Gauter","author_link":"https:\/\/evk-hornbach.de\/?author=4"},"uagb_comment_info":0,"uagb_excerpt":null,"coauthors":[],"author_meta":{"author_link":"https:\/\/evk-hornbach.de\/?author=4","display_name":"Patrick Gauter"},"relative_dates":{"created":"Posted 6\u00a0Jahren ago","modified":"Updated 6\u00a0Jahren ago"},"absolute_dates":{"created":"Posted on 23. November 2019","modified":"Updated on 23. November 2019"},"absolute_dates_time":{"created":"Posted on 23. November 2019 11:44","modified":"Updated on 23. November 2019 17:50"},"featured_img_caption":"","featured_img":false,"series_order":"","jetpack-related-posts":[{"id":38143,"url":"https:\/\/evk-hornbach.de\/?page_id=38143","url_meta":{"origin":38146,"position":0},"title":"Veranstaltungskalender","author":"Patrick Gauter","date":"23. November 2019","format":false,"excerpt":"","rel":"","context":"\u00c4hnlicher Beitrag","block_context":{"text":"\u00c4hnlicher Beitrag","link":""},"img":{"alt_text":"","src":"","width":0,"height":0},"classes":[]},{"id":319,"url":"https:\/\/evk-hornbach.de\/?page_id=319","url_meta":{"origin":38146,"position":1},"title":"Termine","author":"Christian G\u00fcnther","date":"27. August 2016","format":false,"excerpt":"Wir freuen uns, den neuen Veranstaltungskalender pr\u00e4sentieren zu k\u00f6nnen! Hier noch zwei Hinweise: Da der Kalender manchmal weiter in die Zukunft reicht als unsere eigene Planung, weisen wir darauf hin, dass nur alle Termine des aktuellen Monats sicher geplant sind (bzw so ca. ab dem 25. eines Monats auch der\u2026","rel":"","context":"\u00c4hnlicher Beitrag","block_context":{"text":"\u00c4hnlicher Beitrag","link":""},"img":{"alt_text":"","src":"","width":0,"height":0},"classes":[]},{"id":1839,"url":"https:\/\/evk-hornbach.de\/?page_id=1839","url_meta":{"origin":38146,"position":2},"title":"Die Quizfrage vom 1. Dezember","author":"Christian G\u00fcnther","date":"25. November 2017","format":false,"excerpt":"Eine sch\u00f6ne und friedliche Advents- und Weihnachtszeit ... ... w\u00fcnschen Euch die Kirchengemeinden Hornbach-Brenschelbach und Althornbach!","rel":"","context":"\u00c4hnlicher Beitrag","block_context":{"text":"\u00c4hnlicher Beitrag","link":""},"img":{"alt_text":"","src":"https:\/\/i0.wp.com\/evk-hornbach.de\/wp-content\/uploads\/2017\/11\/adventskalender-banner.jpg?resize=350%2C200&ssl=1","width":350,"height":200,"srcset":"https:\/\/i0.wp.com\/evk-hornbach.de\/wp-content\/uploads\/2017\/11\/adventskalender-banner.jpg?resize=350%2C200&ssl=1 1x, https:\/\/i0.wp.com\/evk-hornbach.de\/wp-content\/uploads\/2017\/11\/adventskalender-banner.jpg?resize=525%2C300&ssl=1 1.5x, https:\/\/i0.wp.com\/evk-hornbach.de\/wp-content\/uploads\/2017\/11\/adventskalender-banner.jpg?resize=700%2C400&ssl=1 2x, https:\/\/i0.wp.com\/evk-hornbach.de\/wp-content\/uploads\/2017\/11\/adventskalender-banner.jpg?resize=1050%2C600&ssl=1 3x"},"classes":[]},{"id":1876,"url":"https:\/\/evk-hornbach.de\/?page_id=1876","url_meta":{"origin":38146,"position":3},"title":"Die Quizfrage vom 3. Dezember","author":"Christian G\u00fcnther","date":"25. November 2017","format":false,"excerpt":"","rel":"","context":"\u00c4hnlicher Beitrag","block_context":{"text":"\u00c4hnlicher Beitrag","link":""},"img":{"alt_text":"","src":"https:\/\/i0.wp.com\/evk-hornbach.de\/wp-content\/uploads\/2017\/11\/adventskalender-banner.jpg?resize=350%2C200&ssl=1","width":350,"height":200,"srcset":"https:\/\/i0.wp.com\/evk-hornbach.de\/wp-content\/uploads\/2017\/11\/adventskalender-banner.jpg?resize=350%2C200&ssl=1 1x, https:\/\/i0.wp.com\/evk-hornbach.de\/wp-content\/uploads\/2017\/11\/adventskalender-banner.jpg?resize=525%2C300&ssl=1 1.5x, https:\/\/i0.wp.com\/evk-hornbach.de\/wp-content\/uploads\/2017\/11\/adventskalender-banner.jpg?resize=700%2C400&ssl=1 2x, https:\/\/i0.wp.com\/evk-hornbach.de\/wp-content\/uploads\/2017\/11\/adventskalender-banner.jpg?resize=1050%2C600&ssl=1 3x"},"classes":[]},{"id":1887,"url":"https:\/\/evk-hornbach.de\/?page_id=1887","url_meta":{"origin":38146,"position":4},"title":"Die Quizfrage vom 4. Dezember","author":"Christian G\u00fcnther","date":"26. November 2017","format":false,"excerpt":"Spekulatius-Pl\u00e4tzchen backen","rel":"","context":"\u00c4hnlicher Beitrag","block_context":{"text":"\u00c4hnlicher Beitrag","link":""},"img":{"alt_text":"","src":"https:\/\/i0.wp.com\/evk-hornbach.de\/wp-content\/uploads\/2017\/11\/adventskalender-banner.jpg?resize=350%2C200&ssl=1","width":350,"height":200,"srcset":"https:\/\/i0.wp.com\/evk-hornbach.de\/wp-content\/uploads\/2017\/11\/adventskalender-banner.jpg?resize=350%2C200&ssl=1 1x, https:\/\/i0.wp.com\/evk-hornbach.de\/wp-content\/uploads\/2017\/11\/adventskalender-banner.jpg?resize=525%2C300&ssl=1 1.5x, https:\/\/i0.wp.com\/evk-hornbach.de\/wp-content\/uploads\/2017\/11\/adventskalender-banner.jpg?resize=700%2C400&ssl=1 2x, https:\/\/i0.wp.com\/evk-hornbach.de\/wp-content\/uploads\/2017\/11\/adventskalender-banner.jpg?resize=1050%2C600&ssl=1 3x"},"classes":[]},{"id":1881,"url":"https:\/\/evk-hornbach.de\/?page_id=1881","url_meta":{"origin":38146,"position":5},"title":"Die Quizfrage vom 2. Dezember","author":"Christian G\u00fcnther","date":"26. November 2017","format":false,"excerpt":"Obacht, die Frage kommt gleich ... und nochmal obacht: Es k\u00f6nnten mehrere Antworten richtig sein!","rel":"","context":"\u00c4hnlicher Beitrag","block_context":{"text":"\u00c4hnlicher Beitrag","link":""},"img":{"alt_text":"","src":"https:\/\/i0.wp.com\/evk-hornbach.de\/wp-content\/uploads\/2017\/11\/adventskalender-banner.jpg?resize=350%2C200&ssl=1","width":350,"height":200,"srcset":"https:\/\/i0.wp.com\/evk-hornbach.de\/wp-content\/uploads\/2017\/11\/adventskalender-banner.jpg?resize=350%2C200&ssl=1 1x, https:\/\/i0.wp.com\/evk-hornbach.de\/wp-content\/uploads\/2017\/11\/adventskalender-banner.jpg?resize=525%2C300&ssl=1 1.5x, https:\/\/i0.wp.com\/evk-hornbach.de\/wp-content\/uploads\/2017\/11\/adventskalender-banner.jpg?resize=700%2C400&ssl=1 2x, https:\/\/i0.wp.com\/evk-hornbach.de\/wp-content\/uploads\/2017\/11\/adventskalender-banner.jpg?resize=1050%2C600&ssl=1 3x"},"classes":[]}],"jetpack_sharing_enabled":true,"publishpress_future_action":{"enabled":false,"date":"2026-04-13 08:50:25","action":"change-status","newStatus":"draft","terms":[],"taxonomy":"","extraData":[]},"publishpress_future_workflow_manual_trigger":{"enabledWorkflows":[]},"_links":{"self":[{"href":"https:\/\/evk-hornbach.de\/index.php?rest_route=\/wp\/v2\/pages\/38146","targetHints":{"allow":["GET"]}}],"collection":[{"href":"https:\/\/evk-hornbach.de\/index.php?rest_route=\/wp\/v2\/pages"}],"about":[{"href":"https:\/\/evk-hornbach.de\/index.php?rest_route=\/wp\/v2\/types\/page"}],"author":[{"embeddable":true,"href":"https:\/\/evk-hornbach.de\/index.php?rest_route=\/wp\/v2\/users\/4"}],"replies":[{"embeddable":true,"href":"https:\/\/evk-hornbach.de\/index.php?rest_route=%2Fwp%2Fv2%2Fcomments&post=38146"}],"version-history":[{"count":4,"href":"https:\/\/evk-hornbach.de\/index.php?rest_route=\/wp\/v2\/pages\/38146\/revisions"}],"predecessor-version":[{"id":38156,"href":"https:\/\/evk-hornbach.de\/index.php?rest_route=\/wp\/v2\/pages\/38146\/revisions\/38156"}],"wp:attachment":[{"href":"https:\/\/evk-hornbach.de\/index.php?rest_route=%2Fwp%2Fv2%2Fmedia&parent=38146"}],"curies":[{"name":"wp","href":"https:\/\/api.w.org\/{rel}","templated":true}]}}