{"id":3322,"date":"2018-12-27T22:45:59","date_gmt":"2018-12-27T21:45:59","guid":{"rendered":"https:\/\/evk-hornbach.de\/?page_id=3322"},"modified":"2024-09-25T21:25:16","modified_gmt":"2024-09-25T19:25:16","slug":"predigtarchiv-2","status":"publish","type":"page","link":"https:\/\/evk-hornbach.de\/?page_id=3322","title":{"rendered":"Predigtarchiv"},"content":{"rendered":"\r\n\r\n\r\n<p><strong>Wenn nicht anders gekennzeichnet, verweisen die Predigtlinks auf PDF-Dateien, die man herunterladen und ausdrucken oder am Bildschirm lesen kann.<\/strong><\/p>\r\n<p><em>N\u00e4here Informationen \u00fcber die einzelnen Sonntage und ihre Predigttexte finden Sie <a href=\"https:\/\/www.kirchenjahr-evangelisch.de\/#2023-35-0-0\" target=\"_blank\" rel=\"noopener\"><strong>hier<\/strong><\/a>.<\/em><\/p>\r\n<ul style=\"list-style-type: disc;\">\r\n<li>Predigt vom 13.8.23 &#8211; <a href=\"https:\/\/evk-hornbach.de\/wp-content\/uploads\/2017\/12\/Predigt-130823-Dtn45ff.pdf\"><strong>Predigt zum 10. Sonntag nach Tr. <\/strong><\/a>&#8211; Pfr. Chr. G\u00fcnther<\/li>\r\n<li>Predigt vom 6.8.23 &#8211; <a href=\"https:\/\/evk-hornbach.de\/wp-content\/uploads\/2017\/12\/dirk-reschke-gd060823.pdf\"><strong>Predigt zum 9. Sonntag nach Tr. <\/strong><\/a>&#8211; Pfr. D. Reschke<\/li>\r\n<\/ul>\r\n<hr \/>\r\n<ul style=\"list-style-type: disc;\">\r\n<li>Predigt vom 25.6.23 &#8211; <strong><a href=\"https:\/\/evk-hornbach.de\/wp-content\/uploads\/2017\/12\/Predigt-zum-3.S.n.Tr_.-2023.pdf\">Predigt zum 3. Sonntag nach Tr.<\/a> <\/strong>&#8211; Pfr. D. Seel<\/li>\r\n<li>Predigt vom 18.6.23 &#8211; <a href=\"https:\/\/evk-hornbach.de\/wp-content\/uploads\/2017\/12\/Predigt-zum-2.-S.n.Tr_.-2023.pdf\"><strong>Predigt zum 2. Sonntag nach Tr.<\/strong><\/a> &#8211; Pfr. D. Seel<\/li>\r\n<li>Predigt vom 11.6.23 &#8211; <a href=\"https:\/\/evk-hornbach.de\/wp-content\/uploads\/2017\/12\/Predigt-zum-1.S.n.Tr_.-2023.pdf\"><strong>Predigt zum 1. Sonntag nach Trinitatis<\/strong><\/a>\u00a0&#8211; Pfr. D. Seel<\/li>\r\n<li>Predigt vom 21.5.23 &#8211; <a href=\"https:\/\/evk-hornbach.de\/wp-content\/uploads\/2017\/12\/Predigt-zu-Exaudi-2023.pdf\"><strong>Predigt zum Sonntag Exaudi<\/strong><\/a> &#8211; Pfr. D. Seel<\/li>\r\n<li>Predigt vom 7.5.23 &#8211; <a href=\"https:\/\/evk-hornbach.de\/wp-content\/uploads\/2017\/12\/Predigt-zu-Kantate-2023.pdf\"><strong>Predigt zum Sonntag Kantate<\/strong><\/a> &#8211; Pfr. D. Seel<\/li>\r\n<\/ul>\r\n<hr \/>\r\n<ul style=\"list-style-type: disc;\">\r\n<li>Predigt vom 26.12.18 &#8211;\u00a0Predigt zum 2. Weihnachtsfeiertag\u00a0&#8211; Pfarrer Daniel Seel<\/li>\r\n<li>Predigt vom 25.12.18 &#8211;\u00a0<a href=\"https:\/\/evk-hornbach.de\/wp-content\/uploads\/2017\/12\/Predigt-f%C3%BCr-ersten-WF18Suse.pdf\">Predigt zum 1. Weihnachtsfeiertag<\/a>\u00a0&#8211; Pfarrerin Suse G\u00fcnther<\/li>\r\n<li>Predigt vom 24.12.18 &#8211;\u00a0Predigt zu Heiligabend &#8211; Christvesper\u00a0&#8211; Pfarrer Daniel Seel<\/li>\r\n<li>Predigt vom 9.12.18 &#8211;\u00a0Predigt zum 2. Advent 2018\u00a0&#8211; Pfarrer Daniel Seel<\/li>\r\n<li>Predigt vom 2.12.18\u00a0Predigt zum 1. Advent 2018\u00a0&#8211; Pfarrer Daniel Seel\u00a0Johann Peter Hebel, Seltsamer Spazierritt<\/li>\r\n<li>Predigt vom 18.10.17 <a href=\"https:\/\/evk-hornbach.de\/wp-content\/uploads\/2018\/09\/Predigt-bei-den-Mennos.pdf\">(Mennos) &#8211; Vom Segen der Ermahnungen<\/a> &#8211; Pfarrer Christian G\u00fcnther<\/li>\r\n<li>Predigt zum <a href=\"https:\/\/evk-hornbach.de\/?page_id=737\">3. Advent 2016<\/a> &#8211; Pr\u00e4dikantin i.A. Birgit Schery<span style=\"color: #999999;\">\u00a0<\/span><\/li>\r\n<\/ul>","protected":false},"excerpt":{"rendered":"<p>Wenn nicht anders gekennzeichnet, verweisen die Predigtlinks auf PDF-Dateien, die man herunterladen und ausdrucken oder am Bildschirm lesen kann. N\u00e4here Informationen \u00fcber die einzelnen Sonntage und ihre Predigttexte finden Sie hier. Predigt vom 13.8.23 &#8211; Predigt zum 10. Sonntag nach Tr. &#8211; Pfr. Chr. G\u00fcnther Predigt vom 6.8.23 &#8211; Predigt zum 9. Sonntag nach Tr.&hellip; <a class=\"more-link\" href=\"https:\/\/evk-hornbach.de\/?page_id=3322\"><span class=\"screen-reader-text\">Predigtarchiv<\/span> weiterlesen<\/a><\/p>\n","protected":false},"author":2,"featured_media":47015,"parent":0,"menu_order":0,"comment_status":"closed","ping_status":"closed","template":"","meta":{"_uag_custom_page_level_css":"","advgb_blocks_editor_width":"","advgb_blocks_columns_visual_guide":"","episode_type":"","audio_file":"","podmotor_file_id":"","podmotor_episode_id":"","cover_image":"","cover_image_id":"","duration":"","filesize":"","filesize_raw":"","date_recorded":"","explicit":"","block":"","cybocfi_hide_featured_image":"","footnotes":""},"class_list":["post-3322","page","type-page","status-publish","has-post-thumbnail","hentry","entry"],"uagb_featured_image_src":{"full":["https:\/\/evk-hornbach.de\/wp-content\/uploads\/2017\/12\/Sonntagspredigtgross.png",601,188,false],"thumbnail":["https:\/\/evk-hornbach.de\/wp-content\/uploads\/2017\/12\/Sonntagspredigtgross-150x150.png",150,150,true],"medium":["https:\/\/evk-hornbach.de\/wp-content\/uploads\/2017\/12\/Sonntagspredigtgross-300x94.png",300,94,true],"medium_large":["https:\/\/evk-hornbach.de\/wp-content\/uploads\/2017\/12\/Sonntagspredigtgross.png",601,188,false],"large":["https:\/\/evk-hornbach.de\/wp-content\/uploads\/2017\/12\/Sonntagspredigtgross.png",601,188,false],"ug_big":["https:\/\/evk-hornbach.de\/wp-content\/uploads\/2017\/12\/Sonntagspredigtgross.png",601,188,false],"1536x1536":["https:\/\/evk-hornbach.de\/wp-content\/uploads\/2017\/12\/Sonntagspredigtgross.png",601,188,false],"2048x2048":["https:\/\/evk-hornbach.de\/wp-content\/uploads\/2017\/12\/Sonntagspredigtgross.png",601,188,false],"post-thumbnail":["https:\/\/evk-hornbach.de\/wp-content\/uploads\/2017\/12\/Sonntagspredigtgross.png",601,188,false]},"uagb_author_info":{"display_name":"Christian G\u00fcnther","author_link":"https:\/\/evk-hornbach.de\/?author=2"},"uagb_comment_info":0,"uagb_excerpt":"Wenn nicht anders gekennzeichnet, verweisen die Predigtlinks auf PDF-Dateien, die man herunterladen und ausdrucken oder am Bildschirm lesen kann. N\u00e4here Informationen \u00fcber die einzelnen Sonntage und ihre Predigttexte finden Sie hier. Predigt vom 13.8.23 &#8211; Predigt zum 10. Sonntag nach Tr. &#8211; Pfr. Chr. G\u00fcnther Predigt vom 6.8.23 &#8211; Predigt zum 9. Sonntag nach Tr.&hellip;&hellip;","coauthors":[],"author_meta":{"author_link":"https:\/\/evk-hornbach.de\/?author=2","display_name":"Christian G\u00fcnther"},"relative_dates":{"created":"Ver\u00f6ffentlicht 7\u00a0Jahren vor","modified":"Aktualisiert 2\u00a0Jahren vor"},"absolute_dates":{"created":"Ver\u00f6ffentlicht am 27. Dezember 2018","modified":"Aktualisiert am 25. September 2024"},"absolute_dates_time":{"created":"Ver\u00f6ffentlicht am 27. Dezember 2018 22:45","modified":"Aktualisiert am 25. September 2024 21:25"},"featured_img_caption":"","featured_img":"https:\/\/evk-hornbach.de\/wp-content\/uploads\/2017\/12\/Sonntagspredigtgross.png","series_order":"","jetpack-related-posts":[{"id":737,"url":"https:\/\/evk-hornbach.de\/?page_id=737","url_meta":{"origin":3322,"position":0},"title":"Predigt zum 3. Advent 2016 (Birgit Schery)","author":"Christian G\u00fcnther","date":"11. Dezember 2016","format":false,"excerpt":"Predigttext Lukas 3, 1 - 14 Die Bu\u00dfpredigt des Johannes \u201eIm f\u00fcnfzehnten Jahr der Herrschaft des Kaisers Tiberius, als Pontius Pilatus Statthalter in Jud\u00e4a war und Herodes Landesf\u00fcrst von Galil\u00e4a und sein Bruder Philippus Landesf\u00fcrst von Itur\u00e4a und der Landschaft Trachonitis und Lysanias Landesf\u00fcrst von Abilene, als Hannas und Kaiphas\u2026","rel":"","context":"\u00c4hnlicher Beitrag","block_context":{"text":"\u00c4hnlicher Beitrag","link":""},"img":{"alt_text":"","src":"https:\/\/i0.wp.com\/evk-hornbach.de\/wp-content\/uploads\/2016\/12\/monument-valley-1593318_640-1.jpg?resize=350%2C200&ssl=1","width":350,"height":200,"srcset":"https:\/\/i0.wp.com\/evk-hornbach.de\/wp-content\/uploads\/2016\/12\/monument-valley-1593318_640-1.jpg?resize=350%2C200&ssl=1 1x, https:\/\/i0.wp.com\/evk-hornbach.de\/wp-content\/uploads\/2016\/12\/monument-valley-1593318_640-1.jpg?resize=525%2C300&ssl=1 1.5x"},"classes":[]},{"id":669,"url":"https:\/\/evk-hornbach.de\/?page_id=669","url_meta":{"origin":3322,"position":1},"title":"Geistliche Medizin","author":"Christian G\u00fcnther","date":"10. Dezember 2016","format":false,"excerpt":"Inhalt Zuspruch Eine Playliste mit Worshipmusik Bild: \u00dcberraschung im Nebel Challenge Video: Alte Br\u00e4uche zur Weihnachtszeit Video: Festgeklebt Zuspruch und Challenge Predigt zum 3. Advent: In der W\u00fcste gibt es keine Ausreden und kein Entkommen. Zuspruch Eine Playliste mit Worshipmusik Viel Freude beim Anh\u00f6ren!\u00a0\ud83c\udfa7 https:\/\/soundcloud.com\/christian-g-nther-15\/sets\/worship-musik nach oben \u00a0 \u00a0\u00dcberraschung im\u2026","rel":"","context":"\u00c4hnlicher Beitrag","block_context":{"text":"\u00c4hnlicher Beitrag","link":""},"img":{"alt_text":"","src":"https:\/\/i0.wp.com\/evk-hornbach.de\/wp-content\/uploads\/2016\/12\/erbaulich.png?resize=350%2C200&ssl=1","width":350,"height":200,"srcset":"https:\/\/i0.wp.com\/evk-hornbach.de\/wp-content\/uploads\/2016\/12\/erbaulich.png?resize=350%2C200&ssl=1 1x, https:\/\/i0.wp.com\/evk-hornbach.de\/wp-content\/uploads\/2016\/12\/erbaulich.png?resize=525%2C300&ssl=1 1.5x, https:\/\/i0.wp.com\/evk-hornbach.de\/wp-content\/uploads\/2016\/12\/erbaulich.png?resize=700%2C400&ssl=1 2x, https:\/\/i0.wp.com\/evk-hornbach.de\/wp-content\/uploads\/2016\/12\/erbaulich.png?resize=1050%2C600&ssl=1 3x"},"classes":[]},{"id":1839,"url":"https:\/\/evk-hornbach.de\/?page_id=1839","url_meta":{"origin":3322,"position":2},"title":"Die Quizfrage vom 1. Dezember","author":"Christian G\u00fcnther","date":"25. November 2017","format":false,"excerpt":"Eine sch\u00f6ne und friedliche Advents- und Weihnachtszeit ... ... w\u00fcnschen Euch die Kirchengemeinden Hornbach-Brenschelbach und Althornbach!","rel":"","context":"\u00c4hnlicher Beitrag","block_context":{"text":"\u00c4hnlicher Beitrag","link":""},"img":{"alt_text":"","src":"https:\/\/i0.wp.com\/evk-hornbach.de\/wp-content\/uploads\/2017\/11\/adventskalender-banner.jpg?resize=350%2C200&ssl=1","width":350,"height":200,"srcset":"https:\/\/i0.wp.com\/evk-hornbach.de\/wp-content\/uploads\/2017\/11\/adventskalender-banner.jpg?resize=350%2C200&ssl=1 1x, https:\/\/i0.wp.com\/evk-hornbach.de\/wp-content\/uploads\/2017\/11\/adventskalender-banner.jpg?resize=525%2C300&ssl=1 1.5x, https:\/\/i0.wp.com\/evk-hornbach.de\/wp-content\/uploads\/2017\/11\/adventskalender-banner.jpg?resize=700%2C400&ssl=1 2x, https:\/\/i0.wp.com\/evk-hornbach.de\/wp-content\/uploads\/2017\/11\/adventskalender-banner.jpg?resize=1050%2C600&ssl=1 3x"},"classes":[]},{"id":1890,"url":"https:\/\/evk-hornbach.de\/?page_id=1890","url_meta":{"origin":3322,"position":3},"title":"Die Quizfrage vom 20. Dezember","author":"Christian G\u00fcnther","date":"26. November 2017","format":false,"excerpt":"Unweihnachtlicher Weihnachts-Popsong Hier die Lieder zum Ansehen ...","rel":"","context":"\u00c4hnlicher Beitrag","block_context":{"text":"\u00c4hnlicher Beitrag","link":""},"img":{"alt_text":"","src":"https:\/\/i0.wp.com\/evk-hornbach.de\/wp-content\/uploads\/2017\/11\/adventskalender-banner.jpg?resize=350%2C200&ssl=1","width":350,"height":200,"srcset":"https:\/\/i0.wp.com\/evk-hornbach.de\/wp-content\/uploads\/2017\/11\/adventskalender-banner.jpg?resize=350%2C200&ssl=1 1x, https:\/\/i0.wp.com\/evk-hornbach.de\/wp-content\/uploads\/2017\/11\/adventskalender-banner.jpg?resize=525%2C300&ssl=1 1.5x, https:\/\/i0.wp.com\/evk-hornbach.de\/wp-content\/uploads\/2017\/11\/adventskalender-banner.jpg?resize=700%2C400&ssl=1 2x, https:\/\/i0.wp.com\/evk-hornbach.de\/wp-content\/uploads\/2017\/11\/adventskalender-banner.jpg?resize=1050%2C600&ssl=1 3x"},"classes":[]},{"id":80,"url":"https:\/\/evk-hornbach.de\/?page_id=80","url_meta":{"origin":3322,"position":4},"title":"Kontakt","author":"Christian G\u00fcnther","date":"29. Juli 2016","format":false,"excerpt":"Pfr. Seel ist vom 22.4.-7.6.2025 in Urlaub.Kasualvertretung hat Pfrn. Verena Kr\u00fcger, Gro\u00dfsteinhausen.In anderen Angelegenheiten rufen Sie bitte zu den B\u00fcrozeiten (s.u.) im Pfarramt an: Frau Platz ist weiterhin f\u00fcr Sie da. Unsere Anschrift: Prot. Pfarramt HornbachIm Klosterbezirk 966500 Hornbach \u00a006338 \/ 993 040\u00a0 06338 \/ 993 041\u00a0 Email ans Pfarramt\u2026","rel":"","context":"\u00c4hnlicher Beitrag","block_context":{"text":"\u00c4hnlicher Beitrag","link":""},"img":{"alt_text":"","src":"https:\/\/i0.wp.com\/evk-hornbach.de\/wp-content\/uploads\/2016\/07\/seel-dienst.jpg?resize=350%2C200&ssl=1","width":350,"height":200},"classes":[]},{"id":1881,"url":"https:\/\/evk-hornbach.de\/?page_id=1881","url_meta":{"origin":3322,"position":5},"title":"Die Quizfrage vom 2. Dezember","author":"Christian G\u00fcnther","date":"26. November 2017","format":false,"excerpt":"Obacht, die Frage kommt gleich ... und nochmal obacht: Es k\u00f6nnten mehrere Antworten richtig sein!","rel":"","context":"\u00c4hnlicher Beitrag","block_context":{"text":"\u00c4hnlicher Beitrag","link":""},"img":{"alt_text":"","src":"https:\/\/i0.wp.com\/evk-hornbach.de\/wp-content\/uploads\/2017\/11\/adventskalender-banner.jpg?resize=350%2C200&ssl=1","width":350,"height":200,"srcset":"https:\/\/i0.wp.com\/evk-hornbach.de\/wp-content\/uploads\/2017\/11\/adventskalender-banner.jpg?resize=350%2C200&ssl=1 1x, https:\/\/i0.wp.com\/evk-hornbach.de\/wp-content\/uploads\/2017\/11\/adventskalender-banner.jpg?resize=525%2C300&ssl=1 1.5x, https:\/\/i0.wp.com\/evk-hornbach.de\/wp-content\/uploads\/2017\/11\/adventskalender-banner.jpg?resize=700%2C400&ssl=1 2x, https:\/\/i0.wp.com\/evk-hornbach.de\/wp-content\/uploads\/2017\/11\/adventskalender-banner.jpg?resize=1050%2C600&ssl=1 3x"},"classes":[]}],"jetpack_sharing_enabled":true,"publishpress_future_action":{"enabled":false,"date":"2026-04-16 15:27:37","action":"change-status","newStatus":"draft","terms":[],"taxonomy":"","extraData":[]},"publishpress_future_workflow_manual_trigger":{"enabledWorkflows":[]},"_links":{"self":[{"href":"https:\/\/evk-hornbach.de\/index.php?rest_route=\/wp\/v2\/pages\/3322","targetHints":{"allow":["GET"]}}],"collection":[{"href":"https:\/\/evk-hornbach.de\/index.php?rest_route=\/wp\/v2\/pages"}],"about":[{"href":"https:\/\/evk-hornbach.de\/index.php?rest_route=\/wp\/v2\/types\/page"}],"author":[{"embeddable":true,"href":"https:\/\/evk-hornbach.de\/index.php?rest_route=\/wp\/v2\/users\/2"}],"replies":[{"embeddable":true,"href":"https:\/\/evk-hornbach.de\/index.php?rest_route=%2Fwp%2Fv2%2Fcomments&post=3322"}],"version-history":[{"count":12,"href":"https:\/\/evk-hornbach.de\/index.php?rest_route=\/wp\/v2\/pages\/3322\/revisions"}],"predecessor-version":[{"id":50600,"href":"https:\/\/evk-hornbach.de\/index.php?rest_route=\/wp\/v2\/pages\/3322\/revisions\/50600"}],"wp:featuredmedia":[{"embeddable":true,"href":"https:\/\/evk-hornbach.de\/index.php?rest_route=\/wp\/v2\/media\/47015"}],"wp:attachment":[{"href":"https:\/\/evk-hornbach.de\/index.php?rest_route=%2Fwp%2Fv2%2Fmedia&parent=3322"}],"curies":[{"name":"wp","href":"https:\/\/api.w.org\/{rel}","templated":true}]}}