{"id":319,"date":"2016-08-27T00:22:25","date_gmt":"2016-08-26T22:22:25","guid":{"rendered":"http:\/\/evk-hornbach.de\/?page_id=319"},"modified":"2026-02-27T14:02:17","modified_gmt":"2026-02-27T13:02:17","slug":"termine","status":"publish","type":"page","link":"https:\/\/evk-hornbach.de\/?page_id=319","title":{"rendered":"Termine"},"content":{"rendered":"\n<div style=\"display: flex; width: 100%; max-width: 800px; margin: 0 auto; overflow: hidden;\">\n    <a href=\"https:\/\/www.losungen.de\" style=\"flex: 0 0 16.25%;\">\n        <img decoding=\"async\" src=\"https:\/\/evk-hornbach.de\/wp-content\/uploads\/2017\/12\/losungen-livestream-hornbach1.png\" style=\"width: 100%; height: auto; display: block; margin: 0; padding: 0; border: none;\">\n    <\/a>\n    <a href=\"https:\/\/evk-hornbach.de\/?cat=294\" style=\"flex: 0 0 39.625%;\">\n        <img decoding=\"async\" src=\"https:\/\/evk-hornbach.de\/wp-content\/uploads\/2017\/12\/losungen-livestream-hornbach2.png\" style=\"width: 100%; height: auto; display: block; margin: 0; padding: 0; border: none;\">\n    <\/a>\n    <a href=\"https:\/\/evk-hornbach.de\/?cat=302\" style=\"flex: 0 0 44.125%;\">\n        <img decoding=\"async\" src=\"https:\/\/evk-hornbach.de\/wp-content\/uploads\/2017\/12\/losungen-livestream-hornbach-3.png\" style=\"width: 100%; height: auto; display: block; margin: 0; padding: 0; border: none;\">\n    <\/a>\n<\/div>\n\n\n<div style=\"display: none;\"><em>Wir freuen uns, den neuen Veranstaltungskalender pr\u00e4sentieren zu k\u00f6nnen!<\/em> <i id=\"fac_69d63bd2784b9\" class=\"fa fa-smile-o\"><\/i>\nHier noch zwei Hinweise:\n<ol>\n<li>Da der Kalender manchmal weiter in die Zukunft reicht als unsere eigene Planung, weisen wir darauf hin, dass <strong>nur alle Termine des aktuellen Monats<\/strong> sicher geplant sind (bzw so ca. ab dem 25. eines Monats auch der Folgemonat). Was dar\u00fcber hinaus geht, ist bestenfalls Prognose!<\/li>\n<li>Wer sich die Termine ausdrucken m\u00f6chte, kann auf <a href=\"https:\/\/evk-hornbach.de\/?page_id=319\"><strong>diese Seite<\/strong><\/a> zur\u00fcckgreifen.<\/li>\n<\/ol>\n<\/div>\n\n<div class=\"sp-wrap sp-wrap-green\">\n<div class=\"sp-head\" title=\"Erweitern\">\nCorona-Hinweis  \u00b7   Bitte hier klicken, um ihn aufzuklappen\n<\/div>\n<div class=\"sp-body folded\">\n<p>Das Presbyterium hat beschlossen, dass wir ab 17.5.2020 wieder Gottesdienste in unseren Kirchen feiern. Weitere Versanstaltungen und Gruppentreffen kommen wegen der Corona-Pandemie noch nicht in Frage. Auch bei den Gottesdiensten gibt es Kontrollen und Beschr\u00e4nkungen:<\/p>\n<p>Es stehen nur eine begrenzte Anzahl von Pl\u00e4tzen zur Verf\u00fcgung; die gekennzeichnet sind (ca 35 Pl\u00e4tze). Name und Anschrift von jedem Besucher\/jeder Besucherin wird am Eingang erfasst. Desinfektionsmittel steht am Ein- und Ausgang bereit, bitte Mund-Nasen-Schutz mitbringen.<\/p>\n<p>Wer sicher gehen m\u00f6chte einen Sitzplatz zu erhalten, <strong>m\u00f6ge bitte vorher im Pfarramt sp\u00e4testens bis Freitag 12.00 Uhr<\/strong> reservieren.<\/p>\n<p>Die Gottesdienste in Hornbach werden gefilmt und <a href=\"http:\/\/bit.ly\/godilive\" target=\"_blank\" rel=\"noopener noreferrer\"><strong>live bei You Tube<\/strong> <\/a>\u00fcbertragen. Wer also zuhause bleiben will, kann sie auch auf dem Tablet oder Computer (mit Internetanschluss) ansehen.<\/p>\n<div class=\"spdiv\">[Einklappen]<\/div>\n<\/div>\n<\/div>\n\n\n<div class=\"sp-wrap sp-wrap-blue\">\n<div class=\"sp-head\" title=\"Erweitern\">\nHinweis zur Benutzung des Kalenders  \u00b7   Bitte hier klicken, um ihn aufzuklappen\n<\/div>\n<div class=\"sp-body folded\">\n<p>Unsere Kalender werden monatlich aktualisiert. Das bedeutet:<\/p>\n<p><strong>Die Termine sind lediglich bis zum Ende des <em>laufenden<\/em> Monats zuverl\u00e4ssig.<\/strong><\/p>\n<p>Alle sp\u00e4teren Termine beruhen auf Prognosen und Algorithmen und k\u00f6nnen nur als unverbindliche Orientierung angesehen werden.<\/p>\n<div class=\"spdiv\">[Einklappen]<\/div>\n<\/div>\n<\/div>\n\n    <div class=\"kirchenplaner\" ng-controller=\"kirchenPlanerCtrl\" ng-init=\"init_uid(2)\">\r\n        <!-- Rendering done in Templates located in EXT:ax_kirchenplaner\/Resources\/Public\/Angular\/templates\/ or Custom Template defined in TYPO3 Backend -->\r\n        <!-- Copy them and upload custom template to adjust layout to your needs -->\r\n        <div ng-include=\"template\"><\/div>\r\n    <\/div>\r\n    ","protected":false},"excerpt":{"rendered":"<p>Wir freuen uns, den neuen Veranstaltungskalender pr\u00e4sentieren zu k\u00f6nnen! Hier noch zwei Hinweise: Da der Kalender manchmal weiter in die Zukunft reicht als unsere eigene Planung, weisen wir darauf hin, dass nur alle Termine des aktuellen Monats sicher geplant sind (bzw so ca. ab dem 25. eines Monats auch der Folgemonat). Was dar\u00fcber hinaus geht,&hellip; <a class=\"more-link\" href=\"https:\/\/evk-hornbach.de\/?page_id=319\"><span class=\"screen-reader-text\">Termine<\/span> weiterlesen<\/a><\/p>\n","protected":false},"author":2,"featured_media":0,"parent":0,"menu_order":0,"comment_status":"closed","ping_status":"closed","template":"","meta":{"_uag_custom_page_level_css":"","advgb_blocks_editor_width":"","advgb_blocks_columns_visual_guide":"","episode_type":"","audio_file":"","podmotor_file_id":"","podmotor_episode_id":"","cover_image":"","cover_image_id":"","duration":"","filesize":"","filesize_raw":"","date_recorded":"","explicit":"","block":"","cybocfi_hide_featured_image":"","footnotes":""},"class_list":["post-319","page","type-page","status-publish","hentry","entry"],"uagb_featured_image_src":{"full":false,"thumbnail":false,"medium":false,"medium_large":false,"large":false,"ug_big":false,"1536x1536":false,"2048x2048":false,"post-thumbnail":false},"uagb_author_info":{"display_name":"Christian G\u00fcnther","author_link":"https:\/\/evk-hornbach.de\/?author=2"},"uagb_comment_info":0,"uagb_excerpt":"Wir freuen uns, den neuen Veranstaltungskalender pr\u00e4sentieren zu k\u00f6nnen! Hier noch zwei Hinweise: Da der Kalender manchmal weiter in die Zukunft reicht als unsere eigene Planung, weisen wir darauf hin, dass nur alle Termine des aktuellen Monats sicher geplant sind (bzw so ca. ab dem 25. eines Monats auch der Folgemonat). Was dar\u00fcber hinaus geht,&hellip;&hellip;","coauthors":[],"author_meta":{"author_link":"https:\/\/evk-hornbach.de\/?author=2","display_name":"Christian G\u00fcnther"},"relative_dates":{"created":"Posted 10\u00a0Jahren ago","modified":"Updated 1\u00a0Monat ago"},"absolute_dates":{"created":"Posted on 27. August 2016","modified":"Updated on 27. Februar 2026"},"absolute_dates_time":{"created":"Posted on 27. August 2016 0:22","modified":"Updated on 27. Februar 2026 14:02"},"featured_img_caption":"","featured_img":false,"series_order":"","jetpack-related-posts":[{"id":669,"url":"https:\/\/evk-hornbach.de\/?page_id=669","url_meta":{"origin":319,"position":0},"title":"Geistliche Medizin","author":"Christian G\u00fcnther","date":"10. Dezember 2016","format":false,"excerpt":"Inhalt Zuspruch Eine Playliste mit Worshipmusik Bild: \u00dcberraschung im Nebel Challenge Video: Alte Br\u00e4uche zur Weihnachtszeit Video: Festgeklebt Zuspruch und Challenge Predigt zum 3. Advent: In der W\u00fcste gibt es keine Ausreden und kein Entkommen. Zuspruch Eine Playliste mit Worshipmusik Viel Freude beim Anh\u00f6ren!\u00a0\ud83c\udfa7 https:\/\/soundcloud.com\/christian-g-nther-15\/sets\/worship-musik nach oben \u00a0 \u00a0\u00dcberraschung im\u2026","rel":"","context":"\u00c4hnlicher Beitrag","block_context":{"text":"\u00c4hnlicher Beitrag","link":""},"img":{"alt_text":"","src":"https:\/\/i0.wp.com\/evk-hornbach.de\/wp-content\/uploads\/2016\/12\/erbaulich.png?resize=350%2C200&ssl=1","width":350,"height":200,"srcset":"https:\/\/i0.wp.com\/evk-hornbach.de\/wp-content\/uploads\/2016\/12\/erbaulich.png?resize=350%2C200&ssl=1 1x, https:\/\/i0.wp.com\/evk-hornbach.de\/wp-content\/uploads\/2016\/12\/erbaulich.png?resize=525%2C300&ssl=1 1.5x, https:\/\/i0.wp.com\/evk-hornbach.de\/wp-content\/uploads\/2016\/12\/erbaulich.png?resize=700%2C400&ssl=1 2x, https:\/\/i0.wp.com\/evk-hornbach.de\/wp-content\/uploads\/2016\/12\/erbaulich.png?resize=1050%2C600&ssl=1 3x"},"classes":[]},{"id":38143,"url":"https:\/\/evk-hornbach.de\/?page_id=38143","url_meta":{"origin":319,"position":1},"title":"Veranstaltungskalender","author":"Patrick Gauter","date":"23. November 2019","format":false,"excerpt":"","rel":"","context":"\u00c4hnlicher Beitrag","block_context":{"text":"\u00c4hnlicher Beitrag","link":""},"img":{"alt_text":"","src":"","width":0,"height":0},"classes":[]},{"id":164,"url":"https:\/\/evk-hornbach.de\/?page_id=164","url_meta":{"origin":319,"position":2},"title":"Wie man den ganzen Terminkalender f\u00fcr das eigene Smartphone zug\u00e4nglich macht","author":"Christian G\u00fcnther","date":"29. Juli 2016","format":false,"excerpt":"Viele Smartphone-Besitzer h\u00e4tten gerne alles an einem Platz - zB die Termine der Kirchengemeinde in der Kalender-App des eigenen Smartphones oder Tablets. Hierzu muss man am Kalender ganz unten rechts auf die Schaltfl\u00e4che \"Abonnieren\" klicken. Es \u00f6ffnet sich eine Liste mit unterschiedlichen Importierm\u00f6glichkeiten: Wer seine Termine in einen (Windows-)Outlook-Kalender importieren\u2026","rel":"","context":"\u00c4hnlicher Beitrag","block_context":{"text":"\u00c4hnlicher Beitrag","link":""},"img":{"alt_text":"","src":"https:\/\/i0.wp.com\/evk-hornbach.de\/wp-content\/uploads\/2016\/07\/Ktutorial051.jpg?resize=350%2C200&ssl=1","width":350,"height":200,"srcset":"https:\/\/i0.wp.com\/evk-hornbach.de\/wp-content\/uploads\/2016\/07\/Ktutorial051.jpg?resize=350%2C200&ssl=1 1x, https:\/\/i0.wp.com\/evk-hornbach.de\/wp-content\/uploads\/2016\/07\/Ktutorial051.jpg?resize=525%2C300&ssl=1 1.5x, https:\/\/i0.wp.com\/evk-hornbach.de\/wp-content\/uploads\/2016\/07\/Ktutorial051.jpg?resize=700%2C400&ssl=1 2x"},"classes":[]},{"id":737,"url":"https:\/\/evk-hornbach.de\/?page_id=737","url_meta":{"origin":319,"position":3},"title":"Predigt zum 3. Advent 2016 (Birgit Schery)","author":"Christian G\u00fcnther","date":"11. Dezember 2016","format":false,"excerpt":"Predigttext Lukas 3, 1 - 14 Die Bu\u00dfpredigt des Johannes \u201eIm f\u00fcnfzehnten Jahr der Herrschaft des Kaisers Tiberius, als Pontius Pilatus Statthalter in Jud\u00e4a war und Herodes Landesf\u00fcrst von Galil\u00e4a und sein Bruder Philippus Landesf\u00fcrst von Itur\u00e4a und der Landschaft Trachonitis und Lysanias Landesf\u00fcrst von Abilene, als Hannas und Kaiphas\u2026","rel":"","context":"\u00c4hnlicher Beitrag","block_context":{"text":"\u00c4hnlicher Beitrag","link":""},"img":{"alt_text":"","src":"https:\/\/i0.wp.com\/evk-hornbach.de\/wp-content\/uploads\/2016\/12\/monument-valley-1593318_640-1.jpg?resize=350%2C200&ssl=1","width":350,"height":200,"srcset":"https:\/\/i0.wp.com\/evk-hornbach.de\/wp-content\/uploads\/2016\/12\/monument-valley-1593318_640-1.jpg?resize=350%2C200&ssl=1 1x, https:\/\/i0.wp.com\/evk-hornbach.de\/wp-content\/uploads\/2016\/12\/monument-valley-1593318_640-1.jpg?resize=525%2C300&ssl=1 1.5x"},"classes":[]},{"id":85,"url":"https:\/\/evk-hornbach.de\/?page_id=85","url_meta":{"origin":319,"position":4},"title":"Impressum","author":"Christian G\u00fcnther","date":"29. Juli 2016","format":false,"excerpt":"Angaben gem\u00e4\u00df \u00a7 5 TMG und Abschnitt 2 DSGVO Daniel Seel Im Klosterbezirk 66500 Hornbach Kontakt: Telefon:\u00a006338 993040 E-Mail: pfarramt@evk-hornbach.de Verantwortlich f\u00fcr den Inhalt nach \u00a7 55 Abs. 2 RStV: Christian G\u00fcnther Eckstr. 19 66500 Mauschbach Datenschutzerkl\u00e4rung Haftungsausschluss DATENSCHUTZERKL\u00c4RUNG Wir freuen uns sehr \u00fcber Ihr Interesse an unserer Kirchengemeinde. Datenschutz\u2026","rel":"","context":"\u00c4hnlicher Beitrag","block_context":{"text":"\u00c4hnlicher Beitrag","link":""},"img":{"alt_text":"","src":"","width":0,"height":0},"classes":[]},{"id":50437,"url":"https:\/\/evk-hornbach.de\/","url_meta":{"origin":319,"position":5},"title":"\u00dcberblick","author":"Christian G\u00fcnther","date":"5. November 2024","format":false,"excerpt":"Gru\u00dfwort Herzlich willkommen auf unserer Homepage! Wir, die Prot. Kirchengemeinde Hornbachtal zusammen mit der Prot. Kirchengemeinde Rimschweiler, m\u00f6chten Sie einladen, an unserem reichen Gemeindeleben teilzuhaben. Und wir haben einiges zu bieten: von der Taufe \u00fcber Krabbelgruppe, KiTa und Grundschule, eine bl\u00fchende Jugendarbeit: erlebnisorientierte Konfirmand*innen-Arbeit, lebendige Jugendgruppen und die beliebte Jugendfreizeit\u2026","rel":"","context":"\u00c4hnlicher Beitrag","block_context":{"text":"\u00c4hnlicher Beitrag","link":""},"img":{"alt_text":"","src":"https:\/\/i0.wp.com\/evk-hornbach.de\/wp-content\/uploads\/2025\/01\/losungsandachten2025.png?resize=350%2C200&ssl=1","width":350,"height":200,"srcset":"https:\/\/i0.wp.com\/evk-hornbach.de\/wp-content\/uploads\/2025\/01\/losungsandachten2025.png?resize=350%2C200&ssl=1 1x, https:\/\/i0.wp.com\/evk-hornbach.de\/wp-content\/uploads\/2025\/01\/losungsandachten2025.png?resize=525%2C300&ssl=1 1.5x, https:\/\/i0.wp.com\/evk-hornbach.de\/wp-content\/uploads\/2025\/01\/losungsandachten2025.png?resize=700%2C400&ssl=1 2x"},"classes":[]}],"jetpack_sharing_enabled":true,"publishpress_future_action":{"enabled":false,"date":"2026-04-15 13:28:18","action":"change-status","newStatus":"draft","terms":[],"taxonomy":"","extraData":[]},"publishpress_future_workflow_manual_trigger":{"enabledWorkflows":[]},"_links":{"self":[{"href":"https:\/\/evk-hornbach.de\/index.php?rest_route=\/wp\/v2\/pages\/319","targetHints":{"allow":["GET"]}}],"collection":[{"href":"https:\/\/evk-hornbach.de\/index.php?rest_route=\/wp\/v2\/pages"}],"about":[{"href":"https:\/\/evk-hornbach.de\/index.php?rest_route=\/wp\/v2\/types\/page"}],"author":[{"embeddable":true,"href":"https:\/\/evk-hornbach.de\/index.php?rest_route=\/wp\/v2\/users\/2"}],"replies":[{"embeddable":true,"href":"https:\/\/evk-hornbach.de\/index.php?rest_route=%2Fwp%2Fv2%2Fcomments&post=319"}],"version-history":[{"count":71,"href":"https:\/\/evk-hornbach.de\/index.php?rest_route=\/wp\/v2\/pages\/319\/revisions"}],"predecessor-version":[{"id":54658,"href":"https:\/\/evk-hornbach.de\/index.php?rest_route=\/wp\/v2\/pages\/319\/revisions\/54658"}],"wp:attachment":[{"href":"https:\/\/evk-hornbach.de\/index.php?rest_route=%2Fwp%2Fv2%2Fmedia&parent=319"}],"curies":[{"name":"wp","href":"https:\/\/api.w.org\/{rel}","templated":true}]}}