{"id":279,"date":"2016-08-08T20:58:02","date_gmt":"2016-08-08T18:58:02","guid":{"rendered":"http:\/\/evk-hornbach.de\/?page_id=279"},"modified":"2016-08-08T20:58:02","modified_gmt":"2016-08-08T18:58:02","slug":"christliche-glaubensgemeinschaften-in-unserer-nachbarschaft","status":"publish","type":"page","link":"https:\/\/evk-hornbach.de\/?page_id=279","title":{"rendered":"Christliche Glaubensgemeinschaften in unserer Nachbarschaft"},"content":{"rendered":"<p>Neben den Nachbarpfarreien unserer eigenen Landeskirche<\/p>\n<ul>\n<li>Rimschweiler-Mittelbach<\/li>\n<li><a href=\"http:\/\/www.prot-kirche-walsheim-blies.de\/\" target=\"_blank\">Walsheim-Breitfurt<\/a><\/li>\n<li><a href=\"http:\/\/protkirchegrosssteinhausen.jimdo.com\/\" target=\"_blank\">Gro\u00dfsteinhausen<\/a><\/li>\n<\/ul>\n<p>bestehen auch zu den Kirchengemeinden anderer Konfessionen Kontakte auf unterschiedlichen Ebenen (Kreise, Jugendarbeit, Gottesdienste, Projekte) und eine gute Zusammenarbeit.<\/p>\n<p>&nbsp;<\/p>\n<figure style=\"width: 328px\" class=\"wp-caption alignright\"><a href=\"https:\/\/commons.wikimedia.org\/wiki\/File%3AHornbach_Katholische_Kirche_St._Pirminius_02.JPG\" target=\"_blank\"><img loading=\"lazy\" decoding=\"async\" class=\"\" src=\"https:\/\/upload.wikimedia.org\/wikipedia\/commons\/5\/5c\/Hornbach_Katholische_Kirche_St._Pirminius_02.JPG\" alt=\"By atreyu (Own work) [CC BY-SA 4.0 (http:\/\/creativecommons.org\/licenses\/by-sa\/4.0)], via Wikimedia Commons\" width=\"328\" height=\"273\" \/><\/a><figcaption class=\"wp-caption-text\">Katholische Kirche St. Pirminius in Hornbach<\/figcaption><\/figure>Derzeit gibt es\u00a0insbesondere zur katholischen Kirchengemeinde, die seit 2014 zur <a href=\"https:\/\/www.google.de\/url?sa=t&amp;rct=j&amp;q=&amp;esrc=s&amp;source=web&amp;cd=1&amp;cad=rja&amp;uact=8&amp;ved=0ahUKEwiX6fWJu7LOAhXI0RQKHeHfCB8QFggeMAA&amp;url=http%3A%2F%2Fwww.pfarreiengemeinschaft-contwig.de%2F&amp;usg=AFQjCNFG52kfcAjNTErW4zLLHT5Z-hUkag&amp;sig2=aNlixp_2Ke6HOJSUpQrMQA\" target=\"_blank\">Pfarreiengemeinschaft Contwig<\/a> geh\u00f6rt, ein herzliches und partnerschaftliches Verh\u00e4ltnis.<\/p>\n<p>Dies gilt ebenso f\u00fcr die\u00a0<a href=\"http:\/\/www.mennoniten.de\/zweibruecken.html\" target=\"_blank\">mennonitische Gemeinde in Zweibr\u00fccken<\/a>. Die Ev. Kirche der Pfalz ist den mennonitschen Gemeinden der Pfalz\u00a0seit Jahrhunderten freundlich verbunden.<\/p>\n<p>Weitere Glaubensgemeinschaften in der Umgebung, zu denen ein mehr oder minder enger Kontakt besteht, finden sich in der Linkliste auf der rechten Seite.<\/p>\n","protected":false},"excerpt":{"rendered":"<p>Neben den Nachbarpfarreien unserer eigenen Landeskirche Rimschweiler-Mittelbach Walsheim-Breitfurt Gro\u00dfsteinhausen bestehen auch zu den Kirchengemeinden anderer Konfessionen Kontakte auf unterschiedlichen Ebenen (Kreise, Jugendarbeit, Gottesdienste, Projekte) und eine gute Zusammenarbeit. &nbsp; Derzeit gibt es\u00a0insbesondere zur katholischen Kirchengemeinde, die seit 2014 zur Pfarreiengemeinschaft Contwig geh\u00f6rt, ein herzliches und partnerschaftliches Verh\u00e4ltnis. Dies gilt ebenso f\u00fcr die\u00a0mennonitische Gemeinde in Zweibr\u00fccken.&hellip; <a class=\"more-link\" href=\"https:\/\/evk-hornbach.de\/?page_id=279\"><span class=\"screen-reader-text\">Christliche Glaubensgemeinschaften in unserer Nachbarschaft<\/span> weiterlesen<\/a><\/p>\n","protected":false},"author":2,"featured_media":0,"parent":0,"menu_order":0,"comment_status":"closed","ping_status":"closed","template":"","meta":{"_uag_custom_page_level_css":"","advgb_blocks_editor_width":"","advgb_blocks_columns_visual_guide":"","episode_type":"","audio_file":"","podmotor_file_id":"","podmotor_episode_id":"","cover_image":"","cover_image_id":"","duration":"","filesize":"","filesize_raw":"","date_recorded":"","explicit":"","block":"","cybocfi_hide_featured_image":"","footnotes":""},"class_list":["post-279","page","type-page","status-publish","hentry","entry"],"uagb_featured_image_src":{"full":false,"thumbnail":false,"medium":false,"medium_large":false,"large":false,"ug_big":false,"1536x1536":false,"2048x2048":false,"post-thumbnail":false},"uagb_author_info":{"display_name":"Christian G\u00fcnther","author_link":"https:\/\/evk-hornbach.de\/?author=2"},"uagb_comment_info":0,"uagb_excerpt":"Neben den Nachbarpfarreien unserer eigenen Landeskirche Rimschweiler-Mittelbach Walsheim-Breitfurt Gro\u00dfsteinhausen bestehen auch zu den Kirchengemeinden anderer Konfessionen Kontakte auf unterschiedlichen Ebenen (Kreise, Jugendarbeit, Gottesdienste, Projekte) und eine gute Zusammenarbeit. &nbsp; Derzeit gibt es\u00a0insbesondere zur katholischen Kirchengemeinde, die seit 2014 zur Pfarreiengemeinschaft Contwig geh\u00f6rt, ein herzliches und partnerschaftliches Verh\u00e4ltnis. Dies gilt ebenso f\u00fcr die\u00a0mennonitische Gemeinde in Zweibr\u00fccken.&hellip;&hellip;","coauthors":[],"author_meta":{"author_link":"https:\/\/evk-hornbach.de\/?author=2","display_name":"Christian G\u00fcnther"},"relative_dates":{"created":"Ver\u00f6ffentlicht 10\u00a0Jahren vor","modified":"Aktualisiert 10\u00a0Jahren vor"},"absolute_dates":{"created":"Ver\u00f6ffentlicht am 8. August 2016","modified":"Aktualisiert am 8. August 2016"},"absolute_dates_time":{"created":"Ver\u00f6ffentlicht am 8. August 2016 20:58","modified":"Aktualisiert am 8. August 2016 20:58"},"featured_img_caption":"","featured_img":false,"series_order":"","jetpack-related-posts":[{"id":50437,"url":"https:\/\/evk-hornbach.de\/","url_meta":{"origin":279,"position":0},"title":"\u00dcberblick","author":"Christian G\u00fcnther","date":"5. November 2024","format":false,"excerpt":"Gru\u00dfwort Herzlich willkommen auf unserer Homepage! Wir, die Prot. Kirchengemeinde Hornbachtal zusammen mit der Prot. Kirchengemeinde Rimschweiler, m\u00f6chten Sie einladen, an unserem reichen Gemeindeleben teilzuhaben. Und wir haben einiges zu bieten: von der Taufe \u00fcber Krabbelgruppe, KiTa und Grundschule, eine bl\u00fchende Jugendarbeit: erlebnisorientierte Konfirmand*innen-Arbeit, lebendige Jugendgruppen und die beliebte Jugendfreizeit\u2026","rel":"","context":"\u00c4hnlicher Beitrag","block_context":{"text":"\u00c4hnlicher Beitrag","link":""},"img":{"alt_text":"","src":"https:\/\/i0.wp.com\/evk-hornbach.de\/wp-content\/uploads\/2025\/01\/losungsandachten2025.png?resize=350%2C200&ssl=1","width":350,"height":200,"srcset":"https:\/\/i0.wp.com\/evk-hornbach.de\/wp-content\/uploads\/2025\/01\/losungsandachten2025.png?resize=350%2C200&ssl=1 1x, https:\/\/i0.wp.com\/evk-hornbach.de\/wp-content\/uploads\/2025\/01\/losungsandachten2025.png?resize=525%2C300&ssl=1 1.5x, https:\/\/i0.wp.com\/evk-hornbach.de\/wp-content\/uploads\/2025\/01\/losungsandachten2025.png?resize=700%2C400&ssl=1 2x"},"classes":[]},{"id":85,"url":"https:\/\/evk-hornbach.de\/?page_id=85","url_meta":{"origin":279,"position":1},"title":"Impressum","author":"Christian G\u00fcnther","date":"29. Juli 2016","format":false,"excerpt":"Angaben gem\u00e4\u00df \u00a7 5 TMG und Abschnitt 2 DSGVO Daniel Seel Im Klosterbezirk 66500 Hornbach Kontakt: Telefon:\u00a006338 993040 E-Mail: pfarramt@evk-hornbach.de Verantwortlich f\u00fcr den Inhalt nach \u00a7 55 Abs. 2 RStV: Christian G\u00fcnther Eckstr. 19 66500 Mauschbach Datenschutzerkl\u00e4rung Haftungsausschluss DATENSCHUTZERKL\u00c4RUNG Wir freuen uns sehr \u00fcber Ihr Interesse an unserer Kirchengemeinde. Datenschutz\u2026","rel":"","context":"\u00c4hnlicher Beitrag","block_context":{"text":"\u00c4hnlicher Beitrag","link":""},"img":{"alt_text":"","src":"","width":0,"height":0},"classes":[]},{"id":267,"url":"https:\/\/evk-hornbach.de\/?page_id=267","url_meta":{"origin":279,"position":2},"title":"F\u00f6rderverein Feuer und Flamme","author":"Christian G\u00fcnther","date":"4. August 2016","format":false,"excerpt":"Wir sind Christen, denen die Jugendarbeit und Gemeindearbeit wichtig ist. Aus diesem Grunde haben wir \u201eFeuer und Flamme\u201c gegr\u00fcndet, einen Verein, der seinen Schwerpunkt in der Unterst\u00fctzung kirchlicher Jugendarbeit in den Kirchengemeinden Hornbach und Brenschelbach hat. Im Zusammenleben in Gruppen und Freizeiten wird soziales Verhalten einge\u00fcbt und wir vermitteln Werte.\u2026","rel":"","context":"\u00c4hnlicher Beitrag","block_context":{"text":"\u00c4hnlicher Beitrag","link":""},"img":{"alt_text":"","src":"https:\/\/i0.wp.com\/evk-hornbach.de\/wp-content\/uploads\/2016\/08\/Feuer-und-flamme-titel1.jpg?resize=350%2C200&ssl=1","width":350,"height":200,"srcset":"https:\/\/i0.wp.com\/evk-hornbach.de\/wp-content\/uploads\/2016\/08\/Feuer-und-flamme-titel1.jpg?resize=350%2C200&ssl=1 1x, https:\/\/i0.wp.com\/evk-hornbach.de\/wp-content\/uploads\/2016\/08\/Feuer-und-flamme-titel1.jpg?resize=525%2C300&ssl=1 1.5x, https:\/\/i0.wp.com\/evk-hornbach.de\/wp-content\/uploads\/2016\/08\/Feuer-und-flamme-titel1.jpg?resize=700%2C400&ssl=1 2x"},"classes":[]},{"id":669,"url":"https:\/\/evk-hornbach.de\/?page_id=669","url_meta":{"origin":279,"position":3},"title":"Geistliche Medizin","author":"Christian G\u00fcnther","date":"10. Dezember 2016","format":false,"excerpt":"Inhalt Zuspruch Eine Playliste mit Worshipmusik Bild: \u00dcberraschung im Nebel Challenge Video: Alte Br\u00e4uche zur Weihnachtszeit Video: Festgeklebt Zuspruch und Challenge Predigt zum 3. Advent: In der W\u00fcste gibt es keine Ausreden und kein Entkommen. Zuspruch Eine Playliste mit Worshipmusik Viel Freude beim Anh\u00f6ren!\u00a0\ud83c\udfa7 https:\/\/soundcloud.com\/christian-g-nther-15\/sets\/worship-musik nach oben \u00a0 \u00a0\u00dcberraschung im\u2026","rel":"","context":"\u00c4hnlicher Beitrag","block_context":{"text":"\u00c4hnlicher Beitrag","link":""},"img":{"alt_text":"","src":"https:\/\/i0.wp.com\/evk-hornbach.de\/wp-content\/uploads\/2016\/12\/erbaulich.png?resize=350%2C200&ssl=1","width":350,"height":200,"srcset":"https:\/\/i0.wp.com\/evk-hornbach.de\/wp-content\/uploads\/2016\/12\/erbaulich.png?resize=350%2C200&ssl=1 1x, https:\/\/i0.wp.com\/evk-hornbach.de\/wp-content\/uploads\/2016\/12\/erbaulich.png?resize=525%2C300&ssl=1 1.5x, https:\/\/i0.wp.com\/evk-hornbach.de\/wp-content\/uploads\/2016\/12\/erbaulich.png?resize=700%2C400&ssl=1 2x, https:\/\/i0.wp.com\/evk-hornbach.de\/wp-content\/uploads\/2016\/12\/erbaulich.png?resize=1050%2C600&ssl=1 3x"},"classes":[]},{"id":38143,"url":"https:\/\/evk-hornbach.de\/?page_id=38143","url_meta":{"origin":279,"position":4},"title":"Veranstaltungskalender","author":"Patrick Gauter","date":"23. November 2019","format":false,"excerpt":"","rel":"","context":"\u00c4hnlicher Beitrag","block_context":{"text":"\u00c4hnlicher Beitrag","link":""},"img":{"alt_text":"","src":"","width":0,"height":0},"classes":[]},{"id":319,"url":"https:\/\/evk-hornbach.de\/?page_id=319","url_meta":{"origin":279,"position":5},"title":"Termine","author":"Christian G\u00fcnther","date":"27. August 2016","format":false,"excerpt":"Wir freuen uns, den neuen Veranstaltungskalender pr\u00e4sentieren zu k\u00f6nnen! Hier noch zwei Hinweise: Da der Kalender manchmal weiter in die Zukunft reicht als unsere eigene Planung, weisen wir darauf hin, dass nur alle Termine des aktuellen Monats sicher geplant sind (bzw so ca. ab dem 25. eines Monats auch der\u2026","rel":"","context":"\u00c4hnlicher Beitrag","block_context":{"text":"\u00c4hnlicher Beitrag","link":""},"img":{"alt_text":"","src":"","width":0,"height":0},"classes":[]}],"jetpack_sharing_enabled":true,"publishpress_future_action":{"enabled":false,"date":"2026-04-16 10:08:12","action":"change-status","newStatus":"draft","terms":[],"taxonomy":"","extraData":[]},"publishpress_future_workflow_manual_trigger":{"enabledWorkflows":[]},"_links":{"self":[{"href":"https:\/\/evk-hornbach.de\/index.php?rest_route=\/wp\/v2\/pages\/279","targetHints":{"allow":["GET"]}}],"collection":[{"href":"https:\/\/evk-hornbach.de\/index.php?rest_route=\/wp\/v2\/pages"}],"about":[{"href":"https:\/\/evk-hornbach.de\/index.php?rest_route=\/wp\/v2\/types\/page"}],"author":[{"embeddable":true,"href":"https:\/\/evk-hornbach.de\/index.php?rest_route=\/wp\/v2\/users\/2"}],"replies":[{"embeddable":true,"href":"https:\/\/evk-hornbach.de\/index.php?rest_route=%2Fwp%2Fv2%2Fcomments&post=279"}],"version-history":[{"count":2,"href":"https:\/\/evk-hornbach.de\/index.php?rest_route=\/wp\/v2\/pages\/279\/revisions"}],"predecessor-version":[{"id":38231,"href":"https:\/\/evk-hornbach.de\/index.php?rest_route=\/wp\/v2\/pages\/279\/revisions\/38231"}],"wp:attachment":[{"href":"https:\/\/evk-hornbach.de\/index.php?rest_route=%2Fwp%2Fv2%2Fmedia&parent=279"}],"curies":[{"name":"wp","href":"https:\/\/api.w.org\/{rel}","templated":true}]}}