{"id":271,"date":"2016-08-04T16:11:09","date_gmt":"2016-08-04T14:11:09","guid":{"rendered":"http:\/\/evk-hornbach.de\/?page_id=271"},"modified":"2016-08-04T16:12:48","modified_gmt":"2016-08-04T14:12:48","slug":"mitgliedschaft","status":"publish","type":"page","link":"https:\/\/evk-hornbach.de\/?page_id=271","title":{"rendered":"Mitgliedschaft"},"content":{"rendered":"<p><img loading=\"lazy\" decoding=\"async\" class=\"alignnone\" src=\"http:\/\/www.feuer-flamme.info\/FeuerFlammeLogoKlein.jpg\" width=\"405\" height=\"308\" \/><\/p>\n<p>M\u00f6chten Sie unsere Arbeit regelm\u00e4\u00dfig unterst\u00fctzen? Als Mitglied k\u00f6nnen Sie einen verl\u00e4sslichen Beitrag dazu leisten, dass Kinder- und Jugendarbeit nicht an der Kostenfrage scheitert.<\/p>\n<p>&nbsp;<\/p>\n<p>Mit einem regelm\u00e4\u00dfigen Beitrag pro Monat oder j\u00e4hrlich erm\u00f6glichen Sie \u201eFeuer und Flamme\u201c eine zuverl\u00e4ssige Planung. Als Mitglied werden Sie zu unserer j\u00e4hrlichen Mitgliederversammlung eingeladen, bei der neben dem Bericht \u00fcber unsere Arbeit Sie jedes mal eine kreative \u00dcberraschung erwartet.<\/p>\n<p>Wenn Sie Interesse haben wenden Sie sich doch einfach an uns oder laden unseren Mitgliedschaftsvordruck HIER runter.!<\/p>\n<p>&nbsp;<\/p>\n<p>Selbstverst\u00e4ndlich k\u00f6nnen Sie die F\u00f6rdermitgliedschaft jederzeit ohne Angabe von Gr\u00fcnden fristlos k\u00fcndigen.<\/p>\n","protected":false},"excerpt":{"rendered":"<p>M\u00f6chten Sie unsere Arbeit regelm\u00e4\u00dfig unterst\u00fctzen? Als Mitglied k\u00f6nnen Sie einen verl\u00e4sslichen Beitrag dazu leisten, dass Kinder- und Jugendarbeit nicht an der Kostenfrage scheitert. &nbsp; Mit einem regelm\u00e4\u00dfigen Beitrag pro Monat oder j\u00e4hrlich erm\u00f6glichen Sie \u201eFeuer und Flamme\u201c eine zuverl\u00e4ssige Planung. Als Mitglied werden Sie zu unserer j\u00e4hrlichen Mitgliederversammlung eingeladen, bei der neben dem Bericht&hellip; <a class=\"more-link\" href=\"https:\/\/evk-hornbach.de\/?page_id=271\"><span class=\"screen-reader-text\">Mitgliedschaft<\/span> weiterlesen<\/a><\/p>\n","protected":false},"author":2,"featured_media":0,"parent":267,"menu_order":0,"comment_status":"closed","ping_status":"closed","template":"","meta":{"_uag_custom_page_level_css":"","advgb_blocks_editor_width":"","advgb_blocks_columns_visual_guide":"","episode_type":"","audio_file":"","podmotor_file_id":"","podmotor_episode_id":"","cover_image":"","cover_image_id":"","duration":"","filesize":"","filesize_raw":"","date_recorded":"","explicit":"","block":"","cybocfi_hide_featured_image":"","footnotes":""},"class_list":["post-271","page","type-page","status-publish","hentry","entry"],"uagb_featured_image_src":{"full":false,"thumbnail":false,"medium":false,"medium_large":false,"large":false,"ug_big":false,"1536x1536":false,"2048x2048":false,"post-thumbnail":false},"uagb_author_info":{"display_name":"Christian G\u00fcnther","author_link":"https:\/\/evk-hornbach.de\/?author=2"},"uagb_comment_info":0,"uagb_excerpt":"M\u00f6chten Sie unsere Arbeit regelm\u00e4\u00dfig unterst\u00fctzen? Als Mitglied k\u00f6nnen Sie einen verl\u00e4sslichen Beitrag dazu leisten, dass Kinder- und Jugendarbeit nicht an der Kostenfrage scheitert. &nbsp; Mit einem regelm\u00e4\u00dfigen Beitrag pro Monat oder j\u00e4hrlich erm\u00f6glichen Sie \u201eFeuer und Flamme\u201c eine zuverl\u00e4ssige Planung. Als Mitglied werden Sie zu unserer j\u00e4hrlichen Mitgliederversammlung eingeladen, bei der neben dem Bericht&hellip;&hellip;","coauthors":[],"author_meta":{"author_link":"https:\/\/evk-hornbach.de\/?author=2","display_name":"Christian G\u00fcnther"},"relative_dates":{"created":"Posted 10\u00a0Jahren ago","modified":"Updated 10\u00a0Jahren ago"},"absolute_dates":{"created":"Posted on 4. August 2016","modified":"Updated on 4. August 2016"},"absolute_dates_time":{"created":"Posted on 4. August 2016 16:11","modified":"Updated on 4. August 2016 16:12"},"featured_img_caption":"","featured_img":false,"series_order":"","jetpack-related-posts":[{"id":50437,"url":"https:\/\/evk-hornbach.de\/","url_meta":{"origin":271,"position":0},"title":"\u00dcberblick","author":"Christian G\u00fcnther","date":"5. November 2024","format":false,"excerpt":"Gru\u00dfwort Herzlich willkommen auf unserer Homepage! Wir, die Prot. Kirchengemeinde Hornbachtal zusammen mit der Prot. Kirchengemeinde Rimschweiler, m\u00f6chten Sie einladen, an unserem reichen Gemeindeleben teilzuhaben. Und wir haben einiges zu bieten: von der Taufe \u00fcber Krabbelgruppe, KiTa und Grundschule, eine bl\u00fchende Jugendarbeit: erlebnisorientierte Konfirmand*innen-Arbeit, lebendige Jugendgruppen und die beliebte Jugendfreizeit\u2026","rel":"","context":"\u00c4hnlicher Beitrag","block_context":{"text":"\u00c4hnlicher Beitrag","link":""},"img":{"alt_text":"","src":"https:\/\/i0.wp.com\/evk-hornbach.de\/wp-content\/uploads\/2025\/01\/losungsandachten2025.png?resize=350%2C200&ssl=1","width":350,"height":200,"srcset":"https:\/\/i0.wp.com\/evk-hornbach.de\/wp-content\/uploads\/2025\/01\/losungsandachten2025.png?resize=350%2C200&ssl=1 1x, https:\/\/i0.wp.com\/evk-hornbach.de\/wp-content\/uploads\/2025\/01\/losungsandachten2025.png?resize=525%2C300&ssl=1 1.5x, https:\/\/i0.wp.com\/evk-hornbach.de\/wp-content\/uploads\/2025\/01\/losungsandachten2025.png?resize=700%2C400&ssl=1 2x"},"classes":[]},{"id":85,"url":"https:\/\/evk-hornbach.de\/?page_id=85","url_meta":{"origin":271,"position":1},"title":"Impressum","author":"Christian G\u00fcnther","date":"29. Juli 2016","format":false,"excerpt":"Angaben gem\u00e4\u00df \u00a7 5 TMG und Abschnitt 2 DSGVO Daniel Seel Im Klosterbezirk 66500 Hornbach Kontakt: Telefon:\u00a006338 993040 E-Mail: pfarramt@evk-hornbach.de Verantwortlich f\u00fcr den Inhalt nach \u00a7 55 Abs. 2 RStV: Christian G\u00fcnther Eckstr. 19 66500 Mauschbach Datenschutzerkl\u00e4rung Haftungsausschluss DATENSCHUTZERKL\u00c4RUNG Wir freuen uns sehr \u00fcber Ihr Interesse an unserer Kirchengemeinde. Datenschutz\u2026","rel":"","context":"\u00c4hnlicher Beitrag","block_context":{"text":"\u00c4hnlicher Beitrag","link":""},"img":{"alt_text":"","src":"","width":0,"height":0},"classes":[]},{"id":669,"url":"https:\/\/evk-hornbach.de\/?page_id=669","url_meta":{"origin":271,"position":2},"title":"Geistliche Medizin","author":"Christian G\u00fcnther","date":"10. Dezember 2016","format":false,"excerpt":"Inhalt Zuspruch Eine Playliste mit Worshipmusik Bild: \u00dcberraschung im Nebel Challenge Video: Alte Br\u00e4uche zur Weihnachtszeit Video: Festgeklebt Zuspruch und Challenge Predigt zum 3. Advent: In der W\u00fcste gibt es keine Ausreden und kein Entkommen. Zuspruch Eine Playliste mit Worshipmusik Viel Freude beim Anh\u00f6ren!\u00a0\ud83c\udfa7 https:\/\/soundcloud.com\/christian-g-nther-15\/sets\/worship-musik nach oben \u00a0 \u00a0\u00dcberraschung im\u2026","rel":"","context":"\u00c4hnlicher Beitrag","block_context":{"text":"\u00c4hnlicher Beitrag","link":""},"img":{"alt_text":"","src":"https:\/\/i0.wp.com\/evk-hornbach.de\/wp-content\/uploads\/2016\/12\/erbaulich.png?resize=350%2C200&ssl=1","width":350,"height":200,"srcset":"https:\/\/i0.wp.com\/evk-hornbach.de\/wp-content\/uploads\/2016\/12\/erbaulich.png?resize=350%2C200&ssl=1 1x, https:\/\/i0.wp.com\/evk-hornbach.de\/wp-content\/uploads\/2016\/12\/erbaulich.png?resize=525%2C300&ssl=1 1.5x, https:\/\/i0.wp.com\/evk-hornbach.de\/wp-content\/uploads\/2016\/12\/erbaulich.png?resize=700%2C400&ssl=1 2x, https:\/\/i0.wp.com\/evk-hornbach.de\/wp-content\/uploads\/2016\/12\/erbaulich.png?resize=1050%2C600&ssl=1 3x"},"classes":[]},{"id":737,"url":"https:\/\/evk-hornbach.de\/?page_id=737","url_meta":{"origin":271,"position":3},"title":"Predigt zum 3. Advent 2016 (Birgit Schery)","author":"Christian G\u00fcnther","date":"11. Dezember 2016","format":false,"excerpt":"Predigttext Lukas 3, 1 - 14 Die Bu\u00dfpredigt des Johannes \u201eIm f\u00fcnfzehnten Jahr der Herrschaft des Kaisers Tiberius, als Pontius Pilatus Statthalter in Jud\u00e4a war und Herodes Landesf\u00fcrst von Galil\u00e4a und sein Bruder Philippus Landesf\u00fcrst von Itur\u00e4a und der Landschaft Trachonitis und Lysanias Landesf\u00fcrst von Abilene, als Hannas und Kaiphas\u2026","rel":"","context":"\u00c4hnlicher Beitrag","block_context":{"text":"\u00c4hnlicher Beitrag","link":""},"img":{"alt_text":"","src":"https:\/\/i0.wp.com\/evk-hornbach.de\/wp-content\/uploads\/2016\/12\/monument-valley-1593318_640-1.jpg?resize=350%2C200&ssl=1","width":350,"height":200,"srcset":"https:\/\/i0.wp.com\/evk-hornbach.de\/wp-content\/uploads\/2016\/12\/monument-valley-1593318_640-1.jpg?resize=350%2C200&ssl=1 1x, https:\/\/i0.wp.com\/evk-hornbach.de\/wp-content\/uploads\/2016\/12\/monument-valley-1593318_640-1.jpg?resize=525%2C300&ssl=1 1.5x"},"classes":[]},{"id":164,"url":"https:\/\/evk-hornbach.de\/?page_id=164","url_meta":{"origin":271,"position":4},"title":"Wie man den ganzen Terminkalender f\u00fcr das eigene Smartphone zug\u00e4nglich macht","author":"Christian G\u00fcnther","date":"29. Juli 2016","format":false,"excerpt":"Viele Smartphone-Besitzer h\u00e4tten gerne alles an einem Platz - zB die Termine der Kirchengemeinde in der Kalender-App des eigenen Smartphones oder Tablets. Hierzu muss man am Kalender ganz unten rechts auf die Schaltfl\u00e4che \"Abonnieren\" klicken. Es \u00f6ffnet sich eine Liste mit unterschiedlichen Importierm\u00f6glichkeiten: Wer seine Termine in einen (Windows-)Outlook-Kalender importieren\u2026","rel":"","context":"\u00c4hnlicher Beitrag","block_context":{"text":"\u00c4hnlicher Beitrag","link":""},"img":{"alt_text":"","src":"https:\/\/i0.wp.com\/evk-hornbach.de\/wp-content\/uploads\/2016\/07\/Ktutorial051.jpg?resize=350%2C200&ssl=1","width":350,"height":200,"srcset":"https:\/\/i0.wp.com\/evk-hornbach.de\/wp-content\/uploads\/2016\/07\/Ktutorial051.jpg?resize=350%2C200&ssl=1 1x, https:\/\/i0.wp.com\/evk-hornbach.de\/wp-content\/uploads\/2016\/07\/Ktutorial051.jpg?resize=525%2C300&ssl=1 1.5x, https:\/\/i0.wp.com\/evk-hornbach.de\/wp-content\/uploads\/2016\/07\/Ktutorial051.jpg?resize=700%2C400&ssl=1 2x"},"classes":[]},{"id":267,"url":"https:\/\/evk-hornbach.de\/?page_id=267","url_meta":{"origin":271,"position":5},"title":"F\u00f6rderverein Feuer und Flamme","author":"Christian G\u00fcnther","date":"4. August 2016","format":false,"excerpt":"Wir sind Christen, denen die Jugendarbeit und Gemeindearbeit wichtig ist. Aus diesem Grunde haben wir \u201eFeuer und Flamme\u201c gegr\u00fcndet, einen Verein, der seinen Schwerpunkt in der Unterst\u00fctzung kirchlicher Jugendarbeit in den Kirchengemeinden Hornbach und Brenschelbach hat. Im Zusammenleben in Gruppen und Freizeiten wird soziales Verhalten einge\u00fcbt und wir vermitteln Werte.\u2026","rel":"","context":"\u00c4hnlicher Beitrag","block_context":{"text":"\u00c4hnlicher Beitrag","link":""},"img":{"alt_text":"","src":"https:\/\/i0.wp.com\/evk-hornbach.de\/wp-content\/uploads\/2016\/08\/Feuer-und-flamme-titel1.jpg?resize=350%2C200&ssl=1","width":350,"height":200,"srcset":"https:\/\/i0.wp.com\/evk-hornbach.de\/wp-content\/uploads\/2016\/08\/Feuer-und-flamme-titel1.jpg?resize=350%2C200&ssl=1 1x, https:\/\/i0.wp.com\/evk-hornbach.de\/wp-content\/uploads\/2016\/08\/Feuer-und-flamme-titel1.jpg?resize=525%2C300&ssl=1 1.5x, https:\/\/i0.wp.com\/evk-hornbach.de\/wp-content\/uploads\/2016\/08\/Feuer-und-flamme-titel1.jpg?resize=700%2C400&ssl=1 2x"},"classes":[]}],"jetpack_sharing_enabled":true,"publishpress_future_action":{"enabled":false,"date":"2026-04-13 08:34:59","action":"change-status","newStatus":"draft","terms":[],"taxonomy":"","extraData":[]},"publishpress_future_workflow_manual_trigger":{"enabledWorkflows":[]},"_links":{"self":[{"href":"https:\/\/evk-hornbach.de\/index.php?rest_route=\/wp\/v2\/pages\/271","targetHints":{"allow":["GET"]}}],"collection":[{"href":"https:\/\/evk-hornbach.de\/index.php?rest_route=\/wp\/v2\/pages"}],"about":[{"href":"https:\/\/evk-hornbach.de\/index.php?rest_route=\/wp\/v2\/types\/page"}],"author":[{"embeddable":true,"href":"https:\/\/evk-hornbach.de\/index.php?rest_route=\/wp\/v2\/users\/2"}],"replies":[{"embeddable":true,"href":"https:\/\/evk-hornbach.de\/index.php?rest_route=%2Fwp%2Fv2%2Fcomments&post=271"}],"version-history":[{"count":1,"href":"https:\/\/evk-hornbach.de\/index.php?rest_route=\/wp\/v2\/pages\/271\/revisions"}],"predecessor-version":[{"id":273,"href":"https:\/\/evk-hornbach.de\/index.php?rest_route=\/wp\/v2\/pages\/271\/revisions\/273"}],"up":[{"embeddable":true,"href":"https:\/\/evk-hornbach.de\/index.php?rest_route=\/wp\/v2\/pages\/267"}],"wp:attachment":[{"href":"https:\/\/evk-hornbach.de\/index.php?rest_route=%2Fwp%2Fv2%2Fmedia&parent=271"}],"curies":[{"name":"wp","href":"https:\/\/api.w.org\/{rel}","templated":true}]}}