{"id":267,"date":"2016-08-04T16:06:50","date_gmt":"2016-08-04T14:06:50","guid":{"rendered":"http:\/\/evk-hornbach.de\/?page_id=267"},"modified":"2023-10-29T10:22:16","modified_gmt":"2023-10-29T09:22:16","slug":"feuer-und-flamme","status":"publish","type":"page","link":"https:\/\/evk-hornbach.de\/?page_id=267","title":{"rendered":"F\u00f6rderverein Feuer und Flamme"},"content":{"rendered":"<p>Wir sind Christen, denen die Jugendarbeit und Gemeindearbeit wichtig ist. Aus diesem Grunde haben wir \u201eFeuer und Flamme\u201c gegr\u00fcndet, einen Verein, der seinen Schwerpunkt in der Unterst\u00fctzung kirchlicher Jugendarbeit in den Kirchengemeinden Hornbach und Brenschelbach hat. Im Zusammenleben in Gruppen und Freizeiten wird soziales Verhalten einge\u00fcbt und wir vermitteln Werte. Seit \u00fcber zwanzig Jahren verantworten wir Jugendfreizeiten in den Sommerferien f\u00fcr 30-40 Jugendliche und erleben wie auch schwierige Jugendliche durch Vertrauen, Annahme, Konsequenz, gutes Miteinander sich in Gruppenprozesse einf\u00fcgen und sich in ihrer Pers\u00f6nlichkeit entfalten. Wiederholt haben wir von Eltern R\u00fcckmeldungen erhalten, dass Kinder sich durch Freizeiten in ihrer Pers\u00f6nlichkeit positiv weiterentwickelt haben.<\/p>\n<h3><em><strong>Du kannst\u00a0uns unterst\u00fctzen:<a href=\"https:\/\/evk-hornbach.de\/wp-content\/uploads\/2017\/03\/beitrittserklaerung.pdf\"><img loading=\"lazy\" decoding=\"async\" class=\"alignright wp-image-1101\" title=\"Beitrittserkl\u00e4rung herunterladen\" src=\"https:\/\/evk-hornbach.de\/wp-content\/uploads\/2016\/08\/ffbeitritt.jpg\" alt=\"Beitrittserkl\u00e4rung herunterladen\" width=\"185\" height=\"275\" \/><\/a><\/strong><\/em><\/h3>\n<ul>\n<li>Werde <span style=\"color: #ff0000;\"><strong>Mitglied<\/strong> <\/span>bei\u00a0<span style=\"color: #ff0000;\"><strong>Feuer und Flamme<\/strong><\/span>:<br \/>\nDu legst die H\u00f6he deines Mitgliedsbeitrages selbst fest, vorausgesetzt, es sind mindestens<\/p>\n<ul>\n<li>15 Euro pro\u00a0Jahr (bei Erwachsenen ab 18 Jahren), oder<\/li>\n<li>7,50 Euro pro Jahr (bei Jugendlichen unter 18).<\/li>\n<\/ul>\n<\/li>\n<\/ul>\n<p>Lade die Beitrittserkl\u00e4rung herunter, f\u00fclle sie am PC aus, drucke sie, unterschreibe sie (<em>ohne deine Unterschrift l\u00e4uft nichts!<\/em>) und sende sie <a href=\"https:\/\/evk-hornbach.de\/?page_id=80\" target=\"_blank\" rel=\"noopener\">an das Pfarramt<\/a>.<\/p>\n<p><strong><strong>&gt;&gt;\u00a0<a href=\"https:\/\/evk-hornbach.de\/wp-content\/uploads\/2017\/03\/beitrittserklaerung.pdf\">Beitrittserkl\u00e4rung zum Herunterladen<\/a><\/strong><\/strong><\/p>\n<ul>\n<li>Mit einer <span style=\"color: #ff0000;\"><strong>Spende<\/strong> <\/span>auf das Konto der Kirchengemeinde bei der Sparkasse S\u00fcdwestpfalz,<br \/>\nStichwort: <strong>Feuer und Flamme<\/strong><br \/>\nIBAN: DE66 5425 0010 0075 0302 96<br \/>\nBIC: MALADE51SWP<\/li>\n<\/ul>\n<ul>\n<li>Durch einen\u00a0<span style=\"color: #ff0000;\"><strong>Besuch <\/strong><\/span><a href=\"https:\/\/evk-hornbach.de\/?page_id=72&amp;ai1ec=action~agenda|request_format~json|cat_ids~18\" target=\"_blank\" rel=\"noopener\"><strong>unserer Veranstaltungen und Gottesdienste<\/strong><\/a>!<\/li>\n<\/ul>\n<p><img loading=\"lazy\" decoding=\"async\" class=\"wp-image-434 size-full alignleft\" src=\"https:\/\/evk-hornbach.de\/wp-content\/uploads\/2016\/09\/peperoni.jpg\" width=\"195\" height=\"141\" \/><\/p>\n<p>&nbsp;<\/p>\n<p>Kontakt: <a href=\"mailto:pfarramt@evk-hornbach.de\">pfarramt@evk-hornbach.de<\/a><\/p>\n<p>&nbsp;<\/p>\n","protected":false},"excerpt":{"rendered":"<p>Wir sind Christen, denen die Jugendarbeit und Gemeindearbeit wichtig ist. Aus diesem Grunde haben wir \u201eFeuer und Flamme\u201c gegr\u00fcndet, einen Verein, der seinen Schwerpunkt in der Unterst\u00fctzung kirchlicher Jugendarbeit in den Kirchengemeinden Hornbach und Brenschelbach hat. Im Zusammenleben in Gruppen und Freizeiten wird soziales Verhalten einge\u00fcbt und wir vermitteln Werte. Seit \u00fcber zwanzig Jahren verantworten&hellip; <a class=\"more-link\" href=\"https:\/\/evk-hornbach.de\/?page_id=267\"><span class=\"screen-reader-text\">F\u00f6rderverein Feuer und Flamme<\/span> weiterlesen<\/a><\/p>\n","protected":false},"author":2,"featured_media":1094,"parent":0,"menu_order":0,"comment_status":"closed","ping_status":"closed","template":"","meta":{"_uag_custom_page_level_css":"","advgb_blocks_editor_width":"","advgb_blocks_columns_visual_guide":"","episode_type":"","audio_file":"","podmotor_file_id":"","podmotor_episode_id":"","cover_image":"","cover_image_id":"","duration":"","filesize":"","filesize_raw":"","date_recorded":"","explicit":"","block":"","cybocfi_hide_featured_image":"","footnotes":""},"class_list":["post-267","page","type-page","status-publish","has-post-thumbnail","hentry","entry"],"uagb_featured_image_src":{"full":["https:\/\/evk-hornbach.de\/wp-content\/uploads\/2016\/08\/Feuer-und-flamme-titel1.jpg",900,382,false],"thumbnail":["https:\/\/evk-hornbach.de\/wp-content\/uploads\/2016\/08\/Feuer-und-flamme-titel1-150x150.jpg",150,150,true],"medium":["https:\/\/evk-hornbach.de\/wp-content\/uploads\/2016\/08\/Feuer-und-flamme-titel1-300x127.jpg",300,127,true],"medium_large":["https:\/\/evk-hornbach.de\/wp-content\/uploads\/2016\/08\/Feuer-und-flamme-titel1-768x326.jpg",750,318,true],"large":["https:\/\/evk-hornbach.de\/wp-content\/uploads\/2016\/08\/Feuer-und-flamme-titel1.jpg",750,318,false],"ug_big":["https:\/\/evk-hornbach.de\/wp-content\/uploads\/2016\/08\/Feuer-und-flamme-titel1-768x326.jpg",768,326,true],"1536x1536":["https:\/\/evk-hornbach.de\/wp-content\/uploads\/2016\/08\/Feuer-und-flamme-titel1.jpg",900,382,false],"2048x2048":["https:\/\/evk-hornbach.de\/wp-content\/uploads\/2016\/08\/Feuer-und-flamme-titel1.jpg",900,382,false],"post-thumbnail":["https:\/\/evk-hornbach.de\/wp-content\/uploads\/2016\/08\/Feuer-und-flamme-titel1.jpg",900,382,false]},"uagb_author_info":{"display_name":"Christian G\u00fcnther","author_link":"https:\/\/evk-hornbach.de\/?author=2"},"uagb_comment_info":0,"uagb_excerpt":"Wir sind Christen, denen die Jugendarbeit und Gemeindearbeit wichtig ist. Aus diesem Grunde haben wir \u201eFeuer und Flamme\u201c gegr\u00fcndet, einen Verein, der seinen Schwerpunkt in der Unterst\u00fctzung kirchlicher Jugendarbeit in den Kirchengemeinden Hornbach und Brenschelbach hat. Im Zusammenleben in Gruppen und Freizeiten wird soziales Verhalten einge\u00fcbt und wir vermitteln Werte. Seit \u00fcber zwanzig Jahren verantworten&hellip;&hellip;","coauthors":[],"author_meta":{"author_link":"https:\/\/evk-hornbach.de\/?author=2","display_name":"Christian G\u00fcnther"},"relative_dates":{"created":"Ver\u00f6ffentlicht 10\u00a0Jahren vor","modified":"Aktualisiert 3\u00a0Jahren vor"},"absolute_dates":{"created":"Ver\u00f6ffentlicht am 4. August 2016","modified":"Aktualisiert am 29. Oktober 2023"},"absolute_dates_time":{"created":"Ver\u00f6ffentlicht am 4. August 2016 16:06","modified":"Aktualisiert am 29. Oktober 2023 10:22"},"featured_img_caption":"","featured_img":"https:\/\/evk-hornbach.de\/wp-content\/uploads\/2016\/08\/Feuer-und-flamme-titel1.jpg","series_order":"","jetpack-related-posts":[{"id":271,"url":"https:\/\/evk-hornbach.de\/?page_id=271","url_meta":{"origin":267,"position":0},"title":"Mitgliedschaft","author":"Christian G\u00fcnther","date":"4. August 2016","format":false,"excerpt":"M\u00f6chten Sie unsere Arbeit regelm\u00e4\u00dfig unterst\u00fctzen? Als Mitglied k\u00f6nnen Sie einen verl\u00e4sslichen Beitrag dazu leisten, dass Kinder- und Jugendarbeit nicht an der Kostenfrage scheitert. \u00a0 Mit einem regelm\u00e4\u00dfigen Beitrag pro Monat oder j\u00e4hrlich erm\u00f6glichen Sie \u201eFeuer und Flamme\u201c eine zuverl\u00e4ssige Planung. Als Mitglied werden Sie zu unserer j\u00e4hrlichen Mitgliederversammlung eingeladen,\u2026","rel":"","context":"\u00c4hnlicher Beitrag","block_context":{"text":"\u00c4hnlicher Beitrag","link":""},"img":{"alt_text":"","src":"https:\/\/i0.wp.com\/www.feuer-flamme.info\/FeuerFlammeLogoKlein.jpg?resize=350%2C200","width":350,"height":200},"classes":[]},{"id":737,"url":"https:\/\/evk-hornbach.de\/?page_id=737","url_meta":{"origin":267,"position":1},"title":"Predigt zum 3. Advent 2016 (Birgit Schery)","author":"Christian G\u00fcnther","date":"11. Dezember 2016","format":false,"excerpt":"Predigttext Lukas 3, 1 - 14 Die Bu\u00dfpredigt des Johannes \u201eIm f\u00fcnfzehnten Jahr der Herrschaft des Kaisers Tiberius, als Pontius Pilatus Statthalter in Jud\u00e4a war und Herodes Landesf\u00fcrst von Galil\u00e4a und sein Bruder Philippus Landesf\u00fcrst von Itur\u00e4a und der Landschaft Trachonitis und Lysanias Landesf\u00fcrst von Abilene, als Hannas und Kaiphas\u2026","rel":"","context":"\u00c4hnlicher Beitrag","block_context":{"text":"\u00c4hnlicher Beitrag","link":""},"img":{"alt_text":"","src":"https:\/\/i0.wp.com\/evk-hornbach.de\/wp-content\/uploads\/2016\/12\/monument-valley-1593318_640-1.jpg?resize=350%2C200&ssl=1","width":350,"height":200,"srcset":"https:\/\/i0.wp.com\/evk-hornbach.de\/wp-content\/uploads\/2016\/12\/monument-valley-1593318_640-1.jpg?resize=350%2C200&ssl=1 1x, https:\/\/i0.wp.com\/evk-hornbach.de\/wp-content\/uploads\/2016\/12\/monument-valley-1593318_640-1.jpg?resize=525%2C300&ssl=1 1.5x"},"classes":[]},{"id":50437,"url":"https:\/\/evk-hornbach.de\/","url_meta":{"origin":267,"position":2},"title":"\u00dcberblick","author":"Christian G\u00fcnther","date":"5. November 2024","format":false,"excerpt":"Gru\u00dfwort Herzlich willkommen auf unserer Homepage! Wir, die Prot. Kirchengemeinde Hornbachtal zusammen mit der Prot. Kirchengemeinde Rimschweiler, m\u00f6chten Sie einladen, an unserem reichen Gemeindeleben teilzuhaben. Und wir haben einiges zu bieten: von der Taufe \u00fcber Krabbelgruppe, KiTa und Grundschule, eine bl\u00fchende Jugendarbeit: erlebnisorientierte Konfirmand*innen-Arbeit, lebendige Jugendgruppen und die beliebte Jugendfreizeit\u2026","rel":"","context":"\u00c4hnlicher Beitrag","block_context":{"text":"\u00c4hnlicher Beitrag","link":""},"img":{"alt_text":"","src":"https:\/\/i0.wp.com\/evk-hornbach.de\/wp-content\/uploads\/2026\/04\/losungsandachten2026.png?resize=350%2C200&ssl=1","width":350,"height":200,"srcset":"https:\/\/i0.wp.com\/evk-hornbach.de\/wp-content\/uploads\/2026\/04\/losungsandachten2026.png?resize=350%2C200&ssl=1 1x, https:\/\/i0.wp.com\/evk-hornbach.de\/wp-content\/uploads\/2026\/04\/losungsandachten2026.png?resize=525%2C300&ssl=1 1.5x, https:\/\/i0.wp.com\/evk-hornbach.de\/wp-content\/uploads\/2026\/04\/losungsandachten2026.png?resize=700%2C400&ssl=1 2x"},"classes":[]},{"id":674,"url":"https:\/\/evk-hornbach.de\/?page_id=674","url_meta":{"origin":267,"position":3},"title":"Ev. Jugend","author":"Christian G\u00fcnther","date":"10. Dezember 2016","format":false,"excerpt":"Die Ev. Jugend Hornbach stellt sich vor Mehr \u00fcber Feuer und Flamme","rel":"","context":"\u00c4hnlicher Beitrag","block_context":{"text":"\u00c4hnlicher Beitrag","link":""},"img":{"alt_text":"","src":"","width":0,"height":0},"classes":[]},{"id":40667,"url":"https:\/\/evk-hornbach.de\/?page_id=40667","url_meta":{"origin":267,"position":4},"title":"Regelm\u00e4\u00dfige, geistliche Online-Angebote aus der Ev. Kirche der Pfalz","author":"Christian G\u00fcnther","date":"24. Januar 2021","format":false,"excerpt":"Wir Althornbacher, Brenschelbacher, Hornbacher, Mauschbacher, Dietrichinger, Riesweilerer, Gro\u00dfbundenbacher und Bottenbacher sind bei Leibe nicht die einzigen aus der pf\u00e4lzischen Landeskirche, die in der Lockdown-Zeit neue Online-Angebote entwickelt haben. Aber bis vor kurzem wussten wir nur von den paar Angeboten unserer Freunde und Bekannten. Nun wird landeskirchenweit etwas unternommen, und eine\u2026","rel":"","context":"\u00c4hnlicher Beitrag","block_context":{"text":"\u00c4hnlicher Beitrag","link":""},"img":{"alt_text":"","src":"https:\/\/i0.wp.com\/evk-hornbach.de\/wp-content\/uploads\/2021\/01\/Bildschirmfoto-von-2021-01-29-14-27-12.png?resize=350%2C200&ssl=1","width":350,"height":200,"srcset":"https:\/\/i0.wp.com\/evk-hornbach.de\/wp-content\/uploads\/2021\/01\/Bildschirmfoto-von-2021-01-29-14-27-12.png?resize=350%2C200&ssl=1 1x, https:\/\/i0.wp.com\/evk-hornbach.de\/wp-content\/uploads\/2021\/01\/Bildschirmfoto-von-2021-01-29-14-27-12.png?resize=525%2C300&ssl=1 1.5x, https:\/\/i0.wp.com\/evk-hornbach.de\/wp-content\/uploads\/2021\/01\/Bildschirmfoto-von-2021-01-29-14-27-12.png?resize=700%2C400&ssl=1 2x"},"classes":[]},{"id":279,"url":"https:\/\/evk-hornbach.de\/?page_id=279","url_meta":{"origin":267,"position":5},"title":"Christliche Glaubensgemeinschaften in unserer Nachbarschaft","author":"Christian G\u00fcnther","date":"8. August 2016","format":false,"excerpt":"Neben den Nachbarpfarreien unserer eigenen Landeskirche Rimschweiler-Mittelbach Walsheim-Breitfurt Gro\u00dfsteinhausen bestehen auch zu den Kirchengemeinden anderer Konfessionen Kontakte auf unterschiedlichen Ebenen (Kreise, Jugendarbeit, Gottesdienste, Projekte) und eine gute Zusammenarbeit. \u00a0 Derzeit gibt es\u00a0insbesondere zur katholischen Kirchengemeinde, die seit 2014 zur Pfarreiengemeinschaft Contwig geh\u00f6rt, ein herzliches und partnerschaftliches Verh\u00e4ltnis. Dies gilt ebenso\u2026","rel":"","context":"\u00c4hnlicher Beitrag","block_context":{"text":"\u00c4hnlicher Beitrag","link":""},"img":{"alt_text":"By atreyu (Own work) [CC BY-SA 4.0 (http:\/\/creativecommons.org\/licenses\/by-sa\/4.0)], via Wikimedia Commons","src":"https:\/\/upload.wikimedia.org\/wikipedia\/commons\/5\/5c\/Hornbach_Katholische_Kirche_St._Pirminius_02.JPG","width":350,"height":200},"classes":[]}],"jetpack_sharing_enabled":true,"publishpress_future_action":{"enabled":false,"date":"2026-05-12 02:24:02","action":"change-status","newStatus":"draft","terms":[],"taxonomy":"","extraData":[]},"publishpress_future_workflow_manual_trigger":{"enabledWorkflows":[]},"_links":{"self":[{"href":"https:\/\/evk-hornbach.de\/index.php?rest_route=\/wp\/v2\/pages\/267","targetHints":{"allow":["GET"]}}],"collection":[{"href":"https:\/\/evk-hornbach.de\/index.php?rest_route=\/wp\/v2\/pages"}],"about":[{"href":"https:\/\/evk-hornbach.de\/index.php?rest_route=\/wp\/v2\/types\/page"}],"author":[{"embeddable":true,"href":"https:\/\/evk-hornbach.de\/index.php?rest_route=\/wp\/v2\/users\/2"}],"replies":[{"embeddable":true,"href":"https:\/\/evk-hornbach.de\/index.php?rest_route=%2Fwp%2Fv2%2Fcomments&post=267"}],"version-history":[{"count":18,"href":"https:\/\/evk-hornbach.de\/index.php?rest_route=\/wp\/v2\/pages\/267\/revisions"}],"predecessor-version":[{"id":48205,"href":"https:\/\/evk-hornbach.de\/index.php?rest_route=\/wp\/v2\/pages\/267\/revisions\/48205"}],"wp:featuredmedia":[{"embeddable":true,"href":"https:\/\/evk-hornbach.de\/index.php?rest_route=\/wp\/v2\/media\/1094"}],"wp:attachment":[{"href":"https:\/\/evk-hornbach.de\/index.php?rest_route=%2Fwp%2Fv2%2Fmedia&parent=267"}],"curies":[{"name":"wp","href":"https:\/\/api.w.org\/{rel}","templated":true}]}}