{"id":232,"date":"2016-08-01T17:51:07","date_gmt":"2016-08-01T15:51:07","guid":{"rendered":"http:\/\/evk-hornbach.de\/?page_id=232"},"modified":"2018-08-11T21:23:44","modified_gmt":"2018-08-11T19:23:44","slug":"liste-der-evangelischen-pfarrer-in-hornbach-seit-1900","status":"publish","type":"page","link":"https:\/\/evk-hornbach.de\/?page_id=232","title":{"rendered":"Liste der evangelischen Pfarrer in Hornbach seit 1900"},"content":{"rendered":"<p>&nbsp;<\/p>\n<table>\n<tbody>\n<tr>\n<td width=\"141\"><strong><b>Dienstzeit<\/b><\/strong><\/td>\n<td width=\"261\"><strong><b>Name<\/b><\/strong><\/td>\n<td width=\"201\"><strong><b>Zust\u00e4ndigkeit<\/b><\/strong><\/td>\n<\/tr>\n<tr>\n<td width=\"141\">1891-1911<\/td>\n<td width=\"261\">M\u00e4rcker,\u00a0Friedrich<\/td>\n<td width=\"201\">Pfarramt\u00a0I<\/td>\n<\/tr>\n<tr>\n<td width=\"141\">1898-1910<\/td>\n<td width=\"261\">Neubauer,\u00a0Andreas<\/td>\n<td width=\"201\">Pfarramt\u00a0II<\/td>\n<\/tr>\n<tr>\n<td width=\"141\">1910-1911<\/td>\n<td width=\"261\">Schmidt,\u00a0Hans<\/td>\n<td width=\"201\">(Verw.\u00a0in\u00a0Hornbach)<\/td>\n<\/tr>\n<tr>\n<td width=\"141\">1911-1919<\/td>\n<td width=\"261\">Sch\u00e4fer,\u00a0Oskar<\/td>\n<td width=\"201\">Pfarramt\u00a0I<\/td>\n<\/tr>\n<tr>\n<td width=\"141\">1911-1930<\/td>\n<td width=\"261\">Heussler,\u00a0Jakob<\/td>\n<td width=\"201\">Pfarramt\u00a0II<\/td>\n<\/tr>\n<tr>\n<td width=\"141\">1920-1950<\/td>\n<td width=\"261\">Weber,\u00a0Carl\u00a0August<\/td>\n<td width=\"201\">Pfarramt\u00a0I<\/td>\n<\/tr>\n<tr>\n<td width=\"141\">1931<\/td>\n<td width=\"261\">Dr.\u00a0Ludwig\u00a0Reinhard<\/td>\n<td width=\"201\">Pfarramt\u00a0(II?)<\/td>\n<\/tr>\n<tr>\n<td width=\"141\">1933-1936<\/td>\n<td width=\"261\">Hopp,\u00a0Helmut<\/td>\n<td width=\"201\">Pfarramt\u00a0(II?)<\/td>\n<\/tr>\n<tr>\n<td width=\"141\">1936-1938<\/td>\n<td width=\"261\">Roos,\u00a0Ernst\u00a0Heinrich<\/td>\n<td width=\"201\">(Verw.\u00a0in\u00a0Hornbach)<\/td>\n<\/tr>\n<tr>\n<td width=\"141\">1938-1939<\/td>\n<td width=\"261\">Klein,\u00a0Heinrich<\/td>\n<td width=\"201\">(Verw.\u00a0in\u00a0Hornbach)<\/td>\n<\/tr>\n<tr>\n<td width=\"141\">1949-1951<\/td>\n<td width=\"261\">Risch,\u00a0Erwin\u00a0Theodor<\/td>\n<td width=\"201\">Pfarramt\u00a0II<\/td>\n<\/tr>\n<tr>\n<td width=\"141\">1951-1953<\/td>\n<td width=\"261\">Risch,\u00a0Erwin\u00a0Theodor<\/td>\n<td width=\"201\">Pfarramt<\/td>\n<\/tr>\n<tr>\n<td width=\"141\">1954-1955<\/td>\n<td width=\"261\">Kropp,\u00a0Werner<\/td>\n<td width=\"201\">(Vikar\u00a0in\u00a0Hornbach)<\/td>\n<\/tr>\n<tr>\n<td width=\"141\">1955<\/td>\n<td width=\"261\">Grimm,\u00a0Hans-J\u00fcrgen<\/td>\n<td width=\"201\">(Vikar\u00a0in\u00a0Hornbach ?)<\/td>\n<\/tr>\n<tr>\n<td width=\"141\">1954-1962<\/td>\n<td width=\"261\">Hellmann,\u00a0Dietmar<\/td>\n<td width=\"201\">Pfarramt<\/td>\n<\/tr>\n<tr>\n<td width=\"141\">1962-1975<\/td>\n<td width=\"261\">Gabriel,\u00a0Kurt\u00a0Friedrich<\/td>\n<td width=\"201\">Pfarramt<\/td>\n<\/tr>\n<tr>\n<td width=\"141\">1975<\/td>\n<td width=\"261\">Kropp,\u00a0Werner<\/td>\n<td width=\"201\">(Mitf\u00fchrung)<\/td>\n<\/tr>\n<tr>\n<td width=\"141\">1975- 1985<\/td>\n<td width=\"261\">Sch\u00e4fer,\u00a0Rainer<\/td>\n<td width=\"201\">Pfarramt<\/td>\n<\/tr>\n<tr>\n<td width=\"141\">1985 &#8211; 1986<\/td>\n<td width=\"261\">Kropp,\u00a0Werner<\/td>\n<td width=\"201\">(Mitf\u00fchrung)<\/td>\n<\/tr>\n<tr>\n<td width=\"141\">1986-2016<\/td>\n<td width=\"261\">Hoffmann,\u00a0Klaus<\/td>\n<td width=\"201\">Pfarramt<\/td>\n<\/tr>\n<tr>\n<td width=\"141\">2017-<\/td>\n<td width=\"261\">Seel, Daniel<\/td>\n<td width=\"201\">Pfarramt<\/td>\n<\/tr>\n<\/tbody>\n<\/table>\n<p>NB: Ich habe in dieser Liste Fehler vorgefunden und <a href=\"https:\/\/books.google.de\/books?id=HDVRAAAAYAAJ&amp;pg=RA1-PR51&amp;lpg=RA1-PR51&amp;dq=%22Philipp+Friedrich+Nikolaus+M%C3%BCller%22&amp;source=bl&amp;ots=xlod3HGwvs&amp;sig=nTcbPMdD3FYDdm9wWjcF768WZF8&amp;hl=de&amp;sa=X&amp;ved=0ahUKEwjFgvTWw6DOAhXGPxQKHQesCL8Q6AEIIjAB#v=onepage&amp;q=%22Philipp%20Friedrich%20Nikolaus%20M%C3%BCller%22&amp;f=false\" target=\"_blank\" rel=\"noopener\">gel\u00f6scht<\/a>, bin aber nicht sicher, ob alle falschen Eintr\u00e4ge beseitigt sind. Darum gebe ich keine Garantie auf die sachliche Richtigkeit.<\/p>\n<p style=\"text-align: right;\"><em>Christian G\u00fcnther<\/em><\/p>\n","protected":false},"excerpt":{"rendered":"<p>&nbsp; Dienstzeit Name Zust\u00e4ndigkeit 1891-1911 M\u00e4rcker,\u00a0Friedrich Pfarramt\u00a0I 1898-1910 Neubauer,\u00a0Andreas Pfarramt\u00a0II 1910-1911 Schmidt,\u00a0Hans (Verw.\u00a0in\u00a0Hornbach) 1911-1919 Sch\u00e4fer,\u00a0Oskar Pfarramt\u00a0I 1911-1930 Heussler,\u00a0Jakob Pfarramt\u00a0II 1920-1950 Weber,\u00a0Carl\u00a0August Pfarramt\u00a0I 1931 Dr.\u00a0Ludwig\u00a0Reinhard Pfarramt\u00a0(II?) 1933-1936 Hopp,\u00a0Helmut Pfarramt\u00a0(II?) 1936-1938 Roos,\u00a0Ernst\u00a0Heinrich (Verw.\u00a0in\u00a0Hornbach) 1938-1939 Klein,\u00a0Heinrich (Verw.\u00a0in\u00a0Hornbach) 1949-1951 Risch,\u00a0Erwin\u00a0Theodor Pfarramt\u00a0II 1951-1953 Risch,\u00a0Erwin\u00a0Theodor Pfarramt 1954-1955 Kropp,\u00a0Werner (Vikar\u00a0in\u00a0Hornbach) 1955 Grimm,\u00a0Hans-J\u00fcrgen (Vikar\u00a0in\u00a0Hornbach ?) 1954-1962 Hellmann,\u00a0Dietmar Pfarramt 1962-1975 Gabriel,\u00a0Kurt\u00a0Friedrich Pfarramt 1975 Kropp,\u00a0Werner&hellip; <a class=\"more-link\" href=\"https:\/\/evk-hornbach.de\/?page_id=232\"><span class=\"screen-reader-text\">Liste der evangelischen Pfarrer in Hornbach seit 1900<\/span> weiterlesen<\/a><\/p>\n","protected":false},"author":2,"featured_media":0,"parent":0,"menu_order":0,"comment_status":"closed","ping_status":"closed","template":"","meta":{"_uag_custom_page_level_css":"","advgb_blocks_editor_width":"","advgb_blocks_columns_visual_guide":"","episode_type":"","audio_file":"","podmotor_file_id":"","podmotor_episode_id":"","cover_image":"","cover_image_id":"","duration":"","filesize":"","filesize_raw":"","date_recorded":"","explicit":"","block":"","cybocfi_hide_featured_image":"","footnotes":""},"class_list":["post-232","page","type-page","status-publish","hentry","entry"],"uagb_featured_image_src":{"full":false,"thumbnail":false,"medium":false,"medium_large":false,"large":false,"ug_big":false,"1536x1536":false,"2048x2048":false,"post-thumbnail":false},"uagb_author_info":{"display_name":"Christian G\u00fcnther","author_link":"https:\/\/evk-hornbach.de\/?author=2"},"uagb_comment_info":0,"uagb_excerpt":"&nbsp; Dienstzeit Name Zust\u00e4ndigkeit 1891-1911 M\u00e4rcker,\u00a0Friedrich Pfarramt\u00a0I 1898-1910 Neubauer,\u00a0Andreas Pfarramt\u00a0II 1910-1911 Schmidt,\u00a0Hans (Verw.\u00a0in\u00a0Hornbach) 1911-1919 Sch\u00e4fer,\u00a0Oskar Pfarramt\u00a0I 1911-1930 Heussler,\u00a0Jakob Pfarramt\u00a0II 1920-1950 Weber,\u00a0Carl\u00a0August Pfarramt\u00a0I 1931 Dr.\u00a0Ludwig\u00a0Reinhard Pfarramt\u00a0(II?) 1933-1936 Hopp,\u00a0Helmut Pfarramt\u00a0(II?) 1936-1938 Roos,\u00a0Ernst\u00a0Heinrich (Verw.\u00a0in\u00a0Hornbach) 1938-1939 Klein,\u00a0Heinrich (Verw.\u00a0in\u00a0Hornbach) 1949-1951 Risch,\u00a0Erwin\u00a0Theodor Pfarramt\u00a0II 1951-1953 Risch,\u00a0Erwin\u00a0Theodor Pfarramt 1954-1955 Kropp,\u00a0Werner (Vikar\u00a0in\u00a0Hornbach) 1955 Grimm,\u00a0Hans-J\u00fcrgen (Vikar\u00a0in\u00a0Hornbach ?) 1954-1962 Hellmann,\u00a0Dietmar Pfarramt 1962-1975 Gabriel,\u00a0Kurt\u00a0Friedrich Pfarramt 1975 Kropp,\u00a0Werner&hellip;&hellip;","coauthors":[],"author_meta":{"author_link":"https:\/\/evk-hornbach.de\/?author=2","display_name":"Christian G\u00fcnther"},"relative_dates":{"created":"Posted 10\u00a0Jahren ago","modified":"Updated 8\u00a0Jahren ago"},"absolute_dates":{"created":"Posted on 1. August 2016","modified":"Updated on 11. August 2018"},"absolute_dates_time":{"created":"Posted on 1. August 2016 17:51","modified":"Updated on 11. August 2018 21:23"},"featured_img_caption":"","featured_img":false,"series_order":"","jetpack-related-posts":[{"id":211,"url":"https:\/\/evk-hornbach.de\/?page_id=211","url_meta":{"origin":232,"position":0},"title":"Protestantisches Pfarramt Hornbach","author":"Christian G\u00fcnther","date":"31. Juli 2016","format":false,"excerpt":"Zum Protestantischen Pfarramt Hornbach geh\u00f6ren zwei Kirchengemeinden: Hornbach-Brenschelbach (mit den Orten Hornbach, Mauschbach, Dietrichingen, Brenschelbach und Riesweiler) Althornbach Eine Liste der Hornbacher Gemeindepfarrer (seit 1900) finden Sie hier. Die Zust\u00e4ndigkeit f\u00fcr Althornbach wechselte mehrfach zwischen der Pfarrei Hornbach und Rimschweiler. Seitdem 2014 die Pfarreien Mittelbach und Rimschweiler zusammengelegt wurden, wechselte\u2026","rel":"","context":"\u00c4hnlicher Beitrag","block_context":{"text":"\u00c4hnlicher Beitrag","link":""},"img":{"alt_text":"","src":"https:\/\/i0.wp.com\/evk-hornbach.de\/wp-content\/uploads\/2019\/11\/Karte-Pfarrei-Hornbach-1024x749.png?resize=350%2C200&ssl=1","width":350,"height":200,"srcset":"https:\/\/i0.wp.com\/evk-hornbach.de\/wp-content\/uploads\/2019\/11\/Karte-Pfarrei-Hornbach-1024x749.png?resize=350%2C200&ssl=1 1x, https:\/\/i0.wp.com\/evk-hornbach.de\/wp-content\/uploads\/2019\/11\/Karte-Pfarrei-Hornbach-1024x749.png?resize=525%2C300&ssl=1 1.5x, https:\/\/i0.wp.com\/evk-hornbach.de\/wp-content\/uploads\/2019\/11\/Karte-Pfarrei-Hornbach-1024x749.png?resize=700%2C400&ssl=1 2x"},"classes":[]},{"id":80,"url":"https:\/\/evk-hornbach.de\/?page_id=80","url_meta":{"origin":232,"position":1},"title":"Kontakt","author":"Christian G\u00fcnther","date":"29. Juli 2016","format":false,"excerpt":"Pfr. Seel ist vom 22.4.-7.6.2025 in Urlaub.Kasualvertretung hat Pfrn. Verena Kr\u00fcger, Gro\u00dfsteinhausen.In anderen Angelegenheiten rufen Sie bitte zu den B\u00fcrozeiten (s.u.) im Pfarramt an: Frau Platz ist weiterhin f\u00fcr Sie da. Unsere Anschrift: Prot. Pfarramt HornbachIm Klosterbezirk 966500 Hornbach \u00a006338 \/ 993 040\u00a0 06338 \/ 993 041\u00a0 Email ans Pfarramt\u2026","rel":"","context":"\u00c4hnlicher Beitrag","block_context":{"text":"\u00c4hnlicher Beitrag","link":""},"img":{"alt_text":"","src":"https:\/\/i0.wp.com\/evk-hornbach.de\/wp-content\/uploads\/2016\/07\/seel-dienst.jpg?resize=350%2C200&ssl=1","width":350,"height":200},"classes":[]},{"id":267,"url":"https:\/\/evk-hornbach.de\/?page_id=267","url_meta":{"origin":232,"position":2},"title":"F\u00f6rderverein Feuer und Flamme","author":"Christian G\u00fcnther","date":"4. August 2016","format":false,"excerpt":"Wir sind Christen, denen die Jugendarbeit und Gemeindearbeit wichtig ist. Aus diesem Grunde haben wir \u201eFeuer und Flamme\u201c gegr\u00fcndet, einen Verein, der seinen Schwerpunkt in der Unterst\u00fctzung kirchlicher Jugendarbeit in den Kirchengemeinden Hornbach und Brenschelbach hat. Im Zusammenleben in Gruppen und Freizeiten wird soziales Verhalten einge\u00fcbt und wir vermitteln Werte.\u2026","rel":"","context":"\u00c4hnlicher Beitrag","block_context":{"text":"\u00c4hnlicher Beitrag","link":""},"img":{"alt_text":"","src":"https:\/\/i0.wp.com\/evk-hornbach.de\/wp-content\/uploads\/2016\/08\/Feuer-und-flamme-titel1.jpg?resize=350%2C200&ssl=1","width":350,"height":200,"srcset":"https:\/\/i0.wp.com\/evk-hornbach.de\/wp-content\/uploads\/2016\/08\/Feuer-und-flamme-titel1.jpg?resize=350%2C200&ssl=1 1x, https:\/\/i0.wp.com\/evk-hornbach.de\/wp-content\/uploads\/2016\/08\/Feuer-und-flamme-titel1.jpg?resize=525%2C300&ssl=1 1.5x, https:\/\/i0.wp.com\/evk-hornbach.de\/wp-content\/uploads\/2016\/08\/Feuer-und-flamme-titel1.jpg?resize=700%2C400&ssl=1 2x"},"classes":[]},{"id":38143,"url":"https:\/\/evk-hornbach.de\/?page_id=38143","url_meta":{"origin":232,"position":3},"title":"Veranstaltungskalender","author":"Patrick Gauter","date":"23. November 2019","format":false,"excerpt":"","rel":"","context":"\u00c4hnlicher Beitrag","block_context":{"text":"\u00c4hnlicher Beitrag","link":""},"img":{"alt_text":"","src":"","width":0,"height":0},"classes":[]},{"id":319,"url":"https:\/\/evk-hornbach.de\/?page_id=319","url_meta":{"origin":232,"position":4},"title":"Termine","author":"Christian G\u00fcnther","date":"27. August 2016","format":false,"excerpt":"Wir freuen uns, den neuen Veranstaltungskalender pr\u00e4sentieren zu k\u00f6nnen! Hier noch zwei Hinweise: Da der Kalender manchmal weiter in die Zukunft reicht als unsere eigene Planung, weisen wir darauf hin, dass nur alle Termine des aktuellen Monats sicher geplant sind (bzw so ca. ab dem 25. eines Monats auch der\u2026","rel":"","context":"\u00c4hnlicher Beitrag","block_context":{"text":"\u00c4hnlicher Beitrag","link":""},"img":{"alt_text":"","src":"","width":0,"height":0},"classes":[]},{"id":85,"url":"https:\/\/evk-hornbach.de\/?page_id=85","url_meta":{"origin":232,"position":5},"title":"Impressum","author":"Christian G\u00fcnther","date":"29. Juli 2016","format":false,"excerpt":"Angaben gem\u00e4\u00df \u00a7 5 TMG und Abschnitt 2 DSGVO Daniel Seel Im Klosterbezirk 66500 Hornbach Kontakt: Telefon:\u00a006338 993040 E-Mail: pfarramt@evk-hornbach.de Verantwortlich f\u00fcr den Inhalt nach \u00a7 55 Abs. 2 RStV: Christian G\u00fcnther Eckstr. 19 66500 Mauschbach Datenschutzerkl\u00e4rung Haftungsausschluss DATENSCHUTZERKL\u00c4RUNG Wir freuen uns sehr \u00fcber Ihr Interesse an unserer Kirchengemeinde. Datenschutz\u2026","rel":"","context":"\u00c4hnlicher Beitrag","block_context":{"text":"\u00c4hnlicher Beitrag","link":""},"img":{"alt_text":"","src":"","width":0,"height":0},"classes":[]}],"jetpack_sharing_enabled":true,"publishpress_future_action":{"enabled":false,"date":"2026-04-15 16:18:59","action":"change-status","newStatus":"draft","terms":[],"taxonomy":"","extraData":[]},"publishpress_future_workflow_manual_trigger":{"enabledWorkflows":[]},"_links":{"self":[{"href":"https:\/\/evk-hornbach.de\/index.php?rest_route=\/wp\/v2\/pages\/232","targetHints":{"allow":["GET"]}}],"collection":[{"href":"https:\/\/evk-hornbach.de\/index.php?rest_route=\/wp\/v2\/pages"}],"about":[{"href":"https:\/\/evk-hornbach.de\/index.php?rest_route=\/wp\/v2\/types\/page"}],"author":[{"embeddable":true,"href":"https:\/\/evk-hornbach.de\/index.php?rest_route=\/wp\/v2\/users\/2"}],"replies":[{"embeddable":true,"href":"https:\/\/evk-hornbach.de\/index.php?rest_route=%2Fwp%2Fv2%2Fcomments&post=232"}],"version-history":[{"count":8,"href":"https:\/\/evk-hornbach.de\/index.php?rest_route=\/wp\/v2\/pages\/232\/revisions"}],"predecessor-version":[{"id":2673,"href":"https:\/\/evk-hornbach.de\/index.php?rest_route=\/wp\/v2\/pages\/232\/revisions\/2673"}],"wp:attachment":[{"href":"https:\/\/evk-hornbach.de\/index.php?rest_route=%2Fwp%2Fv2%2Fmedia&parent=232"}],"curies":[{"name":"wp","href":"https:\/\/api.w.org\/{rel}","templated":true}]}}