{"id":211,"date":"2016-07-31T23:30:14","date_gmt":"2016-07-31T21:30:14","guid":{"rendered":"http:\/\/evk-hornbach.de\/?page_id=211"},"modified":"2019-11-26T22:08:11","modified_gmt":"2019-11-26T21:08:11","slug":"die-pfarrei-hornbach","status":"publish","type":"page","link":"https:\/\/evk-hornbach.de\/?page_id=211","title":{"rendered":"Protestantisches Pfarramt Hornbach"},"content":{"rendered":"<p>Zum Protestantischen Pfarramt Hornbach geh\u00f6ren zwei Kirchengemeinden:<\/p>\n<ul>\n<li><strong>Hornbach-Brenschelbach<\/strong> (mit den Orten Hornbach, Mauschbach, Dietrichingen, Brenschelbach und Riesweiler)<\/li>\n<li><strong>Althornbach<\/strong><\/li>\n<\/ul>\n<p><a href=\"https:\/\/evk-hornbach.de\/wp-content\/uploads\/2019\/11\/Karte-Pfarrei-Hornbach.png\"><img loading=\"lazy\" decoding=\"async\" class=\"alignnone size-large wp-image-38234\" src=\"https:\/\/evk-hornbach.de\/wp-content\/uploads\/2019\/11\/Karte-Pfarrei-Hornbach-1024x749.png\" alt=\"\" width=\"840\" height=\"614\" srcset=\"https:\/\/evk-hornbach.de\/wp-content\/uploads\/2019\/11\/Karte-Pfarrei-Hornbach-1024x749.png 1024w, https:\/\/evk-hornbach.de\/wp-content\/uploads\/2019\/11\/Karte-Pfarrei-Hornbach-300x220.png 300w, https:\/\/evk-hornbach.de\/wp-content\/uploads\/2019\/11\/Karte-Pfarrei-Hornbach-768x562.png 768w, https:\/\/evk-hornbach.de\/wp-content\/uploads\/2019\/11\/Karte-Pfarrei-Hornbach.png 1223w\" sizes=\"auto, (max-width: 840px) 100vw, 840px\" \/><\/a><\/p>\n<p>Eine Liste der Hornbacher Gemeindepfarrer (seit 1900) finden Sie <a href=\"https:\/\/evk-hornbach.de\/?page_id=232\" target=\"_blank\" rel=\"noopener noreferrer\">hier<\/a>.<\/p>\n<p>Die Zust\u00e4ndigkeit f\u00fcr Althornbach wechselte mehrfach zwischen der Pfarrei Hornbach und Rimschweiler.<br \/>\nSeitdem 2014 die Pfarreien Mittelbach und Rimschweiler zusammengelegt wurden, wechselte Althornbach wieder zum\u00a0Hornbacher Pfarramt (Stand: 2018).<\/p>\n","protected":false},"excerpt":{"rendered":"<p>Zum Protestantischen Pfarramt Hornbach geh\u00f6ren zwei Kirchengemeinden: Hornbach-Brenschelbach (mit den Orten Hornbach, Mauschbach, Dietrichingen, Brenschelbach und Riesweiler) Althornbach Eine Liste der Hornbacher Gemeindepfarrer (seit 1900) finden Sie hier. Die Zust\u00e4ndigkeit f\u00fcr Althornbach wechselte mehrfach zwischen der Pfarrei Hornbach und Rimschweiler. Seitdem 2014 die Pfarreien Mittelbach und Rimschweiler zusammengelegt wurden, wechselte Althornbach wieder zum\u00a0Hornbacher Pfarramt (Stand:&hellip; <a class=\"more-link\" href=\"https:\/\/evk-hornbach.de\/?page_id=211\"><span class=\"screen-reader-text\">Protestantisches Pfarramt Hornbach<\/span> weiterlesen<\/a><\/p>\n","protected":false},"author":2,"featured_media":0,"parent":0,"menu_order":0,"comment_status":"closed","ping_status":"closed","template":"","meta":{"_uag_custom_page_level_css":"","advgb_blocks_editor_width":"","advgb_blocks_columns_visual_guide":"","episode_type":"","audio_file":"","podmotor_file_id":"","podmotor_episode_id":"","cover_image":"","cover_image_id":"","duration":"","filesize":"","filesize_raw":"","date_recorded":"","explicit":"","block":"","cybocfi_hide_featured_image":"","footnotes":""},"class_list":["post-211","page","type-page","status-publish","hentry","entry"],"uagb_featured_image_src":{"full":false,"thumbnail":false,"medium":false,"medium_large":false,"large":false,"ug_big":false,"1536x1536":false,"2048x2048":false,"post-thumbnail":false},"uagb_author_info":{"display_name":"Christian G\u00fcnther","author_link":"https:\/\/evk-hornbach.de\/?author=2"},"uagb_comment_info":0,"uagb_excerpt":"Zum Protestantischen Pfarramt Hornbach geh\u00f6ren zwei Kirchengemeinden: Hornbach-Brenschelbach (mit den Orten Hornbach, Mauschbach, Dietrichingen, Brenschelbach und Riesweiler) Althornbach Eine Liste der Hornbacher Gemeindepfarrer (seit 1900) finden Sie hier. Die Zust\u00e4ndigkeit f\u00fcr Althornbach wechselte mehrfach zwischen der Pfarrei Hornbach und Rimschweiler. Seitdem 2014 die Pfarreien Mittelbach und Rimschweiler zusammengelegt wurden, wechselte Althornbach wieder zum\u00a0Hornbacher Pfarramt (Stand:&hellip;&hellip;","coauthors":[],"author_meta":{"author_link":"https:\/\/evk-hornbach.de\/?author=2","display_name":"Christian G\u00fcnther"},"relative_dates":{"created":"Ver\u00f6ffentlicht 10\u00a0Jahren vor","modified":"Aktualisiert 6\u00a0Jahren vor"},"absolute_dates":{"created":"Ver\u00f6ffentlicht am 31. Juli 2016","modified":"Aktualisiert am 26. November 2019"},"absolute_dates_time":{"created":"Ver\u00f6ffentlicht am 31. Juli 2016 23:30","modified":"Aktualisiert am 26. November 2019 22:08"},"featured_img_caption":"","featured_img":false,"series_order":"","jetpack-related-posts":[{"id":39685,"url":"https:\/\/evk-hornbach.de\/?page_id=39685","url_meta":{"origin":211,"position":0},"title":"Links der Prot. Kirchengemeinde Hornbachtal mit der Prot. Kirchengemeinde Rimschweiler","author":"Patrick Gauter","date":"27. August 2020","format":false,"excerpt":"Hornbacher Gottesdienst - 3. Sonntag nach Ostern | Jubilate , 26.04.2026, 10 Uhr 50. Benefizkonzert in der Prot. Klosterkirche Hornbach, 05.01.2025, 17:00 Uhr Neue Internetseite der Prot. Kita Storchennest Althornbach Webseite der Prot. Kirchengemeinden Hornbach-Brenschelbach und Althornbach YouTube Kanal der Prot. Kirchengemeinden Hornbach-Brenschelbach und Althornbach","rel":"","context":"\u00c4hnlicher Beitrag","block_context":{"text":"\u00c4hnlicher Beitrag","link":""},"img":{"alt_text":"","src":"https:\/\/i0.wp.com\/evk-hornbach.de\/wp-content\/uploads\/2017\/12\/cropped-logov2.png?resize=350%2C200&ssl=1","width":350,"height":200,"srcset":"https:\/\/i0.wp.com\/evk-hornbach.de\/wp-content\/uploads\/2017\/12\/cropped-logov2.png?resize=350%2C200&ssl=1 1x, https:\/\/i0.wp.com\/evk-hornbach.de\/wp-content\/uploads\/2017\/12\/cropped-logov2.png?resize=525%2C300&ssl=1 1.5x, https:\/\/i0.wp.com\/evk-hornbach.de\/wp-content\/uploads\/2017\/12\/cropped-logov2.png?resize=700%2C400&ssl=1 2x, https:\/\/i0.wp.com\/evk-hornbach.de\/wp-content\/uploads\/2017\/12\/cropped-logov2.png?resize=1050%2C600&ssl=1 3x"},"classes":[]},{"id":1839,"url":"https:\/\/evk-hornbach.de\/?page_id=1839","url_meta":{"origin":211,"position":1},"title":"Die Quizfrage vom 1. Dezember","author":"Christian G\u00fcnther","date":"25. November 2017","format":false,"excerpt":"Eine sch\u00f6ne und friedliche Advents- und Weihnachtszeit ... ... w\u00fcnschen Euch die Kirchengemeinden Hornbach-Brenschelbach und Althornbach!","rel":"","context":"\u00c4hnlicher Beitrag","block_context":{"text":"\u00c4hnlicher Beitrag","link":""},"img":{"alt_text":"","src":"https:\/\/i0.wp.com\/evk-hornbach.de\/wp-content\/uploads\/2017\/11\/adventskalender-banner.jpg?resize=350%2C200&ssl=1","width":350,"height":200,"srcset":"https:\/\/i0.wp.com\/evk-hornbach.de\/wp-content\/uploads\/2017\/11\/adventskalender-banner.jpg?resize=350%2C200&ssl=1 1x, https:\/\/i0.wp.com\/evk-hornbach.de\/wp-content\/uploads\/2017\/11\/adventskalender-banner.jpg?resize=525%2C300&ssl=1 1.5x, https:\/\/i0.wp.com\/evk-hornbach.de\/wp-content\/uploads\/2017\/11\/adventskalender-banner.jpg?resize=700%2C400&ssl=1 2x, https:\/\/i0.wp.com\/evk-hornbach.de\/wp-content\/uploads\/2017\/11\/adventskalender-banner.jpg?resize=1050%2C600&ssl=1 3x"},"classes":[]},{"id":267,"url":"https:\/\/evk-hornbach.de\/?page_id=267","url_meta":{"origin":211,"position":2},"title":"F\u00f6rderverein Feuer und Flamme","author":"Christian G\u00fcnther","date":"4. August 2016","format":false,"excerpt":"Wir sind Christen, denen die Jugendarbeit und Gemeindearbeit wichtig ist. Aus diesem Grunde haben wir \u201eFeuer und Flamme\u201c gegr\u00fcndet, einen Verein, der seinen Schwerpunkt in der Unterst\u00fctzung kirchlicher Jugendarbeit in den Kirchengemeinden Hornbach und Brenschelbach hat. Im Zusammenleben in Gruppen und Freizeiten wird soziales Verhalten einge\u00fcbt und wir vermitteln Werte.\u2026","rel":"","context":"\u00c4hnlicher Beitrag","block_context":{"text":"\u00c4hnlicher Beitrag","link":""},"img":{"alt_text":"","src":"https:\/\/i0.wp.com\/evk-hornbach.de\/wp-content\/uploads\/2016\/08\/Feuer-und-flamme-titel1.jpg?resize=350%2C200&ssl=1","width":350,"height":200,"srcset":"https:\/\/i0.wp.com\/evk-hornbach.de\/wp-content\/uploads\/2016\/08\/Feuer-und-flamme-titel1.jpg?resize=350%2C200&ssl=1 1x, https:\/\/i0.wp.com\/evk-hornbach.de\/wp-content\/uploads\/2016\/08\/Feuer-und-flamme-titel1.jpg?resize=525%2C300&ssl=1 1.5x, https:\/\/i0.wp.com\/evk-hornbach.de\/wp-content\/uploads\/2016\/08\/Feuer-und-flamme-titel1.jpg?resize=700%2C400&ssl=1 2x"},"classes":[]},{"id":232,"url":"https:\/\/evk-hornbach.de\/?page_id=232","url_meta":{"origin":211,"position":3},"title":"Liste der evangelischen Pfarrer in Hornbach seit 1900","author":"Christian G\u00fcnther","date":"1. August 2016","format":false,"excerpt":"\u00a0 Dienstzeit Name Zust\u00e4ndigkeit 1891-1911 M\u00e4rcker,\u00a0Friedrich Pfarramt\u00a0I 1898-1910 Neubauer,\u00a0Andreas Pfarramt\u00a0II 1910-1911 Schmidt,\u00a0Hans (Verw.\u00a0in\u00a0Hornbach) 1911-1919 Sch\u00e4fer,\u00a0Oskar Pfarramt\u00a0I 1911-1930 Heussler,\u00a0Jakob Pfarramt\u00a0II 1920-1950 Weber,\u00a0Carl\u00a0August Pfarramt\u00a0I 1931 Dr.\u00a0Ludwig\u00a0Reinhard Pfarramt\u00a0(II?) 1933-1936 Hopp,\u00a0Helmut Pfarramt\u00a0(II?) 1936-1938 Roos,\u00a0Ernst\u00a0Heinrich (Verw.\u00a0in\u00a0Hornbach) 1938-1939 Klein,\u00a0Heinrich (Verw.\u00a0in\u00a0Hornbach) 1949-1951 Risch,\u00a0Erwin\u00a0Theodor Pfarramt\u00a0II 1951-1953 Risch,\u00a0Erwin\u00a0Theodor Pfarramt 1954-1955 Kropp,\u00a0Werner (Vikar\u00a0in\u00a0Hornbach) 1955 Grimm,\u00a0Hans-J\u00fcrgen (Vikar\u00a0in\u00a0Hornbach ?) 1954-1962 Hellmann,\u00a0Dietmar Pfarramt\u2026","rel":"","context":"\u00c4hnlicher Beitrag","block_context":{"text":"\u00c4hnlicher Beitrag","link":""},"img":{"alt_text":"","src":"","width":0,"height":0},"classes":[]},{"id":80,"url":"https:\/\/evk-hornbach.de\/?page_id=80","url_meta":{"origin":211,"position":4},"title":"Kontakt","author":"Christian G\u00fcnther","date":"29. Juli 2016","format":false,"excerpt":"Pfr. Seel ist vom 22.4.-7.6.2025 in Urlaub.Kasualvertretung hat Pfrn. Verena Kr\u00fcger, Gro\u00dfsteinhausen.In anderen Angelegenheiten rufen Sie bitte zu den B\u00fcrozeiten (s.u.) im Pfarramt an: Frau Platz ist weiterhin f\u00fcr Sie da. Unsere Anschrift: Prot. Pfarramt HornbachIm Klosterbezirk 966500 Hornbach \u00a006338 \/ 993 040\u00a0 06338 \/ 993 041\u00a0 Email ans Pfarramt\u2026","rel":"","context":"\u00c4hnlicher Beitrag","block_context":{"text":"\u00c4hnlicher Beitrag","link":""},"img":{"alt_text":"","src":"https:\/\/i0.wp.com\/evk-hornbach.de\/wp-content\/uploads\/2016\/07\/seel-dienst.jpg?resize=350%2C200&ssl=1","width":350,"height":200},"classes":[]},{"id":51115,"url":"https:\/\/evk-hornbach.de\/?page_id=51115","url_meta":{"origin":211,"position":5},"title":"Hornbacher Kirchengeschichte (ultrakurz)","author":"Christian G\u00fcnther","date":"7. November 2024","format":false,"excerpt":"Teil 1: St. Pirminius und die Gr\u00fcndung des Klosters Hornbach Die Geschichte der Kirchengemeinde Hornbach l\u00e4sst sich \u00fcber 1280 Jahre zur\u00fcckverfolgen bis ins Jahr 741. Damals gr\u00fcndete der Wanderm\u00f6nch Pirminius auf r\u00f6mischen Ruinen das Kloster Hornbach und lebte dort, bis er 753 starb. Schon bald darauf wurde er als Heiliger\u2026","rel":"","context":"\u00c4hnlicher Beitrag","block_context":{"text":"\u00c4hnlicher Beitrag","link":""},"img":{"alt_text":"","src":"https:\/\/i0.wp.com\/evk-hornbach.de\/wp-content\/uploads\/2024\/11\/hornbach-center.jpg?resize=350%2C200&ssl=1","width":350,"height":200,"srcset":"https:\/\/i0.wp.com\/evk-hornbach.de\/wp-content\/uploads\/2024\/11\/hornbach-center.jpg?resize=350%2C200&ssl=1 1x, https:\/\/i0.wp.com\/evk-hornbach.de\/wp-content\/uploads\/2024\/11\/hornbach-center.jpg?resize=525%2C300&ssl=1 1.5x, https:\/\/i0.wp.com\/evk-hornbach.de\/wp-content\/uploads\/2024\/11\/hornbach-center.jpg?resize=700%2C400&ssl=1 2x"},"classes":[]}],"jetpack_sharing_enabled":true,"publishpress_future_action":{"enabled":false,"date":"2026-05-04 11:45:04","action":"change-status","newStatus":"draft","terms":[],"taxonomy":"","extraData":[]},"publishpress_future_workflow_manual_trigger":{"enabledWorkflows":[]},"_links":{"self":[{"href":"https:\/\/evk-hornbach.de\/index.php?rest_route=\/wp\/v2\/pages\/211","targetHints":{"allow":["GET"]}}],"collection":[{"href":"https:\/\/evk-hornbach.de\/index.php?rest_route=\/wp\/v2\/pages"}],"about":[{"href":"https:\/\/evk-hornbach.de\/index.php?rest_route=\/wp\/v2\/types\/page"}],"author":[{"embeddable":true,"href":"https:\/\/evk-hornbach.de\/index.php?rest_route=\/wp\/v2\/users\/2"}],"replies":[{"embeddable":true,"href":"https:\/\/evk-hornbach.de\/index.php?rest_route=%2Fwp%2Fv2%2Fcomments&post=211"}],"version-history":[{"count":8,"href":"https:\/\/evk-hornbach.de\/index.php?rest_route=\/wp\/v2\/pages\/211\/revisions"}],"predecessor-version":[{"id":38235,"href":"https:\/\/evk-hornbach.de\/index.php?rest_route=\/wp\/v2\/pages\/211\/revisions\/38235"}],"wp:attachment":[{"href":"https:\/\/evk-hornbach.de\/index.php?rest_route=%2Fwp%2Fv2%2Fmedia&parent=211"}],"curies":[{"name":"wp","href":"https:\/\/api.w.org\/{rel}","templated":true}]}}