{"id":1890,"date":"2017-11-26T11:16:53","date_gmt":"2017-11-26T10:16:53","guid":{"rendered":"http:\/\/evk-hornbach.de\/?page_id=1890"},"modified":"2017-11-26T19:59:19","modified_gmt":"2017-11-26T18:59:19","slug":"die-quizfrage-vom-1-dezember-2-2-2","status":"publish","type":"page","link":"https:\/\/evk-hornbach.de\/?page_id=1890","title":{"rendered":"Die Quizfrage vom 20. Dezember"},"content":{"rendered":"<h2>Unweihnachtlicher Weihnachts-Popsong<\/h2>\n<div class=\"h5p-iframe-wrapper\"><iframe id=\"h5p-iframe-5\" class=\"h5p-iframe\" data-content-id=\"5\" style=\"height:1px\" src=\"about:blank\" frameBorder=\"0\" scrolling=\"no\" title=\"Dez20 - Unweihnachtliche Weihnachtslieder\"><\/iframe><\/div>\n<p>Hier die Lieder zum Ansehen &#8230;<\/p>\n\n<div class=\"sp-wrap sp-wrap-purple\">\n<div class=\"sp-head\" title=\"Erweitern\">\nFeliz Navidad\n<\/div>\n<div class=\"sp-body folded\">\n<p><iframe loading=\"lazy\" width=\"560\" height=\"315\" src=\"https:\/\/www.youtube.com\/embed\/z-wT3HXS_sA?start=74\" frameborder=\"0\" allowfullscreen><\/iframe><\/p>\n<div class=\"spdiv\">[Einklappen]<\/div>\n<\/div>\n<\/div>\n\n\n<div class=\"sp-wrap sp-wrap-yellow\">\n<div class=\"sp-head\" title=\"Erweitern\">\nBaby its Cold Outside\n<\/div>\n<div class=\"sp-body folded\">\n<p><iframe loading=\"lazy\" src=\"https:\/\/www.youtube.com\/embed\/9AY_U3Y2QEg\" width=\"560\" height=\"315\" frameborder=\"0\" allowfullscreen=\"allowfullscreen\"><\/iframe><\/p>\n<div class=\"spdiv\">[Einklappen]<\/div>\n<\/div>\n<\/div>\n\n\n<div class=\"sp-wrap sp-wrap-green\">\n<div class=\"sp-head\" title=\"Erweitern\">\nSleigh Ride\n<\/div>\n<div class=\"sp-body folded\">\n<p><iframe loading=\"lazy\" src=\"https:\/\/www.youtube.com\/embed\/OATi34PKNPw\" width=\"560\" height=\"315\" frameborder=\"0\" allowfullscreen=\"allowfullscreen\"><\/iframe><\/p>\n<div class=\"spdiv\">[Einklappen]<\/div>\n<\/div>\n<\/div>\n\n\n<div class=\"sp-wrap sp-wrap-blue\">\n<div class=\"sp-head\" title=\"Erweitern\">\nAll I Want for Christmas\n<\/div>\n<div class=\"sp-body folded\">\n<p><iframe loading=\"lazy\" src=\"https:\/\/www.youtube.com\/embed\/ObPxC3UDIls\" width=\"560\" height=\"315\" frameborder=\"0\" allowfullscreen=\"allowfullscreen\"><\/iframe><\/p>\n<div class=\"spdiv\">[Einklappen]<\/div>\n<\/div>\n<\/div>\n\n","protected":false},"excerpt":{"rendered":"<p>Unweihnachtlicher Weihnachts-Popsong Hier die Lieder zum Ansehen &#8230;<\/p>\n","protected":false},"author":2,"featured_media":1870,"parent":1837,"menu_order":0,"comment_status":"closed","ping_status":"closed","template":"","meta":{"_uag_custom_page_level_css":"","advgb_blocks_editor_width":"","advgb_blocks_columns_visual_guide":"","episode_type":"","audio_file":"","podmotor_file_id":"","podmotor_episode_id":"","cover_image":"","cover_image_id":"","duration":"","filesize":"","filesize_raw":"","date_recorded":"","explicit":"","block":"","cybocfi_hide_featured_image":"","footnotes":""},"class_list":["post-1890","page","type-page","status-publish","has-post-thumbnail","hentry","entry"],"uagb_featured_image_src":{"full":["https:\/\/evk-hornbach.de\/wp-content\/uploads\/2017\/11\/adventskalender-banner.jpg",1280,254,false],"thumbnail":["https:\/\/evk-hornbach.de\/wp-content\/uploads\/2017\/11\/adventskalender-banner-150x150.jpg",150,150,true],"medium":["https:\/\/evk-hornbach.de\/wp-content\/uploads\/2017\/11\/adventskalender-banner-300x60.jpg",300,60,true],"medium_large":["https:\/\/evk-hornbach.de\/wp-content\/uploads\/2017\/11\/adventskalender-banner-768x152.jpg",750,148,true],"large":["https:\/\/evk-hornbach.de\/wp-content\/uploads\/2017\/11\/adventskalender-banner-1024x203.jpg",750,149,true],"ug_big":["https:\/\/evk-hornbach.de\/wp-content\/uploads\/2017\/11\/adventskalender-banner-768x152.jpg",768,152,true],"1536x1536":["https:\/\/evk-hornbach.de\/wp-content\/uploads\/2017\/11\/adventskalender-banner.jpg",1280,254,false],"2048x2048":["https:\/\/evk-hornbach.de\/wp-content\/uploads\/2017\/11\/adventskalender-banner.jpg",1280,254,false],"post-thumbnail":["https:\/\/evk-hornbach.de\/wp-content\/uploads\/2017\/11\/adventskalender-banner-1200x238.jpg",1200,238,true]},"uagb_author_info":{"display_name":"Christian G\u00fcnther","author_link":"https:\/\/evk-hornbach.de\/?author=2"},"uagb_comment_info":0,"uagb_excerpt":"Unweihnachtlicher Weihnachts-Popsong Hier die Lieder zum Ansehen &#8230;","coauthors":[],"author_meta":{"author_link":"https:\/\/evk-hornbach.de\/?author=2","display_name":"Christian G\u00fcnther"},"relative_dates":{"created":"Posted 8\u00a0Jahren ago","modified":"Updated 8\u00a0Jahren ago"},"absolute_dates":{"created":"Posted on 26. November 2017","modified":"Updated on 26. November 2017"},"absolute_dates_time":{"created":"Posted on 26. November 2017 11:16","modified":"Updated on 26. November 2017 19:59"},"featured_img_caption":"","featured_img":"https:\/\/evk-hornbach.de\/wp-content\/uploads\/2017\/11\/adventskalender-banner-1200x238.jpg","series_order":"","jetpack-related-posts":[{"id":669,"url":"https:\/\/evk-hornbach.de\/?page_id=669","url_meta":{"origin":1890,"position":0},"title":"Geistliche Medizin","author":"Christian G\u00fcnther","date":"10. Dezember 2016","format":false,"excerpt":"Inhalt Zuspruch Eine Playliste mit Worshipmusik Bild: \u00dcberraschung im Nebel Challenge Video: Alte Br\u00e4uche zur Weihnachtszeit Video: Festgeklebt Zuspruch und Challenge Predigt zum 3. Advent: In der W\u00fcste gibt es keine Ausreden und kein Entkommen. Zuspruch Eine Playliste mit Worshipmusik Viel Freude beim Anh\u00f6ren!\u00a0\ud83c\udfa7 https:\/\/soundcloud.com\/christian-g-nther-15\/sets\/worship-musik nach oben \u00a0 \u00a0\u00dcberraschung im\u2026","rel":"","context":"\u00c4hnlicher Beitrag","block_context":{"text":"\u00c4hnlicher Beitrag","link":""},"img":{"alt_text":"","src":"https:\/\/i0.wp.com\/evk-hornbach.de\/wp-content\/uploads\/2016\/12\/erbaulich.png?resize=350%2C200&ssl=1","width":350,"height":200,"srcset":"https:\/\/i0.wp.com\/evk-hornbach.de\/wp-content\/uploads\/2016\/12\/erbaulich.png?resize=350%2C200&ssl=1 1x, https:\/\/i0.wp.com\/evk-hornbach.de\/wp-content\/uploads\/2016\/12\/erbaulich.png?resize=525%2C300&ssl=1 1.5x, https:\/\/i0.wp.com\/evk-hornbach.de\/wp-content\/uploads\/2016\/12\/erbaulich.png?resize=700%2C400&ssl=1 2x, https:\/\/i0.wp.com\/evk-hornbach.de\/wp-content\/uploads\/2016\/12\/erbaulich.png?resize=1050%2C600&ssl=1 3x"},"classes":[]},{"id":38143,"url":"https:\/\/evk-hornbach.de\/?page_id=38143","url_meta":{"origin":1890,"position":1},"title":"Veranstaltungskalender","author":"Patrick Gauter","date":"23. November 2019","format":false,"excerpt":"","rel":"","context":"\u00c4hnlicher Beitrag","block_context":{"text":"\u00c4hnlicher Beitrag","link":""},"img":{"alt_text":"","src":"","width":0,"height":0},"classes":[]},{"id":319,"url":"https:\/\/evk-hornbach.de\/?page_id=319","url_meta":{"origin":1890,"position":2},"title":"Termine","author":"Christian G\u00fcnther","date":"27. August 2016","format":false,"excerpt":"Wir freuen uns, den neuen Veranstaltungskalender pr\u00e4sentieren zu k\u00f6nnen! Hier noch zwei Hinweise: Da der Kalender manchmal weiter in die Zukunft reicht als unsere eigene Planung, weisen wir darauf hin, dass nur alle Termine des aktuellen Monats sicher geplant sind (bzw so ca. ab dem 25. eines Monats auch der\u2026","rel":"","context":"\u00c4hnlicher Beitrag","block_context":{"text":"\u00c4hnlicher Beitrag","link":""},"img":{"alt_text":"","src":"","width":0,"height":0},"classes":[]},{"id":39502,"url":"https:\/\/evk-hornbach.de\/?page_id=39502","url_meta":{"origin":1890,"position":3},"title":"Evangelische Kirche 2020 &#8211; Daten","author":"Christian G\u00fcnther","date":"31. Juli 2020","format":false,"excerpt":"Wer sich genauer informieren will, wie es (jenseits von Ger\u00fcchten, Fake-News und Schlagzeilen) mit der Evangelischen Kirche in Deutschland steht, findet unten einen reichhaltigen Fundus. Von der Entwicklung der Kirchenmitgliedschaften \u00fcber die einzelnen Gliedkirchen der EKD und ihre Mitarbeitenden bis hin zur Kirchensteuer finden sich hier Fakten, bis der Arzt\u2026","rel":"","context":"\u00c4hnlicher Beitrag","block_context":{"text":"\u00c4hnlicher Beitrag","link":""},"img":{"alt_text":"","src":"","width":0,"height":0},"classes":[]},{"id":1837,"url":"https:\/\/evk-hornbach.de\/?page_id=1837","url_meta":{"origin":1890,"position":4},"title":"Adventsr\u00e4tsel-Kalender","author":"Christian G\u00fcnther","date":"25. November 2017","format":false,"excerpt":"\u00a0 Musik: \u00a0 \u00a0-\u00a0 \u00a0","rel":"","context":"\u00c4hnlicher Beitrag","block_context":{"text":"\u00c4hnlicher Beitrag","link":""},"img":{"alt_text":"","src":"","width":0,"height":0},"classes":[]},{"id":85,"url":"https:\/\/evk-hornbach.de\/?page_id=85","url_meta":{"origin":1890,"position":5},"title":"Impressum","author":"Christian G\u00fcnther","date":"29. Juli 2016","format":false,"excerpt":"Angaben gem\u00e4\u00df \u00a7 5 TMG und Abschnitt 2 DSGVO Daniel Seel Im Klosterbezirk 66500 Hornbach Kontakt: Telefon:\u00a006338 993040 E-Mail: pfarramt@evk-hornbach.de Verantwortlich f\u00fcr den Inhalt nach \u00a7 55 Abs. 2 RStV: Christian G\u00fcnther Eckstr. 19 66500 Mauschbach Datenschutzerkl\u00e4rung Haftungsausschluss DATENSCHUTZERKL\u00c4RUNG Wir freuen uns sehr \u00fcber Ihr Interesse an unserer Kirchengemeinde. Datenschutz\u2026","rel":"","context":"\u00c4hnlicher Beitrag","block_context":{"text":"\u00c4hnlicher Beitrag","link":""},"img":{"alt_text":"","src":"","width":0,"height":0},"classes":[]}],"jetpack_sharing_enabled":true,"publishpress_future_action":{"enabled":false,"date":"2026-04-13 08:36:26","action":"change-status","newStatus":"draft","terms":[],"taxonomy":"","extraData":[]},"publishpress_future_workflow_manual_trigger":{"enabledWorkflows":[]},"_links":{"self":[{"href":"https:\/\/evk-hornbach.de\/index.php?rest_route=\/wp\/v2\/pages\/1890","targetHints":{"allow":["GET"]}}],"collection":[{"href":"https:\/\/evk-hornbach.de\/index.php?rest_route=\/wp\/v2\/pages"}],"about":[{"href":"https:\/\/evk-hornbach.de\/index.php?rest_route=\/wp\/v2\/types\/page"}],"author":[{"embeddable":true,"href":"https:\/\/evk-hornbach.de\/index.php?rest_route=\/wp\/v2\/users\/2"}],"replies":[{"embeddable":true,"href":"https:\/\/evk-hornbach.de\/index.php?rest_route=%2Fwp%2Fv2%2Fcomments&post=1890"}],"version-history":[{"count":8,"href":"https:\/\/evk-hornbach.de\/index.php?rest_route=\/wp\/v2\/pages\/1890\/revisions"}],"predecessor-version":[{"id":1899,"href":"https:\/\/evk-hornbach.de\/index.php?rest_route=\/wp\/v2\/pages\/1890\/revisions\/1899"}],"up":[{"embeddable":true,"href":"https:\/\/evk-hornbach.de\/index.php?rest_route=\/wp\/v2\/pages\/1837"}],"wp:featuredmedia":[{"embeddable":true,"href":"https:\/\/evk-hornbach.de\/index.php?rest_route=\/wp\/v2\/media\/1870"}],"wp:attachment":[{"href":"https:\/\/evk-hornbach.de\/index.php?rest_route=%2Fwp%2Fv2%2Fmedia&parent=1890"}],"curies":[{"name":"wp","href":"https:\/\/api.w.org\/{rel}","templated":true}]}}