{"id":1887,"date":"2017-11-26T10:06:02","date_gmt":"2017-11-26T09:06:02","guid":{"rendered":"http:\/\/evk-hornbach.de\/?page_id=1887"},"modified":"2017-11-26T10:11:29","modified_gmt":"2017-11-26T09:11:29","slug":"die-quizfrage-vom-1-dezember-2-2","status":"publish","type":"page","link":"https:\/\/evk-hornbach.de\/?page_id=1887","title":{"rendered":"Die Quizfrage vom 4. Dezember"},"content":{"rendered":"<h2>Spekulatius-Pl\u00e4tzchen backen<\/h2>\n<div class=\"h5p-iframe-wrapper\"><iframe id=\"h5p-iframe-4\" class=\"h5p-iframe\" data-content-id=\"4\" style=\"height:1px\" src=\"about:blank\" frameBorder=\"0\" scrolling=\"no\" title=\"Dez04 - Spekulatiuspl\u00e4tzchen\"><\/iframe><\/div>\n","protected":false},"excerpt":{"rendered":"<p>Spekulatius-Pl\u00e4tzchen backen<\/p>\n","protected":false},"author":2,"featured_media":1870,"parent":1837,"menu_order":0,"comment_status":"closed","ping_status":"closed","template":"","meta":{"_uag_custom_page_level_css":"","advgb_blocks_editor_width":"","advgb_blocks_columns_visual_guide":"","episode_type":"","audio_file":"","podmotor_file_id":"","podmotor_episode_id":"","cover_image":"","cover_image_id":"","duration":"","filesize":"","filesize_raw":"","date_recorded":"","explicit":"","block":"","cybocfi_hide_featured_image":"","footnotes":""},"class_list":["post-1887","page","type-page","status-publish","has-post-thumbnail","hentry","entry"],"uagb_featured_image_src":{"full":["https:\/\/evk-hornbach.de\/wp-content\/uploads\/2017\/11\/adventskalender-banner.jpg",1280,254,false],"thumbnail":["https:\/\/evk-hornbach.de\/wp-content\/uploads\/2017\/11\/adventskalender-banner-150x150.jpg",150,150,true],"medium":["https:\/\/evk-hornbach.de\/wp-content\/uploads\/2017\/11\/adventskalender-banner-300x60.jpg",300,60,true],"medium_large":["https:\/\/evk-hornbach.de\/wp-content\/uploads\/2017\/11\/adventskalender-banner-768x152.jpg",750,148,true],"large":["https:\/\/evk-hornbach.de\/wp-content\/uploads\/2017\/11\/adventskalender-banner-1024x203.jpg",750,149,true],"ug_big":["https:\/\/evk-hornbach.de\/wp-content\/uploads\/2017\/11\/adventskalender-banner-768x152.jpg",768,152,true],"1536x1536":["https:\/\/evk-hornbach.de\/wp-content\/uploads\/2017\/11\/adventskalender-banner.jpg",1280,254,false],"2048x2048":["https:\/\/evk-hornbach.de\/wp-content\/uploads\/2017\/11\/adventskalender-banner.jpg",1280,254,false],"post-thumbnail":["https:\/\/evk-hornbach.de\/wp-content\/uploads\/2017\/11\/adventskalender-banner-1200x238.jpg",1200,238,true]},"uagb_author_info":{"display_name":"Christian G\u00fcnther","author_link":"https:\/\/evk-hornbach.de\/?author=2"},"uagb_comment_info":0,"uagb_excerpt":"Spekulatius-Pl\u00e4tzchen backen","coauthors":[],"author_meta":{"author_link":"https:\/\/evk-hornbach.de\/?author=2","display_name":"Christian G\u00fcnther"},"relative_dates":{"created":"Posted 8\u00a0Jahren ago","modified":"Updated 8\u00a0Jahren ago"},"absolute_dates":{"created":"Posted on 26. November 2017","modified":"Updated on 26. November 2017"},"absolute_dates_time":{"created":"Posted on 26. November 2017 10:06","modified":"Updated on 26. November 2017 10:11"},"featured_img_caption":"","featured_img":"https:\/\/evk-hornbach.de\/wp-content\/uploads\/2017\/11\/adventskalender-banner-1200x238.jpg","series_order":"","jetpack-related-posts":[{"id":1876,"url":"https:\/\/evk-hornbach.de\/?page_id=1876","url_meta":{"origin":1887,"position":0},"title":"Die Quizfrage vom 3. Dezember","author":"Christian G\u00fcnther","date":"25. November 2017","format":false,"excerpt":"","rel":"","context":"\u00c4hnlicher Beitrag","block_context":{"text":"\u00c4hnlicher Beitrag","link":""},"img":{"alt_text":"","src":"https:\/\/i0.wp.com\/evk-hornbach.de\/wp-content\/uploads\/2017\/11\/adventskalender-banner.jpg?resize=350%2C200&ssl=1","width":350,"height":200,"srcset":"https:\/\/i0.wp.com\/evk-hornbach.de\/wp-content\/uploads\/2017\/11\/adventskalender-banner.jpg?resize=350%2C200&ssl=1 1x, https:\/\/i0.wp.com\/evk-hornbach.de\/wp-content\/uploads\/2017\/11\/adventskalender-banner.jpg?resize=525%2C300&ssl=1 1.5x, https:\/\/i0.wp.com\/evk-hornbach.de\/wp-content\/uploads\/2017\/11\/adventskalender-banner.jpg?resize=700%2C400&ssl=1 2x, https:\/\/i0.wp.com\/evk-hornbach.de\/wp-content\/uploads\/2017\/11\/adventskalender-banner.jpg?resize=1050%2C600&ssl=1 3x"},"classes":[]},{"id":1839,"url":"https:\/\/evk-hornbach.de\/?page_id=1839","url_meta":{"origin":1887,"position":1},"title":"Die Quizfrage vom 1. Dezember","author":"Christian G\u00fcnther","date":"25. November 2017","format":false,"excerpt":"Eine sch\u00f6ne und friedliche Advents- und Weihnachtszeit ... ... w\u00fcnschen Euch die Kirchengemeinden Hornbach-Brenschelbach und Althornbach!","rel":"","context":"\u00c4hnlicher Beitrag","block_context":{"text":"\u00c4hnlicher Beitrag","link":""},"img":{"alt_text":"","src":"https:\/\/i0.wp.com\/evk-hornbach.de\/wp-content\/uploads\/2017\/11\/adventskalender-banner.jpg?resize=350%2C200&ssl=1","width":350,"height":200,"srcset":"https:\/\/i0.wp.com\/evk-hornbach.de\/wp-content\/uploads\/2017\/11\/adventskalender-banner.jpg?resize=350%2C200&ssl=1 1x, https:\/\/i0.wp.com\/evk-hornbach.de\/wp-content\/uploads\/2017\/11\/adventskalender-banner.jpg?resize=525%2C300&ssl=1 1.5x, https:\/\/i0.wp.com\/evk-hornbach.de\/wp-content\/uploads\/2017\/11\/adventskalender-banner.jpg?resize=700%2C400&ssl=1 2x, https:\/\/i0.wp.com\/evk-hornbach.de\/wp-content\/uploads\/2017\/11\/adventskalender-banner.jpg?resize=1050%2C600&ssl=1 3x"},"classes":[]},{"id":1881,"url":"https:\/\/evk-hornbach.de\/?page_id=1881","url_meta":{"origin":1887,"position":2},"title":"Die Quizfrage vom 2. Dezember","author":"Christian G\u00fcnther","date":"26. November 2017","format":false,"excerpt":"Obacht, die Frage kommt gleich ... und nochmal obacht: Es k\u00f6nnten mehrere Antworten richtig sein!","rel":"","context":"\u00c4hnlicher Beitrag","block_context":{"text":"\u00c4hnlicher Beitrag","link":""},"img":{"alt_text":"","src":"https:\/\/i0.wp.com\/evk-hornbach.de\/wp-content\/uploads\/2017\/11\/adventskalender-banner.jpg?resize=350%2C200&ssl=1","width":350,"height":200,"srcset":"https:\/\/i0.wp.com\/evk-hornbach.de\/wp-content\/uploads\/2017\/11\/adventskalender-banner.jpg?resize=350%2C200&ssl=1 1x, https:\/\/i0.wp.com\/evk-hornbach.de\/wp-content\/uploads\/2017\/11\/adventskalender-banner.jpg?resize=525%2C300&ssl=1 1.5x, https:\/\/i0.wp.com\/evk-hornbach.de\/wp-content\/uploads\/2017\/11\/adventskalender-banner.jpg?resize=700%2C400&ssl=1 2x, https:\/\/i0.wp.com\/evk-hornbach.de\/wp-content\/uploads\/2017\/11\/adventskalender-banner.jpg?resize=1050%2C600&ssl=1 3x"},"classes":[]},{"id":1890,"url":"https:\/\/evk-hornbach.de\/?page_id=1890","url_meta":{"origin":1887,"position":3},"title":"Die Quizfrage vom 20. Dezember","author":"Christian G\u00fcnther","date":"26. November 2017","format":false,"excerpt":"Unweihnachtlicher Weihnachts-Popsong Hier die Lieder zum Ansehen ...","rel":"","context":"\u00c4hnlicher Beitrag","block_context":{"text":"\u00c4hnlicher Beitrag","link":""},"img":{"alt_text":"","src":"https:\/\/i0.wp.com\/evk-hornbach.de\/wp-content\/uploads\/2017\/11\/adventskalender-banner.jpg?resize=350%2C200&ssl=1","width":350,"height":200,"srcset":"https:\/\/i0.wp.com\/evk-hornbach.de\/wp-content\/uploads\/2017\/11\/adventskalender-banner.jpg?resize=350%2C200&ssl=1 1x, https:\/\/i0.wp.com\/evk-hornbach.de\/wp-content\/uploads\/2017\/11\/adventskalender-banner.jpg?resize=525%2C300&ssl=1 1.5x, https:\/\/i0.wp.com\/evk-hornbach.de\/wp-content\/uploads\/2017\/11\/adventskalender-banner.jpg?resize=700%2C400&ssl=1 2x, https:\/\/i0.wp.com\/evk-hornbach.de\/wp-content\/uploads\/2017\/11\/adventskalender-banner.jpg?resize=1050%2C600&ssl=1 3x"},"classes":[]},{"id":3322,"url":"https:\/\/evk-hornbach.de\/?page_id=3322","url_meta":{"origin":1887,"position":4},"title":"Predigtarchiv","author":"Christian G\u00fcnther","date":"27. Dezember 2018","format":false,"excerpt":"Wenn nicht anders gekennzeichnet, verweisen die Predigtlinks auf PDF-Dateien, die man herunterladen und ausdrucken oder am Bildschirm lesen kann. N\u00e4here Informationen \u00fcber die einzelnen Sonntage und ihre Predigttexte finden Sie hier. Predigt vom 13.8.23 - Predigt zum 10. Sonntag nach Tr. - Pfr. Chr. G\u00fcnther Predigt vom 6.8.23 - Predigt\u2026","rel":"","context":"\u00c4hnlicher Beitrag","block_context":{"text":"\u00c4hnlicher Beitrag","link":""},"img":{"alt_text":"","src":"https:\/\/i0.wp.com\/evk-hornbach.de\/wp-content\/uploads\/2019\/01\/away-1020437_640.jpg?resize=350%2C200&ssl=1","width":350,"height":200,"srcset":"https:\/\/i0.wp.com\/evk-hornbach.de\/wp-content\/uploads\/2019\/01\/away-1020437_640.jpg?resize=350%2C200&ssl=1 1x, https:\/\/i0.wp.com\/evk-hornbach.de\/wp-content\/uploads\/2019\/01\/away-1020437_640.jpg?resize=525%2C300&ssl=1 1.5x"},"classes":[]},{"id":38853,"url":"https:\/\/evk-hornbach.de\/?page_id=38853","url_meta":{"origin":1887,"position":5},"title":"Ride on King Jesus (CLC Youth Choir, 1990)","author":"Christian G\u00fcnther","date":"30. April 2020","format":false,"excerpt":"","rel":"","context":"\u00c4hnlicher Beitrag","block_context":{"text":"\u00c4hnlicher Beitrag","link":""},"img":{"alt_text":"","src":"","width":0,"height":0},"classes":[]}],"jetpack_sharing_enabled":true,"publishpress_future_action":{"enabled":false,"date":"2026-04-13 08:37:21","action":"change-status","newStatus":"draft","terms":[],"taxonomy":"","extraData":[]},"publishpress_future_workflow_manual_trigger":{"enabledWorkflows":[]},"_links":{"self":[{"href":"https:\/\/evk-hornbach.de\/index.php?rest_route=\/wp\/v2\/pages\/1887","targetHints":{"allow":["GET"]}}],"collection":[{"href":"https:\/\/evk-hornbach.de\/index.php?rest_route=\/wp\/v2\/pages"}],"about":[{"href":"https:\/\/evk-hornbach.de\/index.php?rest_route=\/wp\/v2\/types\/page"}],"author":[{"embeddable":true,"href":"https:\/\/evk-hornbach.de\/index.php?rest_route=\/wp\/v2\/users\/2"}],"replies":[{"embeddable":true,"href":"https:\/\/evk-hornbach.de\/index.php?rest_route=%2Fwp%2Fv2%2Fcomments&post=1887"}],"version-history":[{"count":2,"href":"https:\/\/evk-hornbach.de\/index.php?rest_route=\/wp\/v2\/pages\/1887\/revisions"}],"predecessor-version":[{"id":1889,"href":"https:\/\/evk-hornbach.de\/index.php?rest_route=\/wp\/v2\/pages\/1887\/revisions\/1889"}],"up":[{"embeddable":true,"href":"https:\/\/evk-hornbach.de\/index.php?rest_route=\/wp\/v2\/pages\/1837"}],"wp:featuredmedia":[{"embeddable":true,"href":"https:\/\/evk-hornbach.de\/index.php?rest_route=\/wp\/v2\/media\/1870"}],"wp:attachment":[{"href":"https:\/\/evk-hornbach.de\/index.php?rest_route=%2Fwp%2Fv2%2Fmedia&parent=1887"}],"curies":[{"name":"wp","href":"https:\/\/api.w.org\/{rel}","templated":true}]}}