{"id":1881,"date":"2017-11-26T00:34:17","date_gmt":"2017-11-25T23:34:17","guid":{"rendered":"http:\/\/evk-hornbach.de\/?page_id=1881"},"modified":"2017-11-26T01:41:16","modified_gmt":"2017-11-26T00:41:16","slug":"die-quizfrage-vom-1-dezember-3","status":"publish","type":"page","link":"https:\/\/evk-hornbach.de\/?page_id=1881","title":{"rendered":"Die Quizfrage vom 2. Dezember"},"content":{"rendered":"<p>Obacht, die Frage kommt gleich &#8230;<br \/>\nund nochmal obacht: Es k\u00f6nnten mehrere Antworten richtig sein!<\/p>\n<div class=\"h5p-iframe-wrapper\"><iframe id=\"h5p-iframe-3\" class=\"h5p-iframe\" data-content-id=\"3\" style=\"height:1px\" src=\"about:blank\" frameBorder=\"0\" scrolling=\"no\" title=\"Dez02 - Ein Advents-Choral\"><\/iframe><\/div>\n","protected":false},"excerpt":{"rendered":"<p>Obacht, die Frage kommt gleich &#8230; und nochmal obacht: Es k\u00f6nnten mehrere Antworten richtig sein!<\/p>\n","protected":false},"author":2,"featured_media":1870,"parent":1837,"menu_order":0,"comment_status":"closed","ping_status":"closed","template":"","meta":{"_uag_custom_page_level_css":"","advgb_blocks_editor_width":"","advgb_blocks_columns_visual_guide":"","episode_type":"","audio_file":"","podmotor_file_id":"","podmotor_episode_id":"","cover_image":"","cover_image_id":"","duration":"","filesize":"","filesize_raw":"","date_recorded":"","explicit":"","block":"","cybocfi_hide_featured_image":"","footnotes":""},"class_list":["post-1881","page","type-page","status-publish","has-post-thumbnail","hentry","entry"],"uagb_featured_image_src":{"full":["https:\/\/evk-hornbach.de\/wp-content\/uploads\/2017\/11\/adventskalender-banner.jpg",1280,254,false],"thumbnail":["https:\/\/evk-hornbach.de\/wp-content\/uploads\/2017\/11\/adventskalender-banner-150x150.jpg",150,150,true],"medium":["https:\/\/evk-hornbach.de\/wp-content\/uploads\/2017\/11\/adventskalender-banner-300x60.jpg",300,60,true],"medium_large":["https:\/\/evk-hornbach.de\/wp-content\/uploads\/2017\/11\/adventskalender-banner-768x152.jpg",750,148,true],"large":["https:\/\/evk-hornbach.de\/wp-content\/uploads\/2017\/11\/adventskalender-banner-1024x203.jpg",750,149,true],"ug_big":["https:\/\/evk-hornbach.de\/wp-content\/uploads\/2017\/11\/adventskalender-banner-768x152.jpg",768,152,true],"1536x1536":["https:\/\/evk-hornbach.de\/wp-content\/uploads\/2017\/11\/adventskalender-banner.jpg",1280,254,false],"2048x2048":["https:\/\/evk-hornbach.de\/wp-content\/uploads\/2017\/11\/adventskalender-banner.jpg",1280,254,false],"post-thumbnail":["https:\/\/evk-hornbach.de\/wp-content\/uploads\/2017\/11\/adventskalender-banner-1200x238.jpg",1200,238,true]},"uagb_author_info":{"display_name":"Christian G\u00fcnther","author_link":"https:\/\/evk-hornbach.de\/?author=2"},"uagb_comment_info":0,"uagb_excerpt":"Obacht, die Frage kommt gleich &#8230; und nochmal obacht: Es k\u00f6nnten mehrere Antworten richtig sein!","coauthors":[],"author_meta":{"author_link":"https:\/\/evk-hornbach.de\/?author=2","display_name":"Christian G\u00fcnther"},"relative_dates":{"created":"Posted 8\u00a0Jahren ago","modified":"Updated 8\u00a0Jahren ago"},"absolute_dates":{"created":"Posted on 26. November 2017","modified":"Updated on 26. November 2017"},"absolute_dates_time":{"created":"Posted on 26. November 2017 0:34","modified":"Updated on 26. November 2017 1:41"},"featured_img_caption":"","featured_img":"https:\/\/evk-hornbach.de\/wp-content\/uploads\/2017\/11\/adventskalender-banner-1200x238.jpg","series_order":"","jetpack-related-posts":[{"id":1839,"url":"https:\/\/evk-hornbach.de\/?page_id=1839","url_meta":{"origin":1881,"position":0},"title":"Die Quizfrage vom 1. Dezember","author":"Christian G\u00fcnther","date":"25. November 2017","format":false,"excerpt":"Eine sch\u00f6ne und friedliche Advents- und Weihnachtszeit ... ... w\u00fcnschen Euch die Kirchengemeinden Hornbach-Brenschelbach und Althornbach!","rel":"","context":"\u00c4hnlicher Beitrag","block_context":{"text":"\u00c4hnlicher Beitrag","link":""},"img":{"alt_text":"","src":"https:\/\/i0.wp.com\/evk-hornbach.de\/wp-content\/uploads\/2017\/11\/adventskalender-banner.jpg?resize=350%2C200&ssl=1","width":350,"height":200,"srcset":"https:\/\/i0.wp.com\/evk-hornbach.de\/wp-content\/uploads\/2017\/11\/adventskalender-banner.jpg?resize=350%2C200&ssl=1 1x, https:\/\/i0.wp.com\/evk-hornbach.de\/wp-content\/uploads\/2017\/11\/adventskalender-banner.jpg?resize=525%2C300&ssl=1 1.5x, https:\/\/i0.wp.com\/evk-hornbach.de\/wp-content\/uploads\/2017\/11\/adventskalender-banner.jpg?resize=700%2C400&ssl=1 2x, https:\/\/i0.wp.com\/evk-hornbach.de\/wp-content\/uploads\/2017\/11\/adventskalender-banner.jpg?resize=1050%2C600&ssl=1 3x"},"classes":[]},{"id":1876,"url":"https:\/\/evk-hornbach.de\/?page_id=1876","url_meta":{"origin":1881,"position":1},"title":"Die Quizfrage vom 3. Dezember","author":"Christian G\u00fcnther","date":"25. November 2017","format":false,"excerpt":"","rel":"","context":"\u00c4hnlicher Beitrag","block_context":{"text":"\u00c4hnlicher Beitrag","link":""},"img":{"alt_text":"","src":"https:\/\/i0.wp.com\/evk-hornbach.de\/wp-content\/uploads\/2017\/11\/adventskalender-banner.jpg?resize=350%2C200&ssl=1","width":350,"height":200,"srcset":"https:\/\/i0.wp.com\/evk-hornbach.de\/wp-content\/uploads\/2017\/11\/adventskalender-banner.jpg?resize=350%2C200&ssl=1 1x, https:\/\/i0.wp.com\/evk-hornbach.de\/wp-content\/uploads\/2017\/11\/adventskalender-banner.jpg?resize=525%2C300&ssl=1 1.5x, https:\/\/i0.wp.com\/evk-hornbach.de\/wp-content\/uploads\/2017\/11\/adventskalender-banner.jpg?resize=700%2C400&ssl=1 2x, https:\/\/i0.wp.com\/evk-hornbach.de\/wp-content\/uploads\/2017\/11\/adventskalender-banner.jpg?resize=1050%2C600&ssl=1 3x"},"classes":[]},{"id":1887,"url":"https:\/\/evk-hornbach.de\/?page_id=1887","url_meta":{"origin":1881,"position":2},"title":"Die Quizfrage vom 4. Dezember","author":"Christian G\u00fcnther","date":"26. November 2017","format":false,"excerpt":"Spekulatius-Pl\u00e4tzchen backen","rel":"","context":"\u00c4hnlicher Beitrag","block_context":{"text":"\u00c4hnlicher Beitrag","link":""},"img":{"alt_text":"","src":"https:\/\/i0.wp.com\/evk-hornbach.de\/wp-content\/uploads\/2017\/11\/adventskalender-banner.jpg?resize=350%2C200&ssl=1","width":350,"height":200,"srcset":"https:\/\/i0.wp.com\/evk-hornbach.de\/wp-content\/uploads\/2017\/11\/adventskalender-banner.jpg?resize=350%2C200&ssl=1 1x, https:\/\/i0.wp.com\/evk-hornbach.de\/wp-content\/uploads\/2017\/11\/adventskalender-banner.jpg?resize=525%2C300&ssl=1 1.5x, https:\/\/i0.wp.com\/evk-hornbach.de\/wp-content\/uploads\/2017\/11\/adventskalender-banner.jpg?resize=700%2C400&ssl=1 2x, https:\/\/i0.wp.com\/evk-hornbach.de\/wp-content\/uploads\/2017\/11\/adventskalender-banner.jpg?resize=1050%2C600&ssl=1 3x"},"classes":[]},{"id":1890,"url":"https:\/\/evk-hornbach.de\/?page_id=1890","url_meta":{"origin":1881,"position":3},"title":"Die Quizfrage vom 20. Dezember","author":"Christian G\u00fcnther","date":"26. November 2017","format":false,"excerpt":"Unweihnachtlicher Weihnachts-Popsong Hier die Lieder zum Ansehen ...","rel":"","context":"\u00c4hnlicher Beitrag","block_context":{"text":"\u00c4hnlicher Beitrag","link":""},"img":{"alt_text":"","src":"https:\/\/i0.wp.com\/evk-hornbach.de\/wp-content\/uploads\/2017\/11\/adventskalender-banner.jpg?resize=350%2C200&ssl=1","width":350,"height":200,"srcset":"https:\/\/i0.wp.com\/evk-hornbach.de\/wp-content\/uploads\/2017\/11\/adventskalender-banner.jpg?resize=350%2C200&ssl=1 1x, https:\/\/i0.wp.com\/evk-hornbach.de\/wp-content\/uploads\/2017\/11\/adventskalender-banner.jpg?resize=525%2C300&ssl=1 1.5x, https:\/\/i0.wp.com\/evk-hornbach.de\/wp-content\/uploads\/2017\/11\/adventskalender-banner.jpg?resize=700%2C400&ssl=1 2x, https:\/\/i0.wp.com\/evk-hornbach.de\/wp-content\/uploads\/2017\/11\/adventskalender-banner.jpg?resize=1050%2C600&ssl=1 3x"},"classes":[]},{"id":737,"url":"https:\/\/evk-hornbach.de\/?page_id=737","url_meta":{"origin":1881,"position":4},"title":"Predigt zum 3. Advent 2016 (Birgit Schery)","author":"Christian G\u00fcnther","date":"11. Dezember 2016","format":false,"excerpt":"Predigttext Lukas 3, 1 - 14 Die Bu\u00dfpredigt des Johannes \u201eIm f\u00fcnfzehnten Jahr der Herrschaft des Kaisers Tiberius, als Pontius Pilatus Statthalter in Jud\u00e4a war und Herodes Landesf\u00fcrst von Galil\u00e4a und sein Bruder Philippus Landesf\u00fcrst von Itur\u00e4a und der Landschaft Trachonitis und Lysanias Landesf\u00fcrst von Abilene, als Hannas und Kaiphas\u2026","rel":"","context":"\u00c4hnlicher Beitrag","block_context":{"text":"\u00c4hnlicher Beitrag","link":""},"img":{"alt_text":"","src":"https:\/\/i0.wp.com\/evk-hornbach.de\/wp-content\/uploads\/2016\/12\/monument-valley-1593318_640-1.jpg?resize=350%2C200&ssl=1","width":350,"height":200,"srcset":"https:\/\/i0.wp.com\/evk-hornbach.de\/wp-content\/uploads\/2016\/12\/monument-valley-1593318_640-1.jpg?resize=350%2C200&ssl=1 1x, https:\/\/i0.wp.com\/evk-hornbach.de\/wp-content\/uploads\/2016\/12\/monument-valley-1593318_640-1.jpg?resize=525%2C300&ssl=1 1.5x"},"classes":[]},{"id":85,"url":"https:\/\/evk-hornbach.de\/?page_id=85","url_meta":{"origin":1881,"position":5},"title":"Impressum","author":"Christian G\u00fcnther","date":"29. Juli 2016","format":false,"excerpt":"Angaben gem\u00e4\u00df \u00a7 5 TMG und Abschnitt 2 DSGVO Daniel Seel Im Klosterbezirk 66500 Hornbach Kontakt: Telefon:\u00a006338 993040 E-Mail: pfarramt@evk-hornbach.de Verantwortlich f\u00fcr den Inhalt nach \u00a7 55 Abs. 2 RStV: Christian G\u00fcnther Eckstr. 19 66500 Mauschbach Datenschutzerkl\u00e4rung Haftungsausschluss DATENSCHUTZERKL\u00c4RUNG Wir freuen uns sehr \u00fcber Ihr Interesse an unserer Kirchengemeinde. Datenschutz\u2026","rel":"","context":"\u00c4hnlicher Beitrag","block_context":{"text":"\u00c4hnlicher Beitrag","link":""},"img":{"alt_text":"","src":"","width":0,"height":0},"classes":[]}],"jetpack_sharing_enabled":true,"publishpress_future_action":{"enabled":false,"date":"2026-04-13 10:33:12","action":"change-status","newStatus":"draft","terms":[],"taxonomy":"","extraData":[]},"publishpress_future_workflow_manual_trigger":{"enabledWorkflows":[]},"_links":{"self":[{"href":"https:\/\/evk-hornbach.de\/index.php?rest_route=\/wp\/v2\/pages\/1881","targetHints":{"allow":["GET"]}}],"collection":[{"href":"https:\/\/evk-hornbach.de\/index.php?rest_route=\/wp\/v2\/pages"}],"about":[{"href":"https:\/\/evk-hornbach.de\/index.php?rest_route=\/wp\/v2\/types\/page"}],"author":[{"embeddable":true,"href":"https:\/\/evk-hornbach.de\/index.php?rest_route=\/wp\/v2\/users\/2"}],"replies":[{"embeddable":true,"href":"https:\/\/evk-hornbach.de\/index.php?rest_route=%2Fwp%2Fv2%2Fcomments&post=1881"}],"version-history":[{"count":4,"href":"https:\/\/evk-hornbach.de\/index.php?rest_route=\/wp\/v2\/pages\/1881\/revisions"}],"predecessor-version":[{"id":1886,"href":"https:\/\/evk-hornbach.de\/index.php?rest_route=\/wp\/v2\/pages\/1881\/revisions\/1886"}],"up":[{"embeddable":true,"href":"https:\/\/evk-hornbach.de\/index.php?rest_route=\/wp\/v2\/pages\/1837"}],"wp:featuredmedia":[{"embeddable":true,"href":"https:\/\/evk-hornbach.de\/index.php?rest_route=\/wp\/v2\/media\/1870"}],"wp:attachment":[{"href":"https:\/\/evk-hornbach.de\/index.php?rest_route=%2Fwp%2Fv2%2Fmedia&parent=1881"}],"curies":[{"name":"wp","href":"https:\/\/api.w.org\/{rel}","templated":true}]}}