{"id":1839,"date":"2017-11-25T22:49:53","date_gmt":"2017-11-25T21:49:53","guid":{"rendered":"http:\/\/evk-hornbach.de\/?page_id=1839"},"modified":"2017-11-26T20:10:23","modified_gmt":"2017-11-26T19:10:23","slug":"die-quizfrage-vom-1-dezember","status":"publish","type":"page","link":"https:\/\/evk-hornbach.de\/?page_id=1839","title":{"rendered":"Die Quizfrage vom 1. Dezember"},"content":{"rendered":"<div class=\"h5p-iframe-wrapper\"><iframe id=\"h5p-iframe-1\" class=\"h5p-iframe\" data-content-id=\"1\" style=\"height:1px\" src=\"about:blank\" frameBorder=\"0\" scrolling=\"no\" title=\"Dez01 - Was bedeutet &quot;Advent&quot;?\"><\/iframe><\/div>\n<p><em>Eine sch\u00f6ne und friedliche Advents- und Weihnachtszeit &#8230;<\/em><br \/>\n<img loading=\"lazy\" decoding=\"async\" class=\"alignnone wp-image-1901 size-full\" src=\"https:\/\/evk-hornbach.de\/wp-content\/uploads\/2017\/11\/sparrows-2900850_640.jpg\" alt=\"\" width=\"640\" height=\"360\" srcset=\"https:\/\/evk-hornbach.de\/wp-content\/uploads\/2017\/11\/sparrows-2900850_640.jpg 640w, https:\/\/evk-hornbach.de\/wp-content\/uploads\/2017\/11\/sparrows-2900850_640-300x169.jpg 300w\" sizes=\"auto, (max-width: 640px) 100vw, 640px\" \/><\/p>\n<p><em>&#8230; w\u00fcnschen Euch die Kirchengemeinden Hornbach-Brenschelbach und Althornbach!<\/em><\/p>\n","protected":false},"excerpt":{"rendered":"<p>Eine sch\u00f6ne und friedliche Advents- und Weihnachtszeit &#8230; &#8230; w\u00fcnschen Euch die Kirchengemeinden Hornbach-Brenschelbach und Althornbach!<\/p>\n","protected":false},"author":2,"featured_media":1870,"parent":1837,"menu_order":0,"comment_status":"closed","ping_status":"closed","template":"","meta":{"_uag_custom_page_level_css":"","advgb_blocks_editor_width":"","advgb_blocks_columns_visual_guide":"","episode_type":"","audio_file":"","podmotor_file_id":"","podmotor_episode_id":"","cover_image":"","cover_image_id":"","duration":"","filesize":"","filesize_raw":"","date_recorded":"","explicit":"","block":"","cybocfi_hide_featured_image":"","footnotes":""},"class_list":["post-1839","page","type-page","status-publish","has-post-thumbnail","hentry","entry"],"uagb_featured_image_src":{"full":["https:\/\/evk-hornbach.de\/wp-content\/uploads\/2017\/11\/adventskalender-banner.jpg",1280,254,false],"thumbnail":["https:\/\/evk-hornbach.de\/wp-content\/uploads\/2017\/11\/adventskalender-banner-150x150.jpg",150,150,true],"medium":["https:\/\/evk-hornbach.de\/wp-content\/uploads\/2017\/11\/adventskalender-banner-300x60.jpg",300,60,true],"medium_large":["https:\/\/evk-hornbach.de\/wp-content\/uploads\/2017\/11\/adventskalender-banner-768x152.jpg",750,148,true],"large":["https:\/\/evk-hornbach.de\/wp-content\/uploads\/2017\/11\/adventskalender-banner-1024x203.jpg",750,149,true],"ug_big":["https:\/\/evk-hornbach.de\/wp-content\/uploads\/2017\/11\/adventskalender-banner-768x152.jpg",768,152,true],"1536x1536":["https:\/\/evk-hornbach.de\/wp-content\/uploads\/2017\/11\/adventskalender-banner.jpg",1280,254,false],"2048x2048":["https:\/\/evk-hornbach.de\/wp-content\/uploads\/2017\/11\/adventskalender-banner.jpg",1280,254,false],"post-thumbnail":["https:\/\/evk-hornbach.de\/wp-content\/uploads\/2017\/11\/adventskalender-banner-1200x238.jpg",1200,238,true]},"uagb_author_info":{"display_name":"Christian G\u00fcnther","author_link":"https:\/\/evk-hornbach.de\/?author=2"},"uagb_comment_info":0,"uagb_excerpt":"Eine sch\u00f6ne und friedliche Advents- und Weihnachtszeit &#8230; &#8230; w\u00fcnschen Euch die Kirchengemeinden Hornbach-Brenschelbach und Althornbach!","coauthors":[],"author_meta":{"author_link":"https:\/\/evk-hornbach.de\/?author=2","display_name":"Christian G\u00fcnther"},"relative_dates":{"created":"Posted 8\u00a0Jahren ago","modified":"Updated 8\u00a0Jahren ago"},"absolute_dates":{"created":"Posted on 25. November 2017","modified":"Updated on 26. November 2017"},"absolute_dates_time":{"created":"Posted on 25. November 2017 22:49","modified":"Updated on 26. November 2017 20:10"},"featured_img_caption":"","featured_img":"https:\/\/evk-hornbach.de\/wp-content\/uploads\/2017\/11\/adventskalender-banner-1200x238.jpg","series_order":"","jetpack-related-posts":[{"id":737,"url":"https:\/\/evk-hornbach.de\/?page_id=737","url_meta":{"origin":1839,"position":0},"title":"Predigt zum 3. Advent 2016 (Birgit Schery)","author":"Christian G\u00fcnther","date":"11. Dezember 2016","format":false,"excerpt":"Predigttext Lukas 3, 1 - 14 Die Bu\u00dfpredigt des Johannes \u201eIm f\u00fcnfzehnten Jahr der Herrschaft des Kaisers Tiberius, als Pontius Pilatus Statthalter in Jud\u00e4a war und Herodes Landesf\u00fcrst von Galil\u00e4a und sein Bruder Philippus Landesf\u00fcrst von Itur\u00e4a und der Landschaft Trachonitis und Lysanias Landesf\u00fcrst von Abilene, als Hannas und Kaiphas\u2026","rel":"","context":"\u00c4hnlicher Beitrag","block_context":{"text":"\u00c4hnlicher Beitrag","link":""},"img":{"alt_text":"","src":"https:\/\/i0.wp.com\/evk-hornbach.de\/wp-content\/uploads\/2016\/12\/monument-valley-1593318_640-1.jpg?resize=350%2C200&ssl=1","width":350,"height":200,"srcset":"https:\/\/i0.wp.com\/evk-hornbach.de\/wp-content\/uploads\/2016\/12\/monument-valley-1593318_640-1.jpg?resize=350%2C200&ssl=1 1x, https:\/\/i0.wp.com\/evk-hornbach.de\/wp-content\/uploads\/2016\/12\/monument-valley-1593318_640-1.jpg?resize=525%2C300&ssl=1 1.5x"},"classes":[]},{"id":50437,"url":"https:\/\/evk-hornbach.de\/","url_meta":{"origin":1839,"position":1},"title":"\u00dcberblick","author":"Christian G\u00fcnther","date":"5. November 2024","format":false,"excerpt":"Gru\u00dfwort Herzlich willkommen auf unserer Homepage! Wir, die Prot. Kirchengemeinde Hornbachtal zusammen mit der Prot. Kirchengemeinde Rimschweiler, m\u00f6chten Sie einladen, an unserem reichen Gemeindeleben teilzuhaben. Und wir haben einiges zu bieten: von der Taufe \u00fcber Krabbelgruppe, KiTa und Grundschule, eine bl\u00fchende Jugendarbeit: erlebnisorientierte Konfirmand*innen-Arbeit, lebendige Jugendgruppen und die beliebte Jugendfreizeit\u2026","rel":"","context":"\u00c4hnlicher Beitrag","block_context":{"text":"\u00c4hnlicher Beitrag","link":""},"img":{"alt_text":"","src":"https:\/\/i0.wp.com\/evk-hornbach.de\/wp-content\/uploads\/2025\/01\/losungsandachten2025.png?resize=350%2C200&ssl=1","width":350,"height":200,"srcset":"https:\/\/i0.wp.com\/evk-hornbach.de\/wp-content\/uploads\/2025\/01\/losungsandachten2025.png?resize=350%2C200&ssl=1 1x, https:\/\/i0.wp.com\/evk-hornbach.de\/wp-content\/uploads\/2025\/01\/losungsandachten2025.png?resize=525%2C300&ssl=1 1.5x, https:\/\/i0.wp.com\/evk-hornbach.de\/wp-content\/uploads\/2025\/01\/losungsandachten2025.png?resize=700%2C400&ssl=1 2x"},"classes":[]},{"id":85,"url":"https:\/\/evk-hornbach.de\/?page_id=85","url_meta":{"origin":1839,"position":2},"title":"Impressum","author":"Christian G\u00fcnther","date":"29. Juli 2016","format":false,"excerpt":"Angaben gem\u00e4\u00df \u00a7 5 TMG und Abschnitt 2 DSGVO Daniel Seel Im Klosterbezirk 66500 Hornbach Kontakt: Telefon:\u00a006338 993040 E-Mail: pfarramt@evk-hornbach.de Verantwortlich f\u00fcr den Inhalt nach \u00a7 55 Abs. 2 RStV: Christian G\u00fcnther Eckstr. 19 66500 Mauschbach Datenschutzerkl\u00e4rung Haftungsausschluss DATENSCHUTZERKL\u00c4RUNG Wir freuen uns sehr \u00fcber Ihr Interesse an unserer Kirchengemeinde. Datenschutz\u2026","rel":"","context":"\u00c4hnlicher Beitrag","block_context":{"text":"\u00c4hnlicher Beitrag","link":""},"img":{"alt_text":"","src":"","width":0,"height":0},"classes":[]},{"id":51115,"url":"https:\/\/evk-hornbach.de\/?page_id=51115","url_meta":{"origin":1839,"position":3},"title":"Hornbacher Kirchengeschichte (ultrakurz)","author":"Christian G\u00fcnther","date":"7. November 2024","format":false,"excerpt":"Teil 1: St. Pirminius und die Gr\u00fcndung des Klosters Hornbach Die Geschichte der Kirchengemeinde Hornbach l\u00e4sst sich \u00fcber 1280 Jahre zur\u00fcckverfolgen bis ins Jahr 741. Damals gr\u00fcndete der Wanderm\u00f6nch Pirminius auf r\u00f6mischen Ruinen das Kloster Hornbach und lebte dort, bis er 753 starb. Schon bald darauf wurde er als Heiliger\u2026","rel":"","context":"\u00c4hnlicher Beitrag","block_context":{"text":"\u00c4hnlicher Beitrag","link":""},"img":{"alt_text":"","src":"https:\/\/i0.wp.com\/evk-hornbach.de\/wp-content\/uploads\/2024\/11\/hornbach-center.jpg?resize=350%2C200&ssl=1","width":350,"height":200,"srcset":"https:\/\/i0.wp.com\/evk-hornbach.de\/wp-content\/uploads\/2024\/11\/hornbach-center.jpg?resize=350%2C200&ssl=1 1x, https:\/\/i0.wp.com\/evk-hornbach.de\/wp-content\/uploads\/2024\/11\/hornbach-center.jpg?resize=525%2C300&ssl=1 1.5x, https:\/\/i0.wp.com\/evk-hornbach.de\/wp-content\/uploads\/2024\/11\/hornbach-center.jpg?resize=700%2C400&ssl=1 2x"},"classes":[]},{"id":267,"url":"https:\/\/evk-hornbach.de\/?page_id=267","url_meta":{"origin":1839,"position":4},"title":"F\u00f6rderverein Feuer und Flamme","author":"Christian G\u00fcnther","date":"4. August 2016","format":false,"excerpt":"Wir sind Christen, denen die Jugendarbeit und Gemeindearbeit wichtig ist. Aus diesem Grunde haben wir \u201eFeuer und Flamme\u201c gegr\u00fcndet, einen Verein, der seinen Schwerpunkt in der Unterst\u00fctzung kirchlicher Jugendarbeit in den Kirchengemeinden Hornbach und Brenschelbach hat. Im Zusammenleben in Gruppen und Freizeiten wird soziales Verhalten einge\u00fcbt und wir vermitteln Werte.\u2026","rel":"","context":"\u00c4hnlicher Beitrag","block_context":{"text":"\u00c4hnlicher Beitrag","link":""},"img":{"alt_text":"","src":"https:\/\/i0.wp.com\/evk-hornbach.de\/wp-content\/uploads\/2016\/08\/Feuer-und-flamme-titel1.jpg?resize=350%2C200&ssl=1","width":350,"height":200,"srcset":"https:\/\/i0.wp.com\/evk-hornbach.de\/wp-content\/uploads\/2016\/08\/Feuer-und-flamme-titel1.jpg?resize=350%2C200&ssl=1 1x, https:\/\/i0.wp.com\/evk-hornbach.de\/wp-content\/uploads\/2016\/08\/Feuer-und-flamme-titel1.jpg?resize=525%2C300&ssl=1 1.5x, https:\/\/i0.wp.com\/evk-hornbach.de\/wp-content\/uploads\/2016\/08\/Feuer-und-flamme-titel1.jpg?resize=700%2C400&ssl=1 2x"},"classes":[]},{"id":39502,"url":"https:\/\/evk-hornbach.de\/?page_id=39502","url_meta":{"origin":1839,"position":5},"title":"Evangelische Kirche 2020 &#8211; Daten","author":"Christian G\u00fcnther","date":"31. Juli 2020","format":false,"excerpt":"Wer sich genauer informieren will, wie es (jenseits von Ger\u00fcchten, Fake-News und Schlagzeilen) mit der Evangelischen Kirche in Deutschland steht, findet unten einen reichhaltigen Fundus. Von der Entwicklung der Kirchenmitgliedschaften \u00fcber die einzelnen Gliedkirchen der EKD und ihre Mitarbeitenden bis hin zur Kirchensteuer finden sich hier Fakten, bis der Arzt\u2026","rel":"","context":"\u00c4hnlicher Beitrag","block_context":{"text":"\u00c4hnlicher Beitrag","link":""},"img":{"alt_text":"","src":"","width":0,"height":0},"classes":[]}],"jetpack_sharing_enabled":true,"publishpress_future_action":{"enabled":false,"date":"2026-04-13 16:28:16","action":"change-status","newStatus":"draft","terms":[],"taxonomy":"","extraData":[]},"publishpress_future_workflow_manual_trigger":{"enabledWorkflows":[]},"_links":{"self":[{"href":"https:\/\/evk-hornbach.de\/index.php?rest_route=\/wp\/v2\/pages\/1839","targetHints":{"allow":["GET"]}}],"collection":[{"href":"https:\/\/evk-hornbach.de\/index.php?rest_route=\/wp\/v2\/pages"}],"about":[{"href":"https:\/\/evk-hornbach.de\/index.php?rest_route=\/wp\/v2\/types\/page"}],"author":[{"embeddable":true,"href":"https:\/\/evk-hornbach.de\/index.php?rest_route=\/wp\/v2\/users\/2"}],"replies":[{"embeddable":true,"href":"https:\/\/evk-hornbach.de\/index.php?rest_route=%2Fwp%2Fv2%2Fcomments&post=1839"}],"version-history":[{"count":3,"href":"https:\/\/evk-hornbach.de\/index.php?rest_route=\/wp\/v2\/pages\/1839\/revisions"}],"predecessor-version":[{"id":1902,"href":"https:\/\/evk-hornbach.de\/index.php?rest_route=\/wp\/v2\/pages\/1839\/revisions\/1902"}],"up":[{"embeddable":true,"href":"https:\/\/evk-hornbach.de\/index.php?rest_route=\/wp\/v2\/pages\/1837"}],"wp:featuredmedia":[{"embeddable":true,"href":"https:\/\/evk-hornbach.de\/index.php?rest_route=\/wp\/v2\/media\/1870"}],"wp:attachment":[{"href":"https:\/\/evk-hornbach.de\/index.php?rest_route=%2Fwp%2Fv2%2Fmedia&parent=1839"}],"curies":[{"name":"wp","href":"https:\/\/api.w.org\/{rel}","templated":true}]}}