{"id":1837,"date":"2017-11-25T22:49:10","date_gmt":"2017-11-25T21:49:10","guid":{"rendered":"http:\/\/evk-hornbach.de\/?page_id=1837"},"modified":"2017-11-25T23:18:26","modified_gmt":"2017-11-25T22:18:26","slug":"adventsraetsel-kalender","status":"publish","type":"page","link":"https:\/\/evk-hornbach.de\/?page_id=1837","title":{"rendered":"Adventsr\u00e4tsel-Kalender"},"content":{"rendered":"\r\n\t<div class=\"imgmap-frontend-image\">\r\n\t<div class=\"imgmap-dialog-wrapper\" id=\"imgmap-dialog-1841-1\"><\/div>\r\n\t<img decoding=\"async\" src=\"https:\/\/evk-hornbach.de\/wp-content\/uploads\/2017\/11\/adventskalender-800.jpg\" usemap=\"#imgmap-1841-1\" id=\"imagemap-1841-1\" \/>\r\n\t<map name=\"imgmap-1841-1\"><area data-type=\"\" data-tooltip=\"\" data-fill-color=\"fefefe\" data-fill-opacity=\"0.3\" data-stroke-color=\"fefefe\" data-stroke-opacity=\"0.8\" data-stroke-width=\"2\" data-mapkey=\"area-1865\" shape=\"poly\" coords=\"33,258,33,380,136,380,136,256\" href=\"#\" title=\"\" \/><area data-type=\"\" data-tooltip=\"\" data-fill-color=\"fefefe\" data-fill-opacity=\"0.3\" data-stroke-color=\"fefefe\" data-stroke-opacity=\"0.8\" data-stroke-width=\"2\" data-mapkey=\"area-1864\" shape=\"poly\" coords=\"444,414,444,499,515,501,517,414\" href=\"#\" title=\"\" \/><area data-type=\"\" data-tooltip=\"\" data-fill-color=\"fefefe\" data-fill-opacity=\"0.3\" data-stroke-color=\"fefefe\" data-stroke-opacity=\"0.8\" data-stroke-width=\"2\" data-mapkey=\"area-1863\" shape=\"poly\" coords=\"564,31,563,120,638,119,635,29\" href=\"#\" title=\"\" \/><area data-type=\"\" data-tooltip=\"\" data-fill-color=\"fefefe\" data-fill-opacity=\"0.3\" data-stroke-color=\"fefefe\" data-stroke-opacity=\"0.8\" data-stroke-width=\"2\" data-mapkey=\"area-1862\" shape=\"poly\" coords=\"186,20,186,109,257,107,259,19\" href=\"#\" title=\"\" \/><area data-type=\"link\" data-tooltip=\"\" data-fill-color=\"fefefe\" data-fill-opacity=\"0.3\" data-stroke-color=\"fefefe\" data-stroke-opacity=\"0.8\" data-stroke-width=\"2\" data-mapkey=\"area-1861\" shape=\"poly\" coords=\"540,150,538,238,612,239,611,148\" href=\"https:\/\/evk-hornbach.de\/?page_id=1890\" title=\"\" \/><area data-type=\"\" data-tooltip=\"\" data-fill-color=\"fefefe\" data-fill-opacity=\"0.3\" data-stroke-color=\"fefefe\" data-stroke-opacity=\"0.8\" data-stroke-width=\"2\" data-mapkey=\"area-1860\" shape=\"poly\" coords=\"30,404,30,491,104,493,102,403\" href=\"#\" title=\"\" \/><area data-type=\"\" data-tooltip=\"\" data-fill-color=\"fefefe\" data-fill-opacity=\"0.3\" data-stroke-color=\"fefefe\" data-stroke-opacity=\"0.8\" data-stroke-width=\"2\" data-mapkey=\"area-1859\" shape=\"poly\" coords=\"708,423,707,512,781,512,780,423\" href=\"#\" title=\"\" \/><area data-type=\"\" data-tooltip=\"\" data-fill-color=\"fefefe\" data-fill-opacity=\"0.3\" data-stroke-color=\"fefefe\" data-stroke-opacity=\"0.8\" data-stroke-width=\"2\" data-mapkey=\"area-1858\" shape=\"poly\" coords=\"280,138,281,138,280,228,353,227,352,138\" href=\"#\" title=\"\" \/><area data-type=\"\" data-tooltip=\"\" data-fill-color=\"fefefe\" data-fill-opacity=\"0.3\" data-stroke-color=\"fefefe\" data-stroke-opacity=\"0.8\" data-stroke-width=\"2\" data-mapkey=\"area-1857\" shape=\"poly\" coords=\"33,23,33,111,107,112,106,22\" href=\"#\" title=\"\" \/><area data-type=\"\" data-tooltip=\"\" data-fill-color=\"fefefe\" data-fill-opacity=\"0.3\" data-stroke-color=\"fefefe\" data-stroke-opacity=\"0.8\" data-stroke-width=\"2\" data-mapkey=\"area-1856\" shape=\"poly\" coords=\"419,137,417,225,489,225,490,136\" href=\"#\" title=\"\" \/><area data-type=\"\" data-tooltip=\"\" data-fill-color=\"fefefe\" data-fill-opacity=\"0.3\" data-stroke-color=\"fefefe\" data-stroke-opacity=\"0.8\" data-stroke-width=\"2\" data-mapkey=\"area-1855\" shape=\"poly\" coords=\"170,397,170,486,242,484,243,398\" href=\"#\" title=\"\" \/><area data-type=\"\" data-tooltip=\"\" data-fill-color=\"fefefe\" data-fill-opacity=\"0.3\" data-stroke-color=\"fefefe\" data-stroke-opacity=\"0.8\" data-stroke-width=\"2\" data-mapkey=\"area-1854\" shape=\"poly\" coords=\"329,430,329,518,401,518,400,428\" href=\"#\" title=\"\" \/><area data-type=\"\" data-tooltip=\"\" data-fill-color=\"fefefe\" data-fill-opacity=\"0.3\" data-stroke-color=\"fefefe\" data-stroke-opacity=\"0.8\" data-stroke-width=\"2\" data-mapkey=\"area-1853\" shape=\"poly\" coords=\"292,287,291,374,363,376,363,290\" href=\"#\" title=\"\" \/><area data-type=\"\" data-tooltip=\"\" data-fill-color=\"fefefe\" data-fill-opacity=\"0.3\" data-stroke-color=\"fefefe\" data-stroke-opacity=\"0.8\" data-stroke-width=\"2\" data-mapkey=\"area-1852\" shape=\"poly\" coords=\"564,398,563,485,634,484,638,398\" href=\"#\" title=\"\" \/><area data-type=\"\" data-tooltip=\"\" data-fill-color=\"fefefe\" data-fill-opacity=\"0.3\" data-stroke-color=\"fefefe\" data-stroke-opacity=\"0.8\" data-stroke-width=\"2\" data-mapkey=\"area-1851\" shape=\"poly\" coords=\"457,16,455,107,529,106,528,18\" href=\"#\" title=\"\" \/><area data-type=\"\" data-tooltip=\"\" data-fill-color=\"fefefe\" data-fill-opacity=\"0.3\" data-stroke-color=\"fefefe\" data-stroke-opacity=\"0.8\" data-stroke-width=\"2\" data-mapkey=\"area-1850\" shape=\"poly\" coords=\"640,279,640,364,711,365,712,278\" href=\"#\" title=\"\" \/><area data-type=\"\" data-tooltip=\"\" data-fill-color=\"fefefe\" data-fill-opacity=\"0.3\" data-stroke-color=\"fefefe\" data-stroke-opacity=\"0.8\" data-stroke-width=\"2\" data-mapkey=\"area-1849\" shape=\"poly\" coords=\"662,150,663,235,736,235,734,147\" href=\"#\" title=\"\" \/><area data-type=\"\" data-tooltip=\"\" data-fill-color=\"fefefe\" data-fill-opacity=\"0.3\" data-stroke-color=\"fefefe\" data-stroke-opacity=\"0.8\" data-stroke-width=\"2\" data-mapkey=\"area-1848\" shape=\"poly\" coords=\"347,35,347,121,419,124,419,33\" href=\"#\" title=\"\" \/><area data-type=\"\" data-tooltip=\"\" data-fill-color=\"fefefe\" data-fill-opacity=\"0.3\" data-stroke-color=\"fefefe\" data-stroke-opacity=\"0.8\" data-stroke-width=\"2\" data-mapkey=\"area-1847\" shape=\"poly\" coords=\"160,162,159,252,234,250,233,161\" href=\"#\" title=\"\" \/><area data-type=\"popup\" data-tooltip=\"\" data-fill-color=\"\" data-fill-opacity=\"0\" data-stroke-color=\"\" data-stroke-opacity=\"0\" data-stroke-width=\"0\" data-mapkey=\"area-1846\" shape=\"poly\" coords=\"410,282,408,369,480,368,480,281\" href=\"#\" title=\"\" \/><area data-type=\"link\" data-tooltip=\"\" data-fill-color=\"fefefe\" data-fill-opacity=\"0.3\" data-stroke-color=\"fefefe\" data-stroke-opacity=\"0.8\" data-stroke-width=\"2\" data-mapkey=\"area-1845\" shape=\"poly\" coords=\"708,30,707,115,778,118,777,29\" href=\"https:\/\/evk-hornbach.de\/?page_id=1887\" title=\"\" \/><area data-type=\"link\" data-tooltip=\"\" data-fill-color=\"fefefe\" data-fill-opacity=\"0.3\" data-stroke-color=\"fefefe\" data-stroke-opacity=\"0.8\" data-stroke-width=\"2\" data-mapkey=\"area-1844\" shape=\"poly\" coords=\"535,276,534,367,607,366,607,277\" href=\"https:\/\/evk-hornbach.de\/?page_id=1876\" title=\"\" \/><area data-type=\"link\" data-tooltip=\"\" data-fill-color=\"fefefe\" data-fill-opacity=\"0.3\" data-stroke-color=\"fefefe\" data-stroke-opacity=\"0.8\" data-stroke-width=\"2\" data-mapkey=\"area-1843\" shape=\"poly\" coords=\"189,274,188,361,260,362,262,275\" href=\"https:\/\/evk-hornbach.de\/?page_id=1881\" title=\"\" \/><area data-type=\"link\" data-tooltip=\"\" data-fill-color=\"fefefe\" data-fill-opacity=\"0.3\" data-stroke-color=\"fefefe\" data-stroke-opacity=\"0.8\" data-stroke-width=\"2\" data-mapkey=\"area-1842\" shape=\"poly\" coords=\"50,148,48,234,119,234,121,148\" href=\"https:\/\/evk-hornbach.de\/?page_id=1839\" title=\"\" \/><\/map>\r\n\t<\/div>\n<p>&nbsp;<\/p>\n<p>Musik: Valse - Anonymous (1870)\u00a0 \u00a0&#8211;\u00a0 \u00a0<img class=\"war_soundy_audio_control war_soundy_pp_short_code\">\n","protected":false},"excerpt":{"rendered":"<p>&nbsp; Musik: \u00a0 \u00a0&#8211;\u00a0 \u00a0<\/p>\n","protected":false},"author":2,"featured_media":0,"parent":0,"menu_order":0,"comment_status":"closed","ping_status":"closed","template":"","meta":{"_uag_custom_page_level_css":"","advgb_blocks_editor_width":"","advgb_blocks_columns_visual_guide":"","episode_type":"","audio_file":"","podmotor_file_id":"","podmotor_episode_id":"","cover_image":"","cover_image_id":"","duration":"","filesize":"","filesize_raw":"","date_recorded":"","explicit":"","block":"","cybocfi_hide_featured_image":"","footnotes":""},"class_list":["post-1837","page","type-page","status-publish","hentry","entry"],"uagb_featured_image_src":{"full":false,"thumbnail":false,"medium":false,"medium_large":false,"large":false,"ug_big":false,"1536x1536":false,"2048x2048":false,"post-thumbnail":false},"uagb_author_info":{"display_name":"Christian G\u00fcnther","author_link":"https:\/\/evk-hornbach.de\/?author=2"},"uagb_comment_info":0,"uagb_excerpt":"&nbsp; Musik: \u00a0 \u00a0&#8211;\u00a0 \u00a0","coauthors":[],"author_meta":{"author_link":"https:\/\/evk-hornbach.de\/?author=2","display_name":"Christian G\u00fcnther"},"relative_dates":{"created":"Posted 8\u00a0Jahren ago","modified":"Updated 8\u00a0Jahren ago"},"absolute_dates":{"created":"Posted on 25. November 2017","modified":"Updated on 25. November 2017"},"absolute_dates_time":{"created":"Posted on 25. November 2017 22:49","modified":"Updated on 25. November 2017 23:18"},"featured_img_caption":"","featured_img":false,"series_order":"","jetpack-related-posts":[{"id":1890,"url":"https:\/\/evk-hornbach.de\/?page_id=1890","url_meta":{"origin":1837,"position":0},"title":"Die Quizfrage vom 20. Dezember","author":"Christian G\u00fcnther","date":"26. November 2017","format":false,"excerpt":"Unweihnachtlicher Weihnachts-Popsong Hier die Lieder zum Ansehen ...","rel":"","context":"\u00c4hnlicher Beitrag","block_context":{"text":"\u00c4hnlicher Beitrag","link":""},"img":{"alt_text":"","src":"https:\/\/i0.wp.com\/evk-hornbach.de\/wp-content\/uploads\/2017\/11\/adventskalender-banner.jpg?resize=350%2C200&ssl=1","width":350,"height":200,"srcset":"https:\/\/i0.wp.com\/evk-hornbach.de\/wp-content\/uploads\/2017\/11\/adventskalender-banner.jpg?resize=350%2C200&ssl=1 1x, https:\/\/i0.wp.com\/evk-hornbach.de\/wp-content\/uploads\/2017\/11\/adventskalender-banner.jpg?resize=525%2C300&ssl=1 1.5x, https:\/\/i0.wp.com\/evk-hornbach.de\/wp-content\/uploads\/2017\/11\/adventskalender-banner.jpg?resize=700%2C400&ssl=1 2x, https:\/\/i0.wp.com\/evk-hornbach.de\/wp-content\/uploads\/2017\/11\/adventskalender-banner.jpg?resize=1050%2C600&ssl=1 3x"},"classes":[]},{"id":164,"url":"https:\/\/evk-hornbach.de\/?page_id=164","url_meta":{"origin":1837,"position":1},"title":"Wie man den ganzen Terminkalender f\u00fcr das eigene Smartphone zug\u00e4nglich macht","author":"Christian G\u00fcnther","date":"29. Juli 2016","format":false,"excerpt":"Viele Smartphone-Besitzer h\u00e4tten gerne alles an einem Platz - zB die Termine der Kirchengemeinde in der Kalender-App des eigenen Smartphones oder Tablets. Hierzu muss man am Kalender ganz unten rechts auf die Schaltfl\u00e4che \"Abonnieren\" klicken. Es \u00f6ffnet sich eine Liste mit unterschiedlichen Importierm\u00f6glichkeiten: Wer seine Termine in einen (Windows-)Outlook-Kalender importieren\u2026","rel":"","context":"\u00c4hnlicher Beitrag","block_context":{"text":"\u00c4hnlicher Beitrag","link":""},"img":{"alt_text":"","src":"https:\/\/i0.wp.com\/evk-hornbach.de\/wp-content\/uploads\/2016\/07\/Ktutorial051.jpg?resize=350%2C200&ssl=1","width":350,"height":200,"srcset":"https:\/\/i0.wp.com\/evk-hornbach.de\/wp-content\/uploads\/2016\/07\/Ktutorial051.jpg?resize=350%2C200&ssl=1 1x, https:\/\/i0.wp.com\/evk-hornbach.de\/wp-content\/uploads\/2016\/07\/Ktutorial051.jpg?resize=525%2C300&ssl=1 1.5x, https:\/\/i0.wp.com\/evk-hornbach.de\/wp-content\/uploads\/2016\/07\/Ktutorial051.jpg?resize=700%2C400&ssl=1 2x"},"classes":[]},{"id":132,"url":"https:\/\/evk-hornbach.de\/?page_id=132","url_meta":{"origin":1837,"position":2},"title":"Kurzanleitung zum Terminkalender","author":"Christian G\u00fcnther","date":"29. Juli 2016","format":false,"excerpt":"In dieser Anleitung erfahren Sie, wie man einen bestimmten Zeitraum im Kalender anzeigt. Klicken Sie\u00a0 wie man nur bestimmte Termine anzeigt und die anderen ausblendet. Klicken Sie\u00a0 Wie man Termine auf- und zuklappt. Klicken Sie\u00a0 Wie man Wochen- und Monatsansichten des Kalenders anzeigt. Klicken Sie\u00a0 Wie man den ganzen Kalender\u2026","rel":"","context":"\u00c4hnlicher Beitrag","block_context":{"text":"\u00c4hnlicher Beitrag","link":""},"img":{"alt_text":"Button-hier","src":"https:\/\/i0.wp.com\/evk-hornbach.de\/wp-content\/uploads\/2016\/07\/Button-hier.jpg?resize=350%2C200&ssl=1","width":350,"height":200},"classes":[]},{"id":1876,"url":"https:\/\/evk-hornbach.de\/?page_id=1876","url_meta":{"origin":1837,"position":3},"title":"Die Quizfrage vom 3. Dezember","author":"Christian G\u00fcnther","date":"25. November 2017","format":false,"excerpt":"","rel":"","context":"\u00c4hnlicher Beitrag","block_context":{"text":"\u00c4hnlicher Beitrag","link":""},"img":{"alt_text":"","src":"https:\/\/i0.wp.com\/evk-hornbach.de\/wp-content\/uploads\/2017\/11\/adventskalender-banner.jpg?resize=350%2C200&ssl=1","width":350,"height":200,"srcset":"https:\/\/i0.wp.com\/evk-hornbach.de\/wp-content\/uploads\/2017\/11\/adventskalender-banner.jpg?resize=350%2C200&ssl=1 1x, https:\/\/i0.wp.com\/evk-hornbach.de\/wp-content\/uploads\/2017\/11\/adventskalender-banner.jpg?resize=525%2C300&ssl=1 1.5x, https:\/\/i0.wp.com\/evk-hornbach.de\/wp-content\/uploads\/2017\/11\/adventskalender-banner.jpg?resize=700%2C400&ssl=1 2x, https:\/\/i0.wp.com\/evk-hornbach.de\/wp-content\/uploads\/2017\/11\/adventskalender-banner.jpg?resize=1050%2C600&ssl=1 3x"},"classes":[]},{"id":1887,"url":"https:\/\/evk-hornbach.de\/?page_id=1887","url_meta":{"origin":1837,"position":4},"title":"Die Quizfrage vom 4. Dezember","author":"Christian G\u00fcnther","date":"26. November 2017","format":false,"excerpt":"Spekulatius-Pl\u00e4tzchen backen","rel":"","context":"\u00c4hnlicher Beitrag","block_context":{"text":"\u00c4hnlicher Beitrag","link":""},"img":{"alt_text":"","src":"https:\/\/i0.wp.com\/evk-hornbach.de\/wp-content\/uploads\/2017\/11\/adventskalender-banner.jpg?resize=350%2C200&ssl=1","width":350,"height":200,"srcset":"https:\/\/i0.wp.com\/evk-hornbach.de\/wp-content\/uploads\/2017\/11\/adventskalender-banner.jpg?resize=350%2C200&ssl=1 1x, https:\/\/i0.wp.com\/evk-hornbach.de\/wp-content\/uploads\/2017\/11\/adventskalender-banner.jpg?resize=525%2C300&ssl=1 1.5x, https:\/\/i0.wp.com\/evk-hornbach.de\/wp-content\/uploads\/2017\/11\/adventskalender-banner.jpg?resize=700%2C400&ssl=1 2x, https:\/\/i0.wp.com\/evk-hornbach.de\/wp-content\/uploads\/2017\/11\/adventskalender-banner.jpg?resize=1050%2C600&ssl=1 3x"},"classes":[]},{"id":1839,"url":"https:\/\/evk-hornbach.de\/?page_id=1839","url_meta":{"origin":1837,"position":5},"title":"Die Quizfrage vom 1. Dezember","author":"Christian G\u00fcnther","date":"25. November 2017","format":false,"excerpt":"Eine sch\u00f6ne und friedliche Advents- und Weihnachtszeit ... ... w\u00fcnschen Euch die Kirchengemeinden Hornbach-Brenschelbach und Althornbach!","rel":"","context":"\u00c4hnlicher Beitrag","block_context":{"text":"\u00c4hnlicher Beitrag","link":""},"img":{"alt_text":"","src":"https:\/\/i0.wp.com\/evk-hornbach.de\/wp-content\/uploads\/2017\/11\/adventskalender-banner.jpg?resize=350%2C200&ssl=1","width":350,"height":200,"srcset":"https:\/\/i0.wp.com\/evk-hornbach.de\/wp-content\/uploads\/2017\/11\/adventskalender-banner.jpg?resize=350%2C200&ssl=1 1x, https:\/\/i0.wp.com\/evk-hornbach.de\/wp-content\/uploads\/2017\/11\/adventskalender-banner.jpg?resize=525%2C300&ssl=1 1.5x, https:\/\/i0.wp.com\/evk-hornbach.de\/wp-content\/uploads\/2017\/11\/adventskalender-banner.jpg?resize=700%2C400&ssl=1 2x, https:\/\/i0.wp.com\/evk-hornbach.de\/wp-content\/uploads\/2017\/11\/adventskalender-banner.jpg?resize=1050%2C600&ssl=1 3x"},"classes":[]}],"jetpack_sharing_enabled":true,"publishpress_future_action":{"enabled":false,"date":"2026-04-13 10:33:42","action":"change-status","newStatus":"draft","terms":[],"taxonomy":"","extraData":[]},"publishpress_future_workflow_manual_trigger":{"enabledWorkflows":[]},"_links":{"self":[{"href":"https:\/\/evk-hornbach.de\/index.php?rest_route=\/wp\/v2\/pages\/1837","targetHints":{"allow":["GET"]}}],"collection":[{"href":"https:\/\/evk-hornbach.de\/index.php?rest_route=\/wp\/v2\/pages"}],"about":[{"href":"https:\/\/evk-hornbach.de\/index.php?rest_route=\/wp\/v2\/types\/page"}],"author":[{"embeddable":true,"href":"https:\/\/evk-hornbach.de\/index.php?rest_route=\/wp\/v2\/users\/2"}],"replies":[{"embeddable":true,"href":"https:\/\/evk-hornbach.de\/index.php?rest_route=%2Fwp%2Fv2%2Fcomments&post=1837"}],"version-history":[{"count":6,"href":"https:\/\/evk-hornbach.de\/index.php?rest_route=\/wp\/v2\/pages\/1837\/revisions"}],"predecessor-version":[{"id":1873,"href":"https:\/\/evk-hornbach.de\/index.php?rest_route=\/wp\/v2\/pages\/1837\/revisions\/1873"}],"wp:attachment":[{"href":"https:\/\/evk-hornbach.de\/index.php?rest_route=%2Fwp%2Fv2%2Fmedia&parent=1837"}],"curies":[{"name":"wp","href":"https:\/\/api.w.org\/{rel}","templated":true}]}}