{"id":158,"date":"2016-07-29T22:22:31","date_gmt":"2016-07-29T20:22:31","guid":{"rendered":"http:\/\/evk-hornbach.de\/?page_id=158"},"modified":"2016-07-29T22:22:31","modified_gmt":"2016-07-29T20:22:31","slug":"wie-man-termine-auf-und-zuklappt","status":"publish","type":"page","link":"https:\/\/evk-hornbach.de\/?page_id=158","title":{"rendered":"Wie man Termine auf- und zuklappt"},"content":{"rendered":"<p>In der normalen Listenansicht der Termine werden neben den Kalenderbl\u00e4ttern nur die allerwichtigsten Informationen angezeigt.<br \/>\nMehr erf\u00e4hrt man, wenn man die Termine &#8222;aufklappt&#8220;: Dies geschieht, indem man auf das Pluszeichen im rechten Bereich des Termins klickt:\u00a0<img loading=\"lazy\" decoding=\"async\" class=\"alignnone size-full wp-image-140\" src=\"https:\/\/evk-hornbach.de\/wp-content\/uploads\/2016\/07\/ktutorial031.jpg\" alt=\"ktutorial031\" width=\"864\" height=\"762\" srcset=\"https:\/\/evk-hornbach.de\/wp-content\/uploads\/2016\/07\/ktutorial031.jpg 864w, https:\/\/evk-hornbach.de\/wp-content\/uploads\/2016\/07\/ktutorial031-300x265.jpg 300w, https:\/\/evk-hornbach.de\/wp-content\/uploads\/2016\/07\/ktutorial031-768x677.jpg 768w\" sizes=\"auto, (max-width: 864px) 100vw, 864px\" \/><\/p>\n<p>Der Termin wird aufgeklappt, und das Pluszeichen verwandelt sich in ein Minuszeichen. Wenn man erneut darauf klickt, wird der Termin wieder eingeklappt.<\/p>\n","protected":false},"excerpt":{"rendered":"<p>In der normalen Listenansicht der Termine werden neben den Kalenderbl\u00e4ttern nur die allerwichtigsten Informationen angezeigt. Mehr erf\u00e4hrt man, wenn man die Termine &#8222;aufklappt&#8220;: Dies geschieht, indem man auf das Pluszeichen im rechten Bereich des Termins klickt:\u00a0 Der Termin wird aufgeklappt, und das Pluszeichen verwandelt sich in ein Minuszeichen. Wenn man erneut darauf klickt, wird der&hellip; <a class=\"more-link\" href=\"https:\/\/evk-hornbach.de\/?page_id=158\"><span class=\"screen-reader-text\">Wie man Termine auf- und zuklappt<\/span> weiterlesen<\/a><\/p>\n","protected":false},"author":2,"featured_media":0,"parent":132,"menu_order":0,"comment_status":"closed","ping_status":"closed","template":"","meta":{"_uag_custom_page_level_css":"","advgb_blocks_editor_width":"","advgb_blocks_columns_visual_guide":"","episode_type":"","audio_file":"","podmotor_file_id":"","podmotor_episode_id":"","cover_image":"","cover_image_id":"","duration":"","filesize":"","filesize_raw":"","date_recorded":"","explicit":"","block":"","cybocfi_hide_featured_image":"","footnotes":""},"class_list":["post-158","page","type-page","status-publish","hentry","entry"],"uagb_featured_image_src":{"full":false,"thumbnail":false,"medium":false,"medium_large":false,"large":false,"ug_big":false,"1536x1536":false,"2048x2048":false,"post-thumbnail":false},"uagb_author_info":{"display_name":"Christian G\u00fcnther","author_link":"https:\/\/evk-hornbach.de\/?author=2"},"uagb_comment_info":0,"uagb_excerpt":"In der normalen Listenansicht der Termine werden neben den Kalenderbl\u00e4ttern nur die allerwichtigsten Informationen angezeigt. Mehr erf\u00e4hrt man, wenn man die Termine &#8222;aufklappt&#8220;: Dies geschieht, indem man auf das Pluszeichen im rechten Bereich des Termins klickt:\u00a0 Der Termin wird aufgeklappt, und das Pluszeichen verwandelt sich in ein Minuszeichen. Wenn man erneut darauf klickt, wird der&hellip;&hellip;","coauthors":[],"author_meta":{"author_link":"https:\/\/evk-hornbach.de\/?author=2","display_name":"Christian G\u00fcnther"},"relative_dates":{"created":"Posted 10\u00a0Jahren ago","modified":"Updated 10\u00a0Jahren ago"},"absolute_dates":{"created":"Posted on 29. Juli 2016","modified":"Updated on 29. Juli 2016"},"absolute_dates_time":{"created":"Posted on 29. Juli 2016 22:22","modified":"Updated on 29. Juli 2016 22:22"},"featured_img_caption":"","featured_img":false,"series_order":"","jetpack-related-posts":[{"id":164,"url":"https:\/\/evk-hornbach.de\/?page_id=164","url_meta":{"origin":158,"position":0},"title":"Wie man den ganzen Terminkalender f\u00fcr das eigene Smartphone zug\u00e4nglich macht","author":"Christian G\u00fcnther","date":"29. Juli 2016","format":false,"excerpt":"Viele Smartphone-Besitzer h\u00e4tten gerne alles an einem Platz - zB die Termine der Kirchengemeinde in der Kalender-App des eigenen Smartphones oder Tablets. Hierzu muss man am Kalender ganz unten rechts auf die Schaltfl\u00e4che \"Abonnieren\" klicken. Es \u00f6ffnet sich eine Liste mit unterschiedlichen Importierm\u00f6glichkeiten: Wer seine Termine in einen (Windows-)Outlook-Kalender importieren\u2026","rel":"","context":"\u00c4hnlicher Beitrag","block_context":{"text":"\u00c4hnlicher Beitrag","link":""},"img":{"alt_text":"","src":"https:\/\/i0.wp.com\/evk-hornbach.de\/wp-content\/uploads\/2016\/07\/Ktutorial051.jpg?resize=350%2C200&ssl=1","width":350,"height":200,"srcset":"https:\/\/i0.wp.com\/evk-hornbach.de\/wp-content\/uploads\/2016\/07\/Ktutorial051.jpg?resize=350%2C200&ssl=1 1x, https:\/\/i0.wp.com\/evk-hornbach.de\/wp-content\/uploads\/2016\/07\/Ktutorial051.jpg?resize=525%2C300&ssl=1 1.5x, https:\/\/i0.wp.com\/evk-hornbach.de\/wp-content\/uploads\/2016\/07\/Ktutorial051.jpg?resize=700%2C400&ssl=1 2x"},"classes":[]},{"id":155,"url":"https:\/\/evk-hornbach.de\/?page_id=155","url_meta":{"origin":158,"position":1},"title":"Wie man nur bestimmte Termine anzeigt und die \u00fcbrigen ausblendet","author":"Christian G\u00fcnther","date":"29. Juli 2016","format":false,"excerpt":"Mit Hilfe der Funktion \"Kategorien\" kann man die Terminliste filtern. Zun\u00e4chst muss man auf das Pfeilchen neben \"Kategorien\" klicken. Damit wird die Liste der Kategorien ausgeklappt. Wenn ich zB nur die Veranstaltungen anzeigen will, die in Brenschelbach stattfinden, klicke ich in der Liste auf \"Brenschelbach\": Danach werden alle Termine, die\u2026","rel":"","context":"\u00c4hnlicher Beitrag","block_context":{"text":"\u00c4hnlicher Beitrag","link":""},"img":{"alt_text":"ktutorial021","src":"https:\/\/i0.wp.com\/evk-hornbach.de\/wp-content\/uploads\/2016\/07\/ktutorial021.jpg?resize=350%2C200&ssl=1","width":350,"height":200,"srcset":"https:\/\/i0.wp.com\/evk-hornbach.de\/wp-content\/uploads\/2016\/07\/ktutorial021.jpg?resize=350%2C200&ssl=1 1x, https:\/\/i0.wp.com\/evk-hornbach.de\/wp-content\/uploads\/2016\/07\/ktutorial021.jpg?resize=525%2C300&ssl=1 1.5x, https:\/\/i0.wp.com\/evk-hornbach.de\/wp-content\/uploads\/2016\/07\/ktutorial021.jpg?resize=700%2C400&ssl=1 2x"},"classes":[]},{"id":162,"url":"https:\/\/evk-hornbach.de\/?page_id=162","url_meta":{"origin":158,"position":2},"title":"Wie man eine Monats-Kalenderansicht anzeigt","author":"Christian G\u00fcnther","date":"29. Juli 2016","format":false,"excerpt":"Manchmal ist eine Listenansicht der Termine ganz sch\u00f6n un\u00fcbersichtlich. Da w\u00e4re ein Monatskalender-\u00dcberblick viel besser. Auch das geht - indem man auf den kleinen Pfeil neben \"Liste\" klickt: Dadurch klappt man die Liste mit den m\u00f6glichen Kalenderansichten auf. Nun muss man in der Liste noch die gew\u00fcnschte Ansicht - zB\u2026","rel":"","context":"\u00c4hnlicher Beitrag","block_context":{"text":"\u00c4hnlicher Beitrag","link":""},"img":{"alt_text":"ktutorial041","src":"https:\/\/i0.wp.com\/evk-hornbach.de\/wp-content\/uploads\/2016\/07\/ktutorial041.jpg?resize=350%2C200&ssl=1","width":350,"height":200,"srcset":"https:\/\/i0.wp.com\/evk-hornbach.de\/wp-content\/uploads\/2016\/07\/ktutorial041.jpg?resize=350%2C200&ssl=1 1x, https:\/\/i0.wp.com\/evk-hornbach.de\/wp-content\/uploads\/2016\/07\/ktutorial041.jpg?resize=525%2C300&ssl=1 1.5x, https:\/\/i0.wp.com\/evk-hornbach.de\/wp-content\/uploads\/2016\/07\/ktutorial041.jpg?resize=700%2C400&ssl=1 2x"},"classes":[]},{"id":51115,"url":"https:\/\/evk-hornbach.de\/?page_id=51115","url_meta":{"origin":158,"position":3},"title":"Hornbacher Kirchengeschichte (ultrakurz)","author":"Christian G\u00fcnther","date":"7. November 2024","format":false,"excerpt":"Teil 1: St. Pirminius und die Gr\u00fcndung des Klosters Hornbach Die Geschichte der Kirchengemeinde Hornbach l\u00e4sst sich \u00fcber 1280 Jahre zur\u00fcckverfolgen bis ins Jahr 741. Damals gr\u00fcndete der Wanderm\u00f6nch Pirminius auf r\u00f6mischen Ruinen das Kloster Hornbach und lebte dort, bis er 753 starb. Schon bald darauf wurde er als Heiliger\u2026","rel":"","context":"\u00c4hnlicher Beitrag","block_context":{"text":"\u00c4hnlicher Beitrag","link":""},"img":{"alt_text":"","src":"https:\/\/i0.wp.com\/evk-hornbach.de\/wp-content\/uploads\/2024\/11\/hornbach-center.jpg?resize=350%2C200&ssl=1","width":350,"height":200,"srcset":"https:\/\/i0.wp.com\/evk-hornbach.de\/wp-content\/uploads\/2024\/11\/hornbach-center.jpg?resize=350%2C200&ssl=1 1x, https:\/\/i0.wp.com\/evk-hornbach.de\/wp-content\/uploads\/2024\/11\/hornbach-center.jpg?resize=525%2C300&ssl=1 1.5x, https:\/\/i0.wp.com\/evk-hornbach.de\/wp-content\/uploads\/2024\/11\/hornbach-center.jpg?resize=700%2C400&ssl=1 2x"},"classes":[]},{"id":40667,"url":"https:\/\/evk-hornbach.de\/?page_id=40667","url_meta":{"origin":158,"position":4},"title":"Regelm\u00e4\u00dfige, geistliche Online-Angebote aus der Ev. Kirche der Pfalz","author":"Christian G\u00fcnther","date":"24. Januar 2021","format":false,"excerpt":"Wir Althornbacher, Brenschelbacher, Hornbacher, Mauschbacher, Dietrichinger, Riesweilerer, Gro\u00dfbundenbacher und Bottenbacher sind bei Leibe nicht die einzigen aus der pf\u00e4lzischen Landeskirche, die in der Lockdown-Zeit neue Online-Angebote entwickelt haben. Aber bis vor kurzem wussten wir nur von den paar Angeboten unserer Freunde und Bekannten. Nun wird landeskirchenweit etwas unternommen, und eine\u2026","rel":"","context":"\u00c4hnlicher Beitrag","block_context":{"text":"\u00c4hnlicher Beitrag","link":""},"img":{"alt_text":"","src":"https:\/\/i0.wp.com\/evk-hornbach.de\/wp-content\/uploads\/2021\/01\/Bildschirmfoto-von-2021-01-29-14-27-12.png?resize=350%2C200&ssl=1","width":350,"height":200,"srcset":"https:\/\/i0.wp.com\/evk-hornbach.de\/wp-content\/uploads\/2021\/01\/Bildschirmfoto-von-2021-01-29-14-27-12.png?resize=350%2C200&ssl=1 1x, https:\/\/i0.wp.com\/evk-hornbach.de\/wp-content\/uploads\/2021\/01\/Bildschirmfoto-von-2021-01-29-14-27-12.png?resize=525%2C300&ssl=1 1.5x, https:\/\/i0.wp.com\/evk-hornbach.de\/wp-content\/uploads\/2021\/01\/Bildschirmfoto-von-2021-01-29-14-27-12.png?resize=700%2C400&ssl=1 2x"},"classes":[]},{"id":319,"url":"https:\/\/evk-hornbach.de\/?page_id=319","url_meta":{"origin":158,"position":5},"title":"Termine","author":"Christian G\u00fcnther","date":"27. August 2016","format":false,"excerpt":"Wir freuen uns, den neuen Veranstaltungskalender pr\u00e4sentieren zu k\u00f6nnen! Hier noch zwei Hinweise: Da der Kalender manchmal weiter in die Zukunft reicht als unsere eigene Planung, weisen wir darauf hin, dass nur alle Termine des aktuellen Monats sicher geplant sind (bzw so ca. ab dem 25. eines Monats auch der\u2026","rel":"","context":"\u00c4hnlicher Beitrag","block_context":{"text":"\u00c4hnlicher Beitrag","link":""},"img":{"alt_text":"","src":"","width":0,"height":0},"classes":[]}],"jetpack_sharing_enabled":true,"publishpress_future_action":{"enabled":false,"date":"2026-04-13 08:36:09","action":"change-status","newStatus":"draft","terms":[],"taxonomy":"","extraData":[]},"publishpress_future_workflow_manual_trigger":{"enabledWorkflows":[]},"_links":{"self":[{"href":"https:\/\/evk-hornbach.de\/index.php?rest_route=\/wp\/v2\/pages\/158","targetHints":{"allow":["GET"]}}],"collection":[{"href":"https:\/\/evk-hornbach.de\/index.php?rest_route=\/wp\/v2\/pages"}],"about":[{"href":"https:\/\/evk-hornbach.de\/index.php?rest_route=\/wp\/v2\/types\/page"}],"author":[{"embeddable":true,"href":"https:\/\/evk-hornbach.de\/index.php?rest_route=\/wp\/v2\/users\/2"}],"replies":[{"embeddable":true,"href":"https:\/\/evk-hornbach.de\/index.php?rest_route=%2Fwp%2Fv2%2Fcomments&post=158"}],"version-history":[{"count":2,"href":"https:\/\/evk-hornbach.de\/index.php?rest_route=\/wp\/v2\/pages\/158\/revisions"}],"predecessor-version":[{"id":3616,"href":"https:\/\/evk-hornbach.de\/index.php?rest_route=\/wp\/v2\/pages\/158\/revisions\/3616"}],"up":[{"embeddable":true,"href":"https:\/\/evk-hornbach.de\/index.php?rest_route=\/wp\/v2\/pages\/132"}],"wp:attachment":[{"href":"https:\/\/evk-hornbach.de\/index.php?rest_route=%2Fwp%2Fv2%2Fmedia&parent=158"}],"curies":[{"name":"wp","href":"https:\/\/api.w.org\/{rel}","templated":true}]}}