{"id":155,"date":"2016-07-29T22:17:28","date_gmt":"2016-07-29T20:17:28","guid":{"rendered":"http:\/\/evk-hornbach.de\/?page_id=155"},"modified":"2016-07-29T22:18:42","modified_gmt":"2016-07-29T20:18:42","slug":"wie-man-nur-bestimmte-termine-anzeigt-und-die-uebrigen-ausblendet","status":"publish","type":"page","link":"https:\/\/evk-hornbach.de\/?page_id=155","title":{"rendered":"Wie man nur bestimmte Termine anzeigt und die \u00fcbrigen ausblendet"},"content":{"rendered":"<p>Mit Hilfe der Funktion &#8222;Kategorien&#8220; kann man die Terminliste filtern.<br \/>\nZun\u00e4chst muss man auf das Pfeilchen neben &#8222;Kategorien&#8220; klicken.<\/p>\n<p><img loading=\"lazy\" decoding=\"async\" class=\"alignnone size-full wp-image-136\" src=\"https:\/\/evk-hornbach.de\/wp-content\/uploads\/2016\/07\/ktutorial021.jpg\" alt=\"ktutorial021\" width=\"858\" height=\"378\" srcset=\"https:\/\/evk-hornbach.de\/wp-content\/uploads\/2016\/07\/ktutorial021.jpg 858w, https:\/\/evk-hornbach.de\/wp-content\/uploads\/2016\/07\/ktutorial021-300x132.jpg 300w, https:\/\/evk-hornbach.de\/wp-content\/uploads\/2016\/07\/ktutorial021-768x338.jpg 768w\" sizes=\"auto, (max-width: 858px) 100vw, 858px\" \/><\/p>\n<p>Damit wird die Liste der Kategorien ausgeklappt.<br \/>\nWenn ich zB nur die Veranstaltungen anzeigen will, die in Brenschelbach stattfinden, klicke ich in der Liste auf &#8222;Brenschelbach&#8220;:<\/p>\n<p><img loading=\"lazy\" decoding=\"async\" class=\"alignnone size-full wp-image-137\" src=\"https:\/\/evk-hornbach.de\/wp-content\/uploads\/2016\/07\/ktutorial022.jpg\" alt=\"ktutorial022\" width=\"853\" height=\"382\" srcset=\"https:\/\/evk-hornbach.de\/wp-content\/uploads\/2016\/07\/ktutorial022.jpg 853w, https:\/\/evk-hornbach.de\/wp-content\/uploads\/2016\/07\/ktutorial022-300x134.jpg 300w, https:\/\/evk-hornbach.de\/wp-content\/uploads\/2016\/07\/ktutorial022-768x344.jpg 768w\" sizes=\"auto, (max-width: 853px) 100vw, 853px\" \/><\/p>\n<p>Danach werden alle Termine, die nicht in Brenschelbach stattfinden, ausgeblendet.<\/p>\n<p><img loading=\"lazy\" decoding=\"async\" class=\"alignnone size-full wp-image-138\" src=\"https:\/\/evk-hornbach.de\/wp-content\/uploads\/2016\/07\/ktutorial023.jpg\" alt=\"ktutorial023\" width=\"858\" height=\"463\" srcset=\"https:\/\/evk-hornbach.de\/wp-content\/uploads\/2016\/07\/ktutorial023.jpg 858w, https:\/\/evk-hornbach.de\/wp-content\/uploads\/2016\/07\/ktutorial023-300x162.jpg 300w, https:\/\/evk-hornbach.de\/wp-content\/uploads\/2016\/07\/ktutorial023-768x414.jpg 768w\" sizes=\"auto, (max-width: 858px) 100vw, 858px\" \/><\/p>\n<p>Um danach wieder die \u00fcbrigen\u00a0Termine anzuzeigen, muss man auf das &#8222;x&#8220; vor &#8222;Kategorien&#8220; klicken.<\/p>\n","protected":false},"excerpt":{"rendered":"<p>Mit Hilfe der Funktion &#8222;Kategorien&#8220; kann man die Terminliste filtern. Zun\u00e4chst muss man auf das Pfeilchen neben &#8222;Kategorien&#8220; klicken. Damit wird die Liste der Kategorien ausgeklappt. Wenn ich zB nur die Veranstaltungen anzeigen will, die in Brenschelbach stattfinden, klicke ich in der Liste auf &#8222;Brenschelbach&#8220;: Danach werden alle Termine, die nicht in Brenschelbach stattfinden, ausgeblendet.&hellip; <a class=\"more-link\" href=\"https:\/\/evk-hornbach.de\/?page_id=155\"><span class=\"screen-reader-text\">Wie man nur bestimmte Termine anzeigt und die \u00fcbrigen ausblendet<\/span> weiterlesen<\/a><\/p>\n","protected":false},"author":2,"featured_media":0,"parent":132,"menu_order":0,"comment_status":"closed","ping_status":"closed","template":"","meta":{"_uag_custom_page_level_css":"","advgb_blocks_editor_width":"","advgb_blocks_columns_visual_guide":"","episode_type":"","audio_file":"","podmotor_file_id":"","podmotor_episode_id":"","cover_image":"","cover_image_id":"","duration":"","filesize":"","filesize_raw":"","date_recorded":"","explicit":"","block":"","cybocfi_hide_featured_image":"","footnotes":""},"class_list":["post-155","page","type-page","status-publish","hentry","entry"],"uagb_featured_image_src":{"full":false,"thumbnail":false,"medium":false,"medium_large":false,"large":false,"ug_big":false,"1536x1536":false,"2048x2048":false,"post-thumbnail":false},"uagb_author_info":{"display_name":"Christian G\u00fcnther","author_link":"https:\/\/evk-hornbach.de\/?author=2"},"uagb_comment_info":0,"uagb_excerpt":"Mit Hilfe der Funktion &#8222;Kategorien&#8220; kann man die Terminliste filtern. Zun\u00e4chst muss man auf das Pfeilchen neben &#8222;Kategorien&#8220; klicken. Damit wird die Liste der Kategorien ausgeklappt. Wenn ich zB nur die Veranstaltungen anzeigen will, die in Brenschelbach stattfinden, klicke ich in der Liste auf &#8222;Brenschelbach&#8220;: Danach werden alle Termine, die nicht in Brenschelbach stattfinden, ausgeblendet.&hellip;&hellip;","coauthors":[],"author_meta":{"author_link":"https:\/\/evk-hornbach.de\/?author=2","display_name":"Christian G\u00fcnther"},"relative_dates":{"created":"Posted 10\u00a0Jahren ago","modified":"Updated 10\u00a0Jahren ago"},"absolute_dates":{"created":"Posted on 29. Juli 2016","modified":"Updated on 29. Juli 2016"},"absolute_dates_time":{"created":"Posted on 29. Juli 2016 22:17","modified":"Updated on 29. Juli 2016 22:18"},"featured_img_caption":"","featured_img":false,"series_order":"","jetpack-related-posts":[{"id":40667,"url":"https:\/\/evk-hornbach.de\/?page_id=40667","url_meta":{"origin":155,"position":0},"title":"Regelm\u00e4\u00dfige, geistliche Online-Angebote aus der Ev. Kirche der Pfalz","author":"Christian G\u00fcnther","date":"24. Januar 2021","format":false,"excerpt":"Wir Althornbacher, Brenschelbacher, Hornbacher, Mauschbacher, Dietrichinger, Riesweilerer, Gro\u00dfbundenbacher und Bottenbacher sind bei Leibe nicht die einzigen aus der pf\u00e4lzischen Landeskirche, die in der Lockdown-Zeit neue Online-Angebote entwickelt haben. Aber bis vor kurzem wussten wir nur von den paar Angeboten unserer Freunde und Bekannten. Nun wird landeskirchenweit etwas unternommen, und eine\u2026","rel":"","context":"\u00c4hnlicher Beitrag","block_context":{"text":"\u00c4hnlicher Beitrag","link":""},"img":{"alt_text":"","src":"https:\/\/i0.wp.com\/evk-hornbach.de\/wp-content\/uploads\/2021\/01\/Bildschirmfoto-von-2021-01-29-14-27-12.png?resize=350%2C200&ssl=1","width":350,"height":200,"srcset":"https:\/\/i0.wp.com\/evk-hornbach.de\/wp-content\/uploads\/2021\/01\/Bildschirmfoto-von-2021-01-29-14-27-12.png?resize=350%2C200&ssl=1 1x, https:\/\/i0.wp.com\/evk-hornbach.de\/wp-content\/uploads\/2021\/01\/Bildschirmfoto-von-2021-01-29-14-27-12.png?resize=525%2C300&ssl=1 1.5x, https:\/\/i0.wp.com\/evk-hornbach.de\/wp-content\/uploads\/2021\/01\/Bildschirmfoto-von-2021-01-29-14-27-12.png?resize=700%2C400&ssl=1 2x"},"classes":[]},{"id":164,"url":"https:\/\/evk-hornbach.de\/?page_id=164","url_meta":{"origin":155,"position":1},"title":"Wie man den ganzen Terminkalender f\u00fcr das eigene Smartphone zug\u00e4nglich macht","author":"Christian G\u00fcnther","date":"29. Juli 2016","format":false,"excerpt":"Viele Smartphone-Besitzer h\u00e4tten gerne alles an einem Platz - zB die Termine der Kirchengemeinde in der Kalender-App des eigenen Smartphones oder Tablets. Hierzu muss man am Kalender ganz unten rechts auf die Schaltfl\u00e4che \"Abonnieren\" klicken. Es \u00f6ffnet sich eine Liste mit unterschiedlichen Importierm\u00f6glichkeiten: Wer seine Termine in einen (Windows-)Outlook-Kalender importieren\u2026","rel":"","context":"\u00c4hnlicher Beitrag","block_context":{"text":"\u00c4hnlicher Beitrag","link":""},"img":{"alt_text":"","src":"https:\/\/i0.wp.com\/evk-hornbach.de\/wp-content\/uploads\/2016\/07\/Ktutorial051.jpg?resize=350%2C200&ssl=1","width":350,"height":200,"srcset":"https:\/\/i0.wp.com\/evk-hornbach.de\/wp-content\/uploads\/2016\/07\/Ktutorial051.jpg?resize=350%2C200&ssl=1 1x, https:\/\/i0.wp.com\/evk-hornbach.de\/wp-content\/uploads\/2016\/07\/Ktutorial051.jpg?resize=525%2C300&ssl=1 1.5x, https:\/\/i0.wp.com\/evk-hornbach.de\/wp-content\/uploads\/2016\/07\/Ktutorial051.jpg?resize=700%2C400&ssl=1 2x"},"classes":[]},{"id":211,"url":"https:\/\/evk-hornbach.de\/?page_id=211","url_meta":{"origin":155,"position":2},"title":"Protestantisches Pfarramt Hornbach","author":"Christian G\u00fcnther","date":"31. Juli 2016","format":false,"excerpt":"Zum Protestantischen Pfarramt Hornbach geh\u00f6ren zwei Kirchengemeinden: Hornbach-Brenschelbach (mit den Orten Hornbach, Mauschbach, Dietrichingen, Brenschelbach und Riesweiler) Althornbach Eine Liste der Hornbacher Gemeindepfarrer (seit 1900) finden Sie hier. Die Zust\u00e4ndigkeit f\u00fcr Althornbach wechselte mehrfach zwischen der Pfarrei Hornbach und Rimschweiler. Seitdem 2014 die Pfarreien Mittelbach und Rimschweiler zusammengelegt wurden, wechselte\u2026","rel":"","context":"\u00c4hnlicher Beitrag","block_context":{"text":"\u00c4hnlicher Beitrag","link":""},"img":{"alt_text":"","src":"https:\/\/i0.wp.com\/evk-hornbach.de\/wp-content\/uploads\/2019\/11\/Karte-Pfarrei-Hornbach-1024x749.png?resize=350%2C200&ssl=1","width":350,"height":200,"srcset":"https:\/\/i0.wp.com\/evk-hornbach.de\/wp-content\/uploads\/2019\/11\/Karte-Pfarrei-Hornbach-1024x749.png?resize=350%2C200&ssl=1 1x, https:\/\/i0.wp.com\/evk-hornbach.de\/wp-content\/uploads\/2019\/11\/Karte-Pfarrei-Hornbach-1024x749.png?resize=525%2C300&ssl=1 1.5x, https:\/\/i0.wp.com\/evk-hornbach.de\/wp-content\/uploads\/2019\/11\/Karte-Pfarrei-Hornbach-1024x749.png?resize=700%2C400&ssl=1 2x"},"classes":[]},{"id":162,"url":"https:\/\/evk-hornbach.de\/?page_id=162","url_meta":{"origin":155,"position":3},"title":"Wie man eine Monats-Kalenderansicht anzeigt","author":"Christian G\u00fcnther","date":"29. Juli 2016","format":false,"excerpt":"Manchmal ist eine Listenansicht der Termine ganz sch\u00f6n un\u00fcbersichtlich. Da w\u00e4re ein Monatskalender-\u00dcberblick viel besser. Auch das geht - indem man auf den kleinen Pfeil neben \"Liste\" klickt: Dadurch klappt man die Liste mit den m\u00f6glichen Kalenderansichten auf. Nun muss man in der Liste noch die gew\u00fcnschte Ansicht - zB\u2026","rel":"","context":"\u00c4hnlicher Beitrag","block_context":{"text":"\u00c4hnlicher Beitrag","link":""},"img":{"alt_text":"ktutorial041","src":"https:\/\/i0.wp.com\/evk-hornbach.de\/wp-content\/uploads\/2016\/07\/ktutorial041.jpg?resize=350%2C200&ssl=1","width":350,"height":200,"srcset":"https:\/\/i0.wp.com\/evk-hornbach.de\/wp-content\/uploads\/2016\/07\/ktutorial041.jpg?resize=350%2C200&ssl=1 1x, https:\/\/i0.wp.com\/evk-hornbach.de\/wp-content\/uploads\/2016\/07\/ktutorial041.jpg?resize=525%2C300&ssl=1 1.5x, https:\/\/i0.wp.com\/evk-hornbach.de\/wp-content\/uploads\/2016\/07\/ktutorial041.jpg?resize=700%2C400&ssl=1 2x"},"classes":[]},{"id":158,"url":"https:\/\/evk-hornbach.de\/?page_id=158","url_meta":{"origin":155,"position":4},"title":"Wie man Termine auf- und zuklappt","author":"Christian G\u00fcnther","date":"29. Juli 2016","format":false,"excerpt":"In der normalen Listenansicht der Termine werden neben den Kalenderbl\u00e4ttern nur die allerwichtigsten Informationen angezeigt. Mehr erf\u00e4hrt man, wenn man die Termine \"aufklappt\": Dies geschieht, indem man auf das Pluszeichen im rechten Bereich des Termins klickt:\u00a0 Der Termin wird aufgeklappt, und das Pluszeichen verwandelt sich in ein Minuszeichen. Wenn man\u2026","rel":"","context":"\u00c4hnlicher Beitrag","block_context":{"text":"\u00c4hnlicher Beitrag","link":""},"img":{"alt_text":"ktutorial031","src":"https:\/\/i0.wp.com\/evk-hornbach.de\/wp-content\/uploads\/2016\/07\/ktutorial031.jpg?resize=350%2C200&ssl=1","width":350,"height":200,"srcset":"https:\/\/i0.wp.com\/evk-hornbach.de\/wp-content\/uploads\/2016\/07\/ktutorial031.jpg?resize=350%2C200&ssl=1 1x, https:\/\/i0.wp.com\/evk-hornbach.de\/wp-content\/uploads\/2016\/07\/ktutorial031.jpg?resize=525%2C300&ssl=1 1.5x, https:\/\/i0.wp.com\/evk-hornbach.de\/wp-content\/uploads\/2016\/07\/ktutorial031.jpg?resize=700%2C400&ssl=1 2x"},"classes":[]},{"id":132,"url":"https:\/\/evk-hornbach.de\/?page_id=132","url_meta":{"origin":155,"position":5},"title":"Kurzanleitung zum Terminkalender","author":"Christian G\u00fcnther","date":"29. Juli 2016","format":false,"excerpt":"In dieser Anleitung erfahren Sie, wie man einen bestimmten Zeitraum im Kalender anzeigt. Klicken Sie\u00a0 wie man nur bestimmte Termine anzeigt und die anderen ausblendet. Klicken Sie\u00a0 Wie man Termine auf- und zuklappt. Klicken Sie\u00a0 Wie man Wochen- und Monatsansichten des Kalenders anzeigt. Klicken Sie\u00a0 Wie man den ganzen Kalender\u2026","rel":"","context":"\u00c4hnlicher Beitrag","block_context":{"text":"\u00c4hnlicher Beitrag","link":""},"img":{"alt_text":"Button-hier","src":"https:\/\/i0.wp.com\/evk-hornbach.de\/wp-content\/uploads\/2016\/07\/Button-hier.jpg?resize=350%2C200&ssl=1","width":350,"height":200},"classes":[]}],"jetpack_sharing_enabled":true,"publishpress_future_action":{"enabled":false,"date":"2026-04-13 08:35:39","action":"change-status","newStatus":"draft","terms":[],"taxonomy":"","extraData":[]},"publishpress_future_workflow_manual_trigger":{"enabledWorkflows":[]},"_links":{"self":[{"href":"https:\/\/evk-hornbach.de\/index.php?rest_route=\/wp\/v2\/pages\/155","targetHints":{"allow":["GET"]}}],"collection":[{"href":"https:\/\/evk-hornbach.de\/index.php?rest_route=\/wp\/v2\/pages"}],"about":[{"href":"https:\/\/evk-hornbach.de\/index.php?rest_route=\/wp\/v2\/types\/page"}],"author":[{"embeddable":true,"href":"https:\/\/evk-hornbach.de\/index.php?rest_route=\/wp\/v2\/users\/2"}],"replies":[{"embeddable":true,"href":"https:\/\/evk-hornbach.de\/index.php?rest_route=%2Fwp%2Fv2%2Fcomments&post=155"}],"version-history":[{"count":1,"href":"https:\/\/evk-hornbach.de\/index.php?rest_route=\/wp\/v2\/pages\/155\/revisions"}],"predecessor-version":[{"id":157,"href":"https:\/\/evk-hornbach.de\/index.php?rest_route=\/wp\/v2\/pages\/155\/revisions\/157"}],"up":[{"embeddable":true,"href":"https:\/\/evk-hornbach.de\/index.php?rest_route=\/wp\/v2\/pages\/132"}],"wp:attachment":[{"href":"https:\/\/evk-hornbach.de\/index.php?rest_route=%2Fwp%2Fv2%2Fmedia&parent=155"}],"curies":[{"name":"wp","href":"https:\/\/api.w.org\/{rel}","templated":true}]}}